{"id":18310,"date":"2020-11-24T11:15:07","date_gmt":"2020-11-24T10:15:07","guid":{"rendered":"http:\/\/tapedesign.sw763nap.at.edis.global\/product\/chaussettes-allround-classic-enfants\/"},"modified":"2026-01-22T13:38:08","modified_gmt":"2026-01-22T12:38:08","slug":"chaussettes-allround-classic-enfants","status":"publish","type":"product","link":"https:\/\/www.tape-design.com\/fr\/produit\/chaussettes-allround-classic-enfants\/","title":{"rendered":"Chaussettes Allround Classic Enfants"},"content":{"rendered":"<p><strong>Les chaussettes sp\u00e9ciales antid\u00e9rapantes \u201cClassic\u201d impressionnent par leur fonctionnalit\u00e9 et leur innovation. Que ce soit dans le sport de haut niveau ou dans le domaine des loisirs \u2013 toujours une longueur d\u2019avance !<\/strong><\/p>\n<p>Il s\u2019agit d\u2019une chaussette sp\u00e9ciale qui offre une meilleure adh\u00e9rence et une plus grande souplesse, quelle que soit la chaussure que vous portez. Gr\u00e2ce \u00e0 la composition sp\u00e9ciale du mat\u00e9riau, les chaussettes sont tr\u00e8s confortables et en m\u00eame temps extr\u00eamement \u00e9lastiques \u2013 elles s\u2019adaptent donc \u00e0 chaque pied de mani\u00e8re ergonomique.<\/p>\n<ul>\n<li>ENFANTS-Size (Gr. 30 \u2013 36) en raison d\u2019un traitement sp\u00e9cial du mat\u00e9riau de tr\u00e8s haute qualit\u00e9<\/li>\n<li>n\u0153uds en caoutchouc sp\u00e9cialement plac\u00e9s \u00e0 l\u2019ext\u00e9rieur en forme de pied ergonomique pour une tenue parfaite dans la chaussure<\/li>\n<li>meilleur confort de port gr\u00e2ce \u00e0 un travail de haute qualit\u00e9<\/li>\n<li>Test\u00e9 par des athl\u00e8tes professionnels et amateurs dans toutes sortes de sports (par exemple, football, tennis, handball, volley-ball, etc.) et jug\u00e9 excellent<\/li>\n<\/ul>\n<p>Sentez la diff\u00e9rence !<\/p>\n","protected":false},"excerpt":{"rendered":"<p>Les chaussettes sp\u00e9ciales antid\u00e9rapantes \u201cClassic\u201d impressionnent par leur fonctionnalit\u00e9 et leur innovation. Que ce soit dans le sport de haut niveau ou dans le domaine des loisirs \u2013 toujours une&hellip;<\/p>\n","protected":false},"featured_media":74094,"template":"","meta":{"_acf_changed":false},"product_cat":[3104,1377,1302,1318],"product_tag":[],"giftcard-category":[],"class_list":{"0":"post-18310","1":"product","2":"type-product","3":"status-publish","4":"has-post-thumbnail","6":"product_cat-kids-fr","7":"product_cat-chaussettes-fr","8":"product_cat-all-fr","9":"product_cat-classic-socks-fr","11":"first","12":"instock","13":"taxable","14":"shipping-taxable","15":"purchasable","16":"product-type-variable","17":"has-default-attributes"},"bundled_by":["134876","135476","142740"],"bundle_stock_status":"instock","bundle_stock_quantity":null,"bundle_virtual":false,"bundle_layout":"","bundle_add_to_cart_form_location":"","bundle_editable_in_cart":false,"bundle_sold_individually_context":"","bundle_item_grouping":"","bundle_min_size":"","bundle_max_size":"","bundle_price":[],"bundled_items":[],"bundle_sell_ids":[],"exclude_global_add_ons":[],"addons":[],"acf":[],"yoast_head":"<title>Chaussettes Allround Classic Enfants - TAPEDESIGN<\/title>\n<meta name=\"robots\" content=\"index, follow, max-snippet:-1, max-image-preview:large, max-video-preview:-1\" \/>\n<link rel=\"canonical\" href=\"https:\/\/www.tape-design.com\/fr\/produit\/chaussettes-allround-classic-enfants\/\" \/>\n<meta property=\"og:locale\" content=\"fr_FR\" \/>\n<meta property=\"og:type\" content=\"article\" \/>\n<meta property=\"og:title\" content=\"Chaussettes Allround Classic Enfants - TAPEDESIGN\" \/>\n<meta property=\"og:description\" content=\"Les chaussettes sp\u00e9ciales antid\u00e9rapantes \u201cClassic\u201d impressionnent par leur fonctionnalit\u00e9 et leur innovation. Que ce soit dans le sport de haut niveau ou dans le domaine des loisirs \u2013 toujours une&hellip;\" \/>\n<meta property=\"og:url\" content=\"https:\/\/www.tape-design.com\/fr\/produit\/chaussettes-allround-classic-enfants\/\" \/>\n<meta property=\"og:site_name\" content=\"TAPEDESIGN\" \/>\n<meta property=\"article:publisher\" content=\"https:\/\/www.facebook.com\/tapedesigncom\/\" \/>\n<meta property=\"article:modified_time\" content=\"2026-01-22T12:38:08+00:00\" \/>\n<meta property=\"og:image\" content=\"https:\/\/www.tape-design.com\/app\/uploads\/2020\/11\/TD_CRM_2023_TAPEDESIGN_KIDS_SOCKS_NEW_2023.jpg\" \/>\n\t<meta property=\"og:image:width\" content=\"1080\" \/>\n\t<meta property=\"og:image:height\" content=\"1080\" \/>\n\t<meta property=\"og:image:type\" content=\"image\/jpeg\" \/>\n<meta name=\"twitter:card\" content=\"summary_large_image\" \/>\n<meta name=\"twitter:label1\" content=\"Dur\u00e9e de lecture estim\u00e9e\" \/>\n\t<meta name=\"twitter:data1\" content=\"1 minute\" \/>\n<script type=\"application\/ld+json\" class=\"yoast-schema-graph\">{\"@context\":\"https:\/\/schema.org\",\"@graph\":[{\"@type\":\"WebPage\",\"@id\":\"https:\/\/www.tape-design.com\/fr\/produit\/chaussettes-allround-classic-enfants\/\",\"url\":\"https:\/\/www.tape-design.com\/fr\/produit\/chaussettes-allround-classic-enfants\/\",\"name\":\"Chaussettes Allround Classic Enfants - TAPEDESIGN\",\"isPartOf\":{\"@id\":\"https:\/\/www.tape-design.com\/#website\"},\"primaryImageOfPage\":{\"@id\":\"https:\/\/www.tape-design.com\/fr\/produit\/chaussettes-allround-classic-enfants\/#primaryimage\"},\"image\":{\"@id\":\"https:\/\/www.tape-design.com\/fr\/produit\/chaussettes-allround-classic-enfants\/#primaryimage\"},\"thumbnailUrl\":\"https:\/\/www.tape-design.com\/app\/uploads\/2020\/11\/TD_CRM_2023_TAPEDESIGN_KIDS_SOCKS_NEW_2023.jpg\",\"datePublished\":\"2020-11-24T10:15:07+00:00\",\"dateModified\":\"2026-01-22T12:38:08+00:00\",\"breadcrumb\":{\"@id\":\"https:\/\/www.tape-design.com\/fr\/produit\/chaussettes-allround-classic-enfants\/#breadcrumb\"},\"inLanguage\":\"fr-FR\",\"potentialAction\":[{\"@type\":\"ReadAction\",\"target\":[\"https:\/\/www.tape-design.com\/fr\/produit\/chaussettes-allround-classic-enfants\/\"]}]},{\"@type\":\"ImageObject\",\"inLanguage\":\"fr-FR\",\"@id\":\"https:\/\/www.tape-design.com\/fr\/produit\/chaussettes-allround-classic-enfants\/#primaryimage\",\"url\":\"https:\/\/www.tape-design.com\/app\/uploads\/2020\/11\/TD_CRM_2023_TAPEDESIGN_KIDS_SOCKS_NEW_2023.jpg\",\"contentUrl\":\"https:\/\/www.tape-design.com\/app\/uploads\/2020\/11\/TD_CRM_2023_TAPEDESIGN_KIDS_SOCKS_NEW_2023.jpg\",\"width\":1080,\"height\":1080},{\"@type\":\"BreadcrumbList\",\"@id\":\"https:\/\/www.tape-design.com\/fr\/produit\/chaussettes-allround-classic-enfants\/#breadcrumb\",\"itemListElement\":[{\"@type\":\"ListItem\",\"position\":1,\"name\":\"Home\",\"item\":\"https:\/\/www.tape-design.com\/fr\/\"},{\"@type\":\"ListItem\",\"position\":2,\"name\":\"Shop\",\"item\":\"https:\/\/www.tape-design.com\/fr\/shop\/\"},{\"@type\":\"ListItem\",\"position\":3,\"name\":\"Chaussettes Allround Classic Enfants\"}]},{\"@type\":\"WebSite\",\"@id\":\"https:\/\/www.tape-design.com\/#website\",\"url\":\"https:\/\/www.tape-design.com\/\",\"name\":\"TAPEDESIGN\",\"description\":\"Always a step ahead\",\"publisher\":{\"@id\":\"https:\/\/www.tape-design.com\/#organization\"},\"potentialAction\":[{\"@type\":\"SearchAction\",\"target\":{\"@type\":\"EntryPoint\",\"urlTemplate\":\"https:\/\/www.tape-design.com\/?s={search_term_string}\"},\"query-input\":{\"@type\":\"PropertyValueSpecification\",\"valueRequired\":true,\"valueName\":\"search_term_string\"}}],\"inLanguage\":\"fr-FR\"},{\"@type\":\"Organization\",\"@id\":\"https:\/\/www.tape-design.com\/#organization\",\"name\":\"TAPEDESIGN\",\"url\":\"https:\/\/www.tape-design.com\/\",\"logo\":{\"@type\":\"ImageObject\",\"inLanguage\":\"fr-FR\",\"@id\":\"https:\/\/www.tape-design.com\/#\/schema\/logo\/image\/\",\"url\":\"https:\/\/www.tape-design.com\/app\/uploads\/2020\/11\/Logosmall.png\",\"contentUrl\":\"https:\/\/www.tape-design.com\/app\/uploads\/2020\/11\/Logosmall.png\",\"width\":340,\"height\":156,\"caption\":\"TAPEDESIGN\"},\"image\":{\"@id\":\"https:\/\/www.tape-design.com\/#\/schema\/logo\/image\/\"},\"sameAs\":[\"https:\/\/www.facebook.com\/tapedesigncom\/\",\"https:\/\/www.instagram.com\/tapedesign_socks\/?hl=de\"]}]}<\/script>","yoast_head_json":{"title":"Chaussettes Allround Classic Enfants - TAPEDESIGN","robots":{"index":"index","follow":"follow","max-snippet":"max-snippet:-1","max-image-preview":"max-image-preview:large","max-video-preview":"max-video-preview:-1"},"canonical":"https:\/\/www.tape-design.com\/fr\/produit\/chaussettes-allround-classic-enfants\/","og_locale":"fr_FR","og_type":"article","og_title":"Chaussettes Allround Classic Enfants - TAPEDESIGN","og_description":"Les chaussettes sp\u00e9ciales antid\u00e9rapantes \u201cClassic\u201d impressionnent par leur fonctionnalit\u00e9 et leur innovation. Que ce soit dans le sport de haut niveau ou dans le domaine des loisirs \u2013 toujours une&hellip;","og_url":"https:\/\/www.tape-design.com\/fr\/produit\/chaussettes-allround-classic-enfants\/","og_site_name":"TAPEDESIGN","article_publisher":"https:\/\/www.facebook.com\/tapedesigncom\/","article_modified_time":"2026-01-22T12:38:08+00:00","og_image":[{"width":1080,"height":1080,"url":"https:\/\/www.tape-design.com\/app\/uploads\/2020\/11\/TD_CRM_2023_TAPEDESIGN_KIDS_SOCKS_NEW_2023.jpg","type":"image\/jpeg"}],"twitter_card":"summary_large_image","twitter_misc":{"Dur\u00e9e de lecture estim\u00e9e":"1 minute"},"schema":{"@context":"https:\/\/schema.org","@graph":[{"@type":"WebPage","@id":"https:\/\/www.tape-design.com\/fr\/produit\/chaussettes-allround-classic-enfants\/","url":"https:\/\/www.tape-design.com\/fr\/produit\/chaussettes-allround-classic-enfants\/","name":"Chaussettes Allround Classic Enfants - TAPEDESIGN","isPartOf":{"@id":"https:\/\/www.tape-design.com\/#website"},"primaryImageOfPage":{"@id":"https:\/\/www.tape-design.com\/fr\/produit\/chaussettes-allround-classic-enfants\/#primaryimage"},"image":{"@id":"https:\/\/www.tape-design.com\/fr\/produit\/chaussettes-allround-classic-enfants\/#primaryimage"},"thumbnailUrl":"https:\/\/www.tape-design.com\/app\/uploads\/2020\/11\/TD_CRM_2023_TAPEDESIGN_KIDS_SOCKS_NEW_2023.jpg","datePublished":"2020-11-24T10:15:07+00:00","dateModified":"2026-01-22T12:38:08+00:00","breadcrumb":{"@id":"https:\/\/www.tape-design.com\/fr\/produit\/chaussettes-allround-classic-enfants\/#breadcrumb"},"inLanguage":"fr-FR","potentialAction":[{"@type":"ReadAction","target":["https:\/\/www.tape-design.com\/fr\/produit\/chaussettes-allround-classic-enfants\/"]}]},{"@type":"ImageObject","inLanguage":"fr-FR","@id":"https:\/\/www.tape-design.com\/fr\/produit\/chaussettes-allround-classic-enfants\/#primaryimage","url":"https:\/\/www.tape-design.com\/app\/uploads\/2020\/11\/TD_CRM_2023_TAPEDESIGN_KIDS_SOCKS_NEW_2023.jpg","contentUrl":"https:\/\/www.tape-design.com\/app\/uploads\/2020\/11\/TD_CRM_2023_TAPEDESIGN_KIDS_SOCKS_NEW_2023.jpg","width":1080,"height":1080},{"@type":"BreadcrumbList","@id":"https:\/\/www.tape-design.com\/fr\/produit\/chaussettes-allround-classic-enfants\/#breadcrumb","itemListElement":[{"@type":"ListItem","position":1,"name":"Home","item":"https:\/\/www.tape-design.com\/fr\/"},{"@type":"ListItem","position":2,"name":"Shop","item":"https:\/\/www.tape-design.com\/fr\/shop\/"},{"@type":"ListItem","position":3,"name":"Chaussettes Allround Classic Enfants"}]},{"@type":"WebSite","@id":"https:\/\/www.tape-design.com\/#website","url":"https:\/\/www.tape-design.com\/","name":"TAPEDESIGN","description":"Always a step ahead","publisher":{"@id":"https:\/\/www.tape-design.com\/#organization"},"potentialAction":[{"@type":"SearchAction","target":{"@type":"EntryPoint","urlTemplate":"https:\/\/www.tape-design.com\/?s={search_term_string}"},"query-input":{"@type":"PropertyValueSpecification","valueRequired":true,"valueName":"search_term_string"}}],"inLanguage":"fr-FR"},{"@type":"Organization","@id":"https:\/\/www.tape-design.com\/#organization","name":"TAPEDESIGN","url":"https:\/\/www.tape-design.com\/","logo":{"@type":"ImageObject","inLanguage":"fr-FR","@id":"https:\/\/www.tape-design.com\/#\/schema\/logo\/image\/","url":"https:\/\/www.tape-design.com\/app\/uploads\/2020\/11\/Logosmall.png","contentUrl":"https:\/\/www.tape-design.com\/app\/uploads\/2020\/11\/Logosmall.png","width":340,"height":156,"caption":"TAPEDESIGN"},"image":{"@id":"https:\/\/www.tape-design.com\/#\/schema\/logo\/image\/"},"sameAs":["https:\/\/www.facebook.com\/tapedesigncom\/","https:\/\/www.instagram.com\/tapedesign_socks\/?hl=de"]}]}},"_links":{"self":[{"href":"https:\/\/www.tape-design.com\/fr\/wp-json\/wp\/v2\/product\/18310","targetHints":{"allow":["GET"]}}],"collection":[{"href":"https:\/\/www.tape-design.com\/fr\/wp-json\/wp\/v2\/product"}],"about":[{"href":"https:\/\/www.tape-design.com\/fr\/wp-json\/wp\/v2\/types\/product"}],"wp:featuredmedia":[{"embeddable":true,"href":"https:\/\/www.tape-design.com\/fr\/wp-json\/wp\/v2\/media\/74094"}],"wp:attachment":[{"href":"https:\/\/www.tape-design.com\/fr\/wp-json\/wp\/v2\/media?parent=18310"}],"wp:term":[{"taxonomy":"product_cat","embeddable":true,"href":"https:\/\/www.tape-design.com\/fr\/wp-json\/wp\/v2\/product_cat?post=18310"},{"taxonomy":"product_tag","embeddable":true,"href":"https:\/\/www.tape-design.com\/fr\/wp-json\/wp\/v2\/product_tag?post=18310"},{"taxonomy":"giftcard-category","embeddable":true,"href":"https:\/\/www.tape-design.com\/fr\/wp-json\/wp\/v2\/giftcard-category?post=18310"}],"curies":[{"name":"wp","href":"https:\/\/api.w.org\/{rel}","templated":true}]}}