{"id":3384,"date":"2020-11-05T09:08:42","date_gmt":"2020-11-11T10:23:22","guid":{"rendered":"http:\/\/tapedesign.sw763nap.at.edis.global\/product\/import-placeholder-for-40954\/"},"modified":"2026-01-15T14:51:57","modified_gmt":"2026-01-15T13:51:57","slug":"chaussettes-allround-short","status":"publish","type":"product","link":"https:\/\/www.tape-design.com\/fr\/produit\/chaussettes-allround-short\/","title":{"rendered":"Chaussettes Allround Short"},"content":{"rendered":"<p><strong>Les chaussettes &#8220;courtes&#8221; anti-d\u00e9rapantes polyvalentes s\u00e9duisent par leur fonctionnalit\u00e9 et leur confort maximal. Dans le domaine du football, cette technologie est d\u00e9j\u00e0 indispensable pour de nombreux athl\u00e8tes.<\/strong><\/p>\n<p>Comme on le sait d\u00e9j\u00e0 dans le produit original &#8220;Classic&#8221;, il s\u2019agit d\u2019une chaussette courte individuelle, dot\u00e9e de boutons de caoutchouc sp\u00e9cialement plac\u00e9s \u00e0 l\u2019ext\u00e9rieur pour plus de sensation et une prise stable dans la chaussure.<\/p>\n<ul>\n<li>Taille unique (Gr.37 &#8211; 48) par traitement sp\u00e9cial du mat\u00e9riau de tr\u00e8s haute qualit\u00e9<\/li>\n<li>boutons en caoutchouc sp\u00e9cialement plac\u00e9s \u00e0 l&#8217;ext\u00e9rieur en forme de pied ergonomique pour un ajustement parfait \u00e0 la chaussure<\/li>\n<li>meilleur confort gr\u00e2ce \u00e0 une finition de haute qualit\u00e9<\/li>\n<li>Polyvalent test\u00e9 par des athl\u00e8tes professionnels et amateurs dans tous les types de sports (course, marche, fitness, tennis, etc.) et per\u00e7u comme excellent<\/li>\n<li>peut \u00eatre utilis\u00e9 dans tous les sports o\u00f9 des changements de direction et des mouvements de rotation sont n\u00e9cessaires<\/li>\n<\/ul>\n<p>Sentez la diff\u00e9rence!<\/p>\n<p>Composition : 55% coton, 35% nylon, 7% spandex, 3% polyester<\/p>\n","protected":false},"excerpt":{"rendered":"<p>Les chaussettes &#8220;courtes&#8221; anti-d\u00e9rapantes polyvalentes s\u00e9duisent par leur fonctionnalit\u00e9 et leur confort maximal. Dans le domaine du football, cette technologie est d\u00e9j\u00e0 indispensable pour de nombreux athl\u00e8tes. Comme on le&hellip;<\/p>\n","protected":false},"featured_media":74333,"template":"","meta":{"_acf_changed":false},"product_cat":[1377,1302,1373],"product_tag":[],"giftcard-category":[],"class_list":{"0":"post-3384","1":"product","2":"type-product","3":"status-publish","4":"has-post-thumbnail","6":"product_cat-chaussettes-fr","7":"product_cat-all-fr","8":"product_cat-socks-short-fr","10":"first","11":"instock","12":"taxable","13":"shipping-taxable","14":"purchasable","15":"product-type-variable","16":"has-default-attributes"},"bundled_by":["126636","126636"],"bundle_stock_status":"instock","bundle_stock_quantity":null,"bundle_virtual":false,"bundle_layout":"","bundle_add_to_cart_form_location":"","bundle_editable_in_cart":false,"bundle_sold_individually_context":"","bundle_item_grouping":"","bundle_min_size":"","bundle_max_size":"","bundle_price":[],"bundled_items":[],"bundle_sell_ids":[],"exclude_global_add_ons":[],"addons":[],"acf":[],"yoast_head":"<title>Chaussettes Allround Short - TAPEDESIGN<\/title>\n<meta name=\"robots\" content=\"index, follow, max-snippet:-1, max-image-preview:large, max-video-preview:-1\" \/>\n<link rel=\"canonical\" href=\"https:\/\/www.tape-design.com\/fr\/produit\/chaussettes-allround-short\/\" \/>\n<meta property=\"og:locale\" content=\"fr_FR\" \/>\n<meta property=\"og:type\" content=\"article\" \/>\n<meta property=\"og:title\" content=\"Chaussettes Allround Short - TAPEDESIGN\" \/>\n<meta property=\"og:description\" content=\"Les chaussettes &#8220;courtes&#8221; anti-d\u00e9rapantes polyvalentes s\u00e9duisent par leur fonctionnalit\u00e9 et leur confort maximal. Dans le domaine du football, cette technologie est d\u00e9j\u00e0 indispensable pour de nombreux athl\u00e8tes. Comme on le&hellip;\" \/>\n<meta property=\"og:url\" content=\"https:\/\/www.tape-design.com\/fr\/produit\/chaussettes-allround-short\/\" \/>\n<meta property=\"og:site_name\" content=\"TAPEDESIGN\" \/>\n<meta property=\"article:publisher\" content=\"https:\/\/www.facebook.com\/tapedesigncom\/\" \/>\n<meta property=\"article:modified_time\" content=\"2026-01-15T13:51:57+00:00\" \/>\n<meta property=\"og:image\" content=\"https:\/\/www.tape-design.com\/app\/uploads\/2020\/11\/TD_CRM_2023_TAPEDESIGN_SHORT_SOCKS_NEW_2023.jpg\" \/>\n\t<meta property=\"og:image:width\" content=\"1080\" \/>\n\t<meta property=\"og:image:height\" content=\"1080\" \/>\n\t<meta property=\"og:image:type\" content=\"image\/jpeg\" \/>\n<meta name=\"twitter:card\" content=\"summary_large_image\" \/>\n<meta name=\"twitter:label1\" content=\"Dur\u00e9e de lecture estim\u00e9e\" \/>\n\t<meta name=\"twitter:data1\" content=\"1 minute\" \/>\n<script type=\"application\/ld+json\" class=\"yoast-schema-graph\">{\"@context\":\"https:\/\/schema.org\",\"@graph\":[{\"@type\":\"WebPage\",\"@id\":\"https:\/\/www.tape-design.com\/fr\/produit\/chaussettes-allround-short\/\",\"url\":\"https:\/\/www.tape-design.com\/fr\/produit\/chaussettes-allround-short\/\",\"name\":\"Chaussettes Allround Short - TAPEDESIGN\",\"isPartOf\":{\"@id\":\"https:\/\/www.tape-design.com\/#website\"},\"primaryImageOfPage\":{\"@id\":\"https:\/\/www.tape-design.com\/fr\/produit\/chaussettes-allround-short\/#primaryimage\"},\"image\":{\"@id\":\"https:\/\/www.tape-design.com\/fr\/produit\/chaussettes-allround-short\/#primaryimage\"},\"thumbnailUrl\":\"https:\/\/www.tape-design.com\/app\/uploads\/2020\/11\/TD_CRM_2023_TAPEDESIGN_SHORT_SOCKS_NEW_2023.jpg\",\"datePublished\":\"2020-11-11T10:23:22+00:00\",\"dateModified\":\"2026-01-15T13:51:57+00:00\",\"breadcrumb\":{\"@id\":\"https:\/\/www.tape-design.com\/fr\/produit\/chaussettes-allround-short\/#breadcrumb\"},\"inLanguage\":\"fr-FR\",\"potentialAction\":[{\"@type\":\"ReadAction\",\"target\":[\"https:\/\/www.tape-design.com\/fr\/produit\/chaussettes-allround-short\/\"]}]},{\"@type\":\"ImageObject\",\"inLanguage\":\"fr-FR\",\"@id\":\"https:\/\/www.tape-design.com\/fr\/produit\/chaussettes-allround-short\/#primaryimage\",\"url\":\"https:\/\/www.tape-design.com\/app\/uploads\/2020\/11\/TD_CRM_2023_TAPEDESIGN_SHORT_SOCKS_NEW_2023.jpg\",\"contentUrl\":\"https:\/\/www.tape-design.com\/app\/uploads\/2020\/11\/TD_CRM_2023_TAPEDESIGN_SHORT_SOCKS_NEW_2023.jpg\",\"width\":1080,\"height\":1080},{\"@type\":\"BreadcrumbList\",\"@id\":\"https:\/\/www.tape-design.com\/fr\/produit\/chaussettes-allround-short\/#breadcrumb\",\"itemListElement\":[{\"@type\":\"ListItem\",\"position\":1,\"name\":\"Home\",\"item\":\"https:\/\/www.tape-design.com\/fr\/\"},{\"@type\":\"ListItem\",\"position\":2,\"name\":\"Shop\",\"item\":\"https:\/\/www.tape-design.com\/fr\/shop\/\"},{\"@type\":\"ListItem\",\"position\":3,\"name\":\"Chaussettes Allround Short\"}]},{\"@type\":\"WebSite\",\"@id\":\"https:\/\/www.tape-design.com\/#website\",\"url\":\"https:\/\/www.tape-design.com\/\",\"name\":\"TAPEDESIGN\",\"description\":\"Always a step ahead\",\"publisher\":{\"@id\":\"https:\/\/www.tape-design.com\/#organization\"},\"potentialAction\":[{\"@type\":\"SearchAction\",\"target\":{\"@type\":\"EntryPoint\",\"urlTemplate\":\"https:\/\/www.tape-design.com\/?s={search_term_string}\"},\"query-input\":{\"@type\":\"PropertyValueSpecification\",\"valueRequired\":true,\"valueName\":\"search_term_string\"}}],\"inLanguage\":\"fr-FR\"},{\"@type\":\"Organization\",\"@id\":\"https:\/\/www.tape-design.com\/#organization\",\"name\":\"TAPEDESIGN\",\"url\":\"https:\/\/www.tape-design.com\/\",\"logo\":{\"@type\":\"ImageObject\",\"inLanguage\":\"fr-FR\",\"@id\":\"https:\/\/www.tape-design.com\/#\/schema\/logo\/image\/\",\"url\":\"https:\/\/www.tape-design.com\/app\/uploads\/2020\/11\/Logosmall.png\",\"contentUrl\":\"https:\/\/www.tape-design.com\/app\/uploads\/2020\/11\/Logosmall.png\",\"width\":340,\"height\":156,\"caption\":\"TAPEDESIGN\"},\"image\":{\"@id\":\"https:\/\/www.tape-design.com\/#\/schema\/logo\/image\/\"},\"sameAs\":[\"https:\/\/www.facebook.com\/tapedesigncom\/\",\"https:\/\/www.instagram.com\/tapedesign_socks\/?hl=de\"]}]}<\/script>","yoast_head_json":{"title":"Chaussettes Allround Short - TAPEDESIGN","robots":{"index":"index","follow":"follow","max-snippet":"max-snippet:-1","max-image-preview":"max-image-preview:large","max-video-preview":"max-video-preview:-1"},"canonical":"https:\/\/www.tape-design.com\/fr\/produit\/chaussettes-allround-short\/","og_locale":"fr_FR","og_type":"article","og_title":"Chaussettes Allround Short - TAPEDESIGN","og_description":"Les chaussettes &#8220;courtes&#8221; anti-d\u00e9rapantes polyvalentes s\u00e9duisent par leur fonctionnalit\u00e9 et leur confort maximal. Dans le domaine du football, cette technologie est d\u00e9j\u00e0 indispensable pour de nombreux athl\u00e8tes. Comme on le&hellip;","og_url":"https:\/\/www.tape-design.com\/fr\/produit\/chaussettes-allround-short\/","og_site_name":"TAPEDESIGN","article_publisher":"https:\/\/www.facebook.com\/tapedesigncom\/","article_modified_time":"2026-01-15T13:51:57+00:00","og_image":[{"width":1080,"height":1080,"url":"https:\/\/www.tape-design.com\/app\/uploads\/2020\/11\/TD_CRM_2023_TAPEDESIGN_SHORT_SOCKS_NEW_2023.jpg","type":"image\/jpeg"}],"twitter_card":"summary_large_image","twitter_misc":{"Dur\u00e9e de lecture estim\u00e9e":"1 minute"},"schema":{"@context":"https:\/\/schema.org","@graph":[{"@type":"WebPage","@id":"https:\/\/www.tape-design.com\/fr\/produit\/chaussettes-allround-short\/","url":"https:\/\/www.tape-design.com\/fr\/produit\/chaussettes-allround-short\/","name":"Chaussettes Allround Short - TAPEDESIGN","isPartOf":{"@id":"https:\/\/www.tape-design.com\/#website"},"primaryImageOfPage":{"@id":"https:\/\/www.tape-design.com\/fr\/produit\/chaussettes-allround-short\/#primaryimage"},"image":{"@id":"https:\/\/www.tape-design.com\/fr\/produit\/chaussettes-allround-short\/#primaryimage"},"thumbnailUrl":"https:\/\/www.tape-design.com\/app\/uploads\/2020\/11\/TD_CRM_2023_TAPEDESIGN_SHORT_SOCKS_NEW_2023.jpg","datePublished":"2020-11-11T10:23:22+00:00","dateModified":"2026-01-15T13:51:57+00:00","breadcrumb":{"@id":"https:\/\/www.tape-design.com\/fr\/produit\/chaussettes-allround-short\/#breadcrumb"},"inLanguage":"fr-FR","potentialAction":[{"@type":"ReadAction","target":["https:\/\/www.tape-design.com\/fr\/produit\/chaussettes-allround-short\/"]}]},{"@type":"ImageObject","inLanguage":"fr-FR","@id":"https:\/\/www.tape-design.com\/fr\/produit\/chaussettes-allround-short\/#primaryimage","url":"https:\/\/www.tape-design.com\/app\/uploads\/2020\/11\/TD_CRM_2023_TAPEDESIGN_SHORT_SOCKS_NEW_2023.jpg","contentUrl":"https:\/\/www.tape-design.com\/app\/uploads\/2020\/11\/TD_CRM_2023_TAPEDESIGN_SHORT_SOCKS_NEW_2023.jpg","width":1080,"height":1080},{"@type":"BreadcrumbList","@id":"https:\/\/www.tape-design.com\/fr\/produit\/chaussettes-allround-short\/#breadcrumb","itemListElement":[{"@type":"ListItem","position":1,"name":"Home","item":"https:\/\/www.tape-design.com\/fr\/"},{"@type":"ListItem","position":2,"name":"Shop","item":"https:\/\/www.tape-design.com\/fr\/shop\/"},{"@type":"ListItem","position":3,"name":"Chaussettes Allround Short"}]},{"@type":"WebSite","@id":"https:\/\/www.tape-design.com\/#website","url":"https:\/\/www.tape-design.com\/","name":"TAPEDESIGN","description":"Always a step ahead","publisher":{"@id":"https:\/\/www.tape-design.com\/#organization"},"potentialAction":[{"@type":"SearchAction","target":{"@type":"EntryPoint","urlTemplate":"https:\/\/www.tape-design.com\/?s={search_term_string}"},"query-input":{"@type":"PropertyValueSpecification","valueRequired":true,"valueName":"search_term_string"}}],"inLanguage":"fr-FR"},{"@type":"Organization","@id":"https:\/\/www.tape-design.com\/#organization","name":"TAPEDESIGN","url":"https:\/\/www.tape-design.com\/","logo":{"@type":"ImageObject","inLanguage":"fr-FR","@id":"https:\/\/www.tape-design.com\/#\/schema\/logo\/image\/","url":"https:\/\/www.tape-design.com\/app\/uploads\/2020\/11\/Logosmall.png","contentUrl":"https:\/\/www.tape-design.com\/app\/uploads\/2020\/11\/Logosmall.png","width":340,"height":156,"caption":"TAPEDESIGN"},"image":{"@id":"https:\/\/www.tape-design.com\/#\/schema\/logo\/image\/"},"sameAs":["https:\/\/www.facebook.com\/tapedesigncom\/","https:\/\/www.instagram.com\/tapedesign_socks\/?hl=de"]}]}},"_links":{"self":[{"href":"https:\/\/www.tape-design.com\/fr\/wp-json\/wp\/v2\/product\/3384","targetHints":{"allow":["GET"]}}],"collection":[{"href":"https:\/\/www.tape-design.com\/fr\/wp-json\/wp\/v2\/product"}],"about":[{"href":"https:\/\/www.tape-design.com\/fr\/wp-json\/wp\/v2\/types\/product"}],"wp:featuredmedia":[{"embeddable":true,"href":"https:\/\/www.tape-design.com\/fr\/wp-json\/wp\/v2\/media\/74333"}],"wp:attachment":[{"href":"https:\/\/www.tape-design.com\/fr\/wp-json\/wp\/v2\/media?parent=3384"}],"wp:term":[{"taxonomy":"product_cat","embeddable":true,"href":"https:\/\/www.tape-design.com\/fr\/wp-json\/wp\/v2\/product_cat?post=3384"},{"taxonomy":"product_tag","embeddable":true,"href":"https:\/\/www.tape-design.com\/fr\/wp-json\/wp\/v2\/product_tag?post=3384"},{"taxonomy":"giftcard-category","embeddable":true,"href":"https:\/\/www.tape-design.com\/fr\/wp-json\/wp\/v2\/giftcard-category?post=3384"}],"curies":[{"name":"wp","href":"https:\/\/api.w.org\/{rel}","templated":true}]}}