{"id":69235,"date":"2022-12-02T12:36:48","date_gmt":"2022-12-02T11:36:49","guid":{"rendered":"https:\/\/www.tape-design.com\/?post_type=product&#038;p=69235"},"modified":"2025-12-07T22:57:47","modified_gmt":"2025-12-07T21:57:47","slug":"tapedesign-casquette","status":"publish","type":"product","link":"https:\/\/www.tape-design.com\/fr\/produit\/tapedesign-casquette\/","title":{"rendered":"Casquette"},"content":{"rendered":"<p><em><strong>TAPEDESIGN\u00ae &#8211; Casquette<\/strong><\/em><\/p>\n<p>Couleur : Noir, Gris, Vert olive, Camouflage<br \/>\nTaille : ONE-SIZE<\/p>\n<p>5 inserts<br \/>\nVisi\u00e8re moyenne<br \/>\nInsert en filet \u00e0 l&#8217;arri\u00e8re<br \/>\nFilet en polyester<\/p>\n<p>Composition du mat\u00e9riau : 100% polyester<br \/>\nConseil d&#8217;entretien : lavage \u00e0 la main<\/p>\n","protected":false},"excerpt":{"rendered":"<p>TAPEDESIGN\u00ae &#8211; Casquette Couleur : Noir, Gris, Vert olive, Camouflage Taille : ONE-SIZE 5 inserts Visi\u00e8re moyenne Insert en filet \u00e0 l&#8217;arri\u00e8re Filet en polyester Composition du mat\u00e9riau : 100%&hellip;<\/p>\n","protected":false},"featured_media":85587,"template":"","meta":{"_acf_changed":false},"product_cat":[1365],"product_tag":[],"giftcard-category":[],"class_list":{"0":"post-69235","1":"product","2":"type-product","3":"status-publish","4":"has-post-thumbnail","6":"product_cat-outlet-fr","8":"first","9":"instock","10":"sale","11":"taxable","12":"shipping-taxable","13":"purchasable","14":"product-type-variable","15":"has-default-attributes"},"bundled_by":[],"bundle_stock_status":"instock","bundle_stock_quantity":60,"bundle_virtual":false,"bundle_layout":"","bundle_add_to_cart_form_location":"","bundle_editable_in_cart":false,"bundle_sold_individually_context":"","bundle_item_grouping":"","bundle_min_size":"","bundle_max_size":"","bundle_price":[],"bundled_items":[],"bundle_sell_ids":[],"exclude_global_add_ons":[],"addons":[],"acf":[],"yoast_head":"<title>Casquette - TAPEDESIGN<\/title>\n<meta name=\"robots\" content=\"index, follow, max-snippet:-1, max-image-preview:large, max-video-preview:-1\" \/>\n<link rel=\"canonical\" href=\"https:\/\/www.tape-design.com\/fr\/produit\/tapedesign-casquette\/\" \/>\n<meta property=\"og:locale\" content=\"fr_FR\" \/>\n<meta property=\"og:type\" content=\"article\" \/>\n<meta property=\"og:title\" content=\"Casquette - TAPEDESIGN\" \/>\n<meta property=\"og:description\" content=\"TAPEDESIGN\u00ae &#8211; Casquette Couleur : Noir, Gris, Vert olive, Camouflage Taille : ONE-SIZE 5 inserts Visi\u00e8re moyenne Insert en filet \u00e0 l&#8217;arri\u00e8re Filet en polyester Composition du mat\u00e9riau : 100%&hellip;\" \/>\n<meta property=\"og:url\" content=\"https:\/\/www.tape-design.com\/fr\/produit\/tapedesign-casquette\/\" \/>\n<meta property=\"og:site_name\" content=\"TAPEDESIGN\" \/>\n<meta property=\"article:publisher\" content=\"https:\/\/www.facebook.com\/tapedesigncom\/\" \/>\n<meta property=\"article:modified_time\" content=\"2025-12-07T21:57:47+00:00\" \/>\n<meta property=\"og:image\" content=\"https:\/\/www.tape-design.com\/app\/uploads\/2022\/12\/TD_CRM_2023_CAP_BLACK_IMG_v1.jpg\" \/>\n\t<meta property=\"og:image:width\" content=\"1080\" \/>\n\t<meta property=\"og:image:height\" content=\"1080\" \/>\n\t<meta property=\"og:image:type\" content=\"image\/jpeg\" \/>\n<meta name=\"twitter:card\" content=\"summary_large_image\" \/>\n<script type=\"application\/ld+json\" class=\"yoast-schema-graph\">{\"@context\":\"https:\/\/schema.org\",\"@graph\":[{\"@type\":\"WebPage\",\"@id\":\"https:\/\/www.tape-design.com\/fr\/produit\/tapedesign-casquette\/\",\"url\":\"https:\/\/www.tape-design.com\/fr\/produit\/tapedesign-casquette\/\",\"name\":\"Casquette - TAPEDESIGN\",\"isPartOf\":{\"@id\":\"https:\/\/www.tape-design.com\/#website\"},\"primaryImageOfPage\":{\"@id\":\"https:\/\/www.tape-design.com\/fr\/produit\/tapedesign-casquette\/#primaryimage\"},\"image\":{\"@id\":\"https:\/\/www.tape-design.com\/fr\/produit\/tapedesign-casquette\/#primaryimage\"},\"thumbnailUrl\":\"https:\/\/www.tape-design.com\/app\/uploads\/2022\/12\/TD_CRM_2023_CAP_BLACK_IMG_v1.jpg\",\"datePublished\":\"2022-12-02T11:36:49+00:00\",\"dateModified\":\"2025-12-07T21:57:47+00:00\",\"breadcrumb\":{\"@id\":\"https:\/\/www.tape-design.com\/fr\/produit\/tapedesign-casquette\/#breadcrumb\"},\"inLanguage\":\"fr-FR\",\"potentialAction\":[{\"@type\":\"ReadAction\",\"target\":[\"https:\/\/www.tape-design.com\/fr\/produit\/tapedesign-casquette\/\"]}]},{\"@type\":\"ImageObject\",\"inLanguage\":\"fr-FR\",\"@id\":\"https:\/\/www.tape-design.com\/fr\/produit\/tapedesign-casquette\/#primaryimage\",\"url\":\"https:\/\/www.tape-design.com\/app\/uploads\/2022\/12\/TD_CRM_2023_CAP_BLACK_IMG_v1.jpg\",\"contentUrl\":\"https:\/\/www.tape-design.com\/app\/uploads\/2022\/12\/TD_CRM_2023_CAP_BLACK_IMG_v1.jpg\",\"width\":1080,\"height\":1080},{\"@type\":\"BreadcrumbList\",\"@id\":\"https:\/\/www.tape-design.com\/fr\/produit\/tapedesign-casquette\/#breadcrumb\",\"itemListElement\":[{\"@type\":\"ListItem\",\"position\":1,\"name\":\"Home\",\"item\":\"https:\/\/www.tape-design.com\/fr\/\"},{\"@type\":\"ListItem\",\"position\":2,\"name\":\"Shop\",\"item\":\"https:\/\/www.tape-design.com\/fr\/shop\/\"},{\"@type\":\"ListItem\",\"position\":3,\"name\":\"Casquette\"}]},{\"@type\":\"WebSite\",\"@id\":\"https:\/\/www.tape-design.com\/#website\",\"url\":\"https:\/\/www.tape-design.com\/\",\"name\":\"TAPEDESIGN\",\"description\":\"Always a step ahead\",\"publisher\":{\"@id\":\"https:\/\/www.tape-design.com\/#organization\"},\"potentialAction\":[{\"@type\":\"SearchAction\",\"target\":{\"@type\":\"EntryPoint\",\"urlTemplate\":\"https:\/\/www.tape-design.com\/?s={search_term_string}\"},\"query-input\":{\"@type\":\"PropertyValueSpecification\",\"valueRequired\":true,\"valueName\":\"search_term_string\"}}],\"inLanguage\":\"fr-FR\"},{\"@type\":\"Organization\",\"@id\":\"https:\/\/www.tape-design.com\/#organization\",\"name\":\"TAPEDESIGN\",\"url\":\"https:\/\/www.tape-design.com\/\",\"logo\":{\"@type\":\"ImageObject\",\"inLanguage\":\"fr-FR\",\"@id\":\"https:\/\/www.tape-design.com\/#\/schema\/logo\/image\/\",\"url\":\"https:\/\/www.tape-design.com\/app\/uploads\/2020\/11\/Logosmall.png\",\"contentUrl\":\"https:\/\/www.tape-design.com\/app\/uploads\/2020\/11\/Logosmall.png\",\"width\":340,\"height\":156,\"caption\":\"TAPEDESIGN\"},\"image\":{\"@id\":\"https:\/\/www.tape-design.com\/#\/schema\/logo\/image\/\"},\"sameAs\":[\"https:\/\/www.facebook.com\/tapedesigncom\/\",\"https:\/\/www.instagram.com\/tapedesign_socks\/?hl=de\"]}]}<\/script>","yoast_head_json":{"title":"Casquette - TAPEDESIGN","robots":{"index":"index","follow":"follow","max-snippet":"max-snippet:-1","max-image-preview":"max-image-preview:large","max-video-preview":"max-video-preview:-1"},"canonical":"https:\/\/www.tape-design.com\/fr\/produit\/tapedesign-casquette\/","og_locale":"fr_FR","og_type":"article","og_title":"Casquette - TAPEDESIGN","og_description":"TAPEDESIGN\u00ae &#8211; Casquette Couleur : Noir, Gris, Vert olive, Camouflage Taille : ONE-SIZE 5 inserts Visi\u00e8re moyenne Insert en filet \u00e0 l&#8217;arri\u00e8re Filet en polyester Composition du mat\u00e9riau : 100%&hellip;","og_url":"https:\/\/www.tape-design.com\/fr\/produit\/tapedesign-casquette\/","og_site_name":"TAPEDESIGN","article_publisher":"https:\/\/www.facebook.com\/tapedesigncom\/","article_modified_time":"2025-12-07T21:57:47+00:00","og_image":[{"width":1080,"height":1080,"url":"https:\/\/www.tape-design.com\/app\/uploads\/2022\/12\/TD_CRM_2023_CAP_BLACK_IMG_v1.jpg","type":"image\/jpeg"}],"twitter_card":"summary_large_image","schema":{"@context":"https:\/\/schema.org","@graph":[{"@type":"WebPage","@id":"https:\/\/www.tape-design.com\/fr\/produit\/tapedesign-casquette\/","url":"https:\/\/www.tape-design.com\/fr\/produit\/tapedesign-casquette\/","name":"Casquette - TAPEDESIGN","isPartOf":{"@id":"https:\/\/www.tape-design.com\/#website"},"primaryImageOfPage":{"@id":"https:\/\/www.tape-design.com\/fr\/produit\/tapedesign-casquette\/#primaryimage"},"image":{"@id":"https:\/\/www.tape-design.com\/fr\/produit\/tapedesign-casquette\/#primaryimage"},"thumbnailUrl":"https:\/\/www.tape-design.com\/app\/uploads\/2022\/12\/TD_CRM_2023_CAP_BLACK_IMG_v1.jpg","datePublished":"2022-12-02T11:36:49+00:00","dateModified":"2025-12-07T21:57:47+00:00","breadcrumb":{"@id":"https:\/\/www.tape-design.com\/fr\/produit\/tapedesign-casquette\/#breadcrumb"},"inLanguage":"fr-FR","potentialAction":[{"@type":"ReadAction","target":["https:\/\/www.tape-design.com\/fr\/produit\/tapedesign-casquette\/"]}]},{"@type":"ImageObject","inLanguage":"fr-FR","@id":"https:\/\/www.tape-design.com\/fr\/produit\/tapedesign-casquette\/#primaryimage","url":"https:\/\/www.tape-design.com\/app\/uploads\/2022\/12\/TD_CRM_2023_CAP_BLACK_IMG_v1.jpg","contentUrl":"https:\/\/www.tape-design.com\/app\/uploads\/2022\/12\/TD_CRM_2023_CAP_BLACK_IMG_v1.jpg","width":1080,"height":1080},{"@type":"BreadcrumbList","@id":"https:\/\/www.tape-design.com\/fr\/produit\/tapedesign-casquette\/#breadcrumb","itemListElement":[{"@type":"ListItem","position":1,"name":"Home","item":"https:\/\/www.tape-design.com\/fr\/"},{"@type":"ListItem","position":2,"name":"Shop","item":"https:\/\/www.tape-design.com\/fr\/shop\/"},{"@type":"ListItem","position":3,"name":"Casquette"}]},{"@type":"WebSite","@id":"https:\/\/www.tape-design.com\/#website","url":"https:\/\/www.tape-design.com\/","name":"TAPEDESIGN","description":"Always a step ahead","publisher":{"@id":"https:\/\/www.tape-design.com\/#organization"},"potentialAction":[{"@type":"SearchAction","target":{"@type":"EntryPoint","urlTemplate":"https:\/\/www.tape-design.com\/?s={search_term_string}"},"query-input":{"@type":"PropertyValueSpecification","valueRequired":true,"valueName":"search_term_string"}}],"inLanguage":"fr-FR"},{"@type":"Organization","@id":"https:\/\/www.tape-design.com\/#organization","name":"TAPEDESIGN","url":"https:\/\/www.tape-design.com\/","logo":{"@type":"ImageObject","inLanguage":"fr-FR","@id":"https:\/\/www.tape-design.com\/#\/schema\/logo\/image\/","url":"https:\/\/www.tape-design.com\/app\/uploads\/2020\/11\/Logosmall.png","contentUrl":"https:\/\/www.tape-design.com\/app\/uploads\/2020\/11\/Logosmall.png","width":340,"height":156,"caption":"TAPEDESIGN"},"image":{"@id":"https:\/\/www.tape-design.com\/#\/schema\/logo\/image\/"},"sameAs":["https:\/\/www.facebook.com\/tapedesigncom\/","https:\/\/www.instagram.com\/tapedesign_socks\/?hl=de"]}]}},"_links":{"self":[{"href":"https:\/\/www.tape-design.com\/fr\/wp-json\/wp\/v2\/product\/69235","targetHints":{"allow":["GET"]}}],"collection":[{"href":"https:\/\/www.tape-design.com\/fr\/wp-json\/wp\/v2\/product"}],"about":[{"href":"https:\/\/www.tape-design.com\/fr\/wp-json\/wp\/v2\/types\/product"}],"wp:featuredmedia":[{"embeddable":true,"href":"https:\/\/www.tape-design.com\/fr\/wp-json\/wp\/v2\/media\/85587"}],"wp:attachment":[{"href":"https:\/\/www.tape-design.com\/fr\/wp-json\/wp\/v2\/media?parent=69235"}],"wp:term":[{"taxonomy":"product_cat","embeddable":true,"href":"https:\/\/www.tape-design.com\/fr\/wp-json\/wp\/v2\/product_cat?post=69235"},{"taxonomy":"product_tag","embeddable":true,"href":"https:\/\/www.tape-design.com\/fr\/wp-json\/wp\/v2\/product_tag?post=69235"},{"taxonomy":"giftcard-category","embeddable":true,"href":"https:\/\/www.tape-design.com\/fr\/wp-json\/wp\/v2\/giftcard-category?post=69235"}],"curies":[{"name":"wp","href":"https:\/\/api.w.org\/{rel}","templated":true}]}}