{"id":87551,"date":"2023-09-20T12:27:17","date_gmt":"2023-09-20T10:27:17","guid":{"rendered":"https:\/\/www.tape-design.com\/?post_type=product&#038;p=87551"},"modified":"2026-01-22T13:38:21","modified_gmt":"2026-01-22T12:38:21","slug":"chaussettes-allround-classic-enfants-avec-id-1","status":"publish","type":"product","link":"https:\/\/www.tape-design.com\/fr\/produit\/chaussettes-allround-classic-enfants-avec-id-1\/","title":{"rendered":"Chaussettes Allround Classic Enfants avec ID"},"content":{"rendered":"<p><strong>Les chaussettes antid\u00e9rapantes &#8220;Classic&#8221; impressionnent par leur grand confort de port et leur maintien optimal dans la chaussure. Dans le domaine du football, cette technologie est d\u00e9j\u00e0 indispensable pour de nombreux athl\u00e8tes.<\/strong><\/p>\n<p>Comme le produit original &#8220;Classic&#8221; l&#8217;a d\u00e9j\u00e0 fait savoir, il s&#8217;agit d&#8217;une longue chaussette utilisable individuellement, qui procure plus de sensations et une tenue stable dans la chaussure gr\u00e2ce \u00e0 des picots en caoutchouc sp\u00e9cialement plac\u00e9s \u00e0 l&#8217;ext\u00e9rieur. La compression de ce produit a \u00e9galement rencontr\u00e9 une r\u00e9action insens\u00e9e en tr\u00e8s peu de temps.<\/p>\n<ul>\n<li>KIDS-Size (taille 30 &#8211; 36) en raison d&#8217;un traitement sp\u00e9cial du mat\u00e9riau de tr\u00e8s haute qualit\u00e9<\/li>\n<li>n\u0153uds en caoutchouc sp\u00e9cialement plac\u00e9s \u00e0 l&#8217;ext\u00e9rieur en forme de pied ergonomique pour une tenue parfaite dans la chaussure<\/li>\n<li>meilleur confort de port gr\u00e2ce \u00e0 un travail de haute qualit\u00e9<\/li>\n<li>Test\u00e9 par des athl\u00e8tes professionnels et amateurs dans toutes sortes de sports (par exemple course \u00e0 pied, football, basket-ball, tennis, etc.) et jug\u00e9 excellent<\/li>\n<\/ul>\n<p>Sentez la diff\u00e9rence !<\/p>\n","protected":false},"excerpt":{"rendered":"<p>Les chaussettes antid\u00e9rapantes &#8220;Classic&#8221; impressionnent par leur grand confort de port et leur maintien optimal dans la chaussure. Dans le domaine du football, cette technologie est d\u00e9j\u00e0 indispensable pour de&hellip;<\/p>\n","protected":false},"featured_media":74104,"template":"","meta":{"_acf_changed":false},"product_cat":[3104,1377,1302,1318,1354],"product_tag":[],"giftcard-category":[],"class_list":{"0":"post-87551","1":"product","2":"type-product","3":"status-publish","4":"has-post-thumbnail","6":"product_cat-kids-fr","7":"product_cat-chaussettes-fr","8":"product_cat-all-fr","9":"product_cat-classic-socks-fr","10":"product_cat-id-socks-fr","12":"first","13":"instock","14":"taxable","15":"shipping-taxable","16":"purchasable","17":"product-type-variable","18":"has-default-attributes"},"bundled_by":[],"bundle_stock_status":"instock","bundle_stock_quantity":null,"bundle_virtual":false,"bundle_layout":"","bundle_add_to_cart_form_location":"","bundle_editable_in_cart":false,"bundle_sold_individually_context":"","bundle_item_grouping":"","bundle_min_size":"","bundle_max_size":"","bundle_price":[],"bundled_items":[],"bundle_sell_ids":[],"exclude_global_add_ons":false,"addons":[{"name":"ID: Initiales & Num\u00e9ro","type":"heading","position":0,"required":false,"title_format":"label","default":"","description_enable":false,"description":"","placeholder_enable":false,"placeholder":"","display":"select","restrictions_type":"any_text","adjust_price":false,"price":"","price_type":"","restrictions":false,"min":"0","max":"0","options":[]},{"name":"Initiales (premi\u00e8re ligne)","type":"custom_text","position":0,"required":false,"title_format":"label","default":"","description_enable":false,"description":"","placeholder_enable":false,"placeholder":"","display":"select","restrictions_type":"only_letters_numbers","adjust_price":false,"price":"","price_type":"quantity_based","restrictions":true,"min":"","max":"6","options":[]},{"name":"Num\u00e9ro (deuxi\u00e8me rang\u00e9e)","type":"custom_text","position":0,"required":false,"title_format":"label","default":"","description_enable":false,"description":"","placeholder_enable":false,"placeholder":"","display":"select","restrictions_type":"only_letters_numbers","adjust_price":false,"price":"","price_type":"quantity_based","restrictions":true,"min":"","max":"2","options":[]}],"acf":[],"yoast_head":"<title>Chaussettes Allround Classic Enfants avec ID - TAPEDESIGN<\/title>\n<meta name=\"robots\" content=\"index, follow, max-snippet:-1, max-image-preview:large, max-video-preview:-1\" \/>\n<link rel=\"canonical\" href=\"https:\/\/www.tape-design.com\/fr\/produit\/chaussettes-allround-classic-enfants-avec-id-1\/\" \/>\n<meta property=\"og:locale\" content=\"fr_FR\" \/>\n<meta property=\"og:type\" content=\"article\" \/>\n<meta property=\"og:title\" content=\"Chaussettes Allround Classic Enfants avec ID - TAPEDESIGN\" \/>\n<meta property=\"og:description\" content=\"Les chaussettes antid\u00e9rapantes &#8220;Classic&#8221; impressionnent par leur grand confort de port et leur maintien optimal dans la chaussure. Dans le domaine du football, cette technologie est d\u00e9j\u00e0 indispensable pour de&hellip;\" \/>\n<meta property=\"og:url\" content=\"https:\/\/www.tape-design.com\/fr\/produit\/chaussettes-allround-classic-enfants-avec-id-1\/\" \/>\n<meta property=\"og:site_name\" content=\"TAPEDESIGN\" \/>\n<meta property=\"article:publisher\" content=\"https:\/\/www.facebook.com\/tapedesigncom\/\" \/>\n<meta property=\"article:modified_time\" content=\"2026-01-22T12:38:21+00:00\" \/>\n<meta property=\"og:image\" content=\"https:\/\/www.tape-design.com\/app\/uploads\/2020\/11\/TD_CRM_2023_TAPEDESIGN_KIDS_WITH_ID_SOCKS_NEW_2023.jpg\" \/>\n\t<meta property=\"og:image:width\" content=\"1080\" \/>\n\t<meta property=\"og:image:height\" content=\"1080\" \/>\n\t<meta property=\"og:image:type\" content=\"image\/jpeg\" \/>\n<meta name=\"twitter:card\" content=\"summary_large_image\" \/>\n<meta name=\"twitter:label1\" content=\"Dur\u00e9e de lecture estim\u00e9e\" \/>\n\t<meta name=\"twitter:data1\" content=\"1 minute\" \/>\n<script type=\"application\/ld+json\" class=\"yoast-schema-graph\">{\"@context\":\"https:\/\/schema.org\",\"@graph\":[{\"@type\":\"WebPage\",\"@id\":\"https:\/\/www.tape-design.com\/fr\/produit\/chaussettes-allround-classic-enfants-avec-id-1\/\",\"url\":\"https:\/\/www.tape-design.com\/fr\/produit\/chaussettes-allround-classic-enfants-avec-id-1\/\",\"name\":\"Chaussettes Allround Classic Enfants avec ID - TAPEDESIGN\",\"isPartOf\":{\"@id\":\"https:\/\/www.tape-design.com\/#website\"},\"primaryImageOfPage\":{\"@id\":\"https:\/\/www.tape-design.com\/fr\/produit\/chaussettes-allround-classic-enfants-avec-id-1\/#primaryimage\"},\"image\":{\"@id\":\"https:\/\/www.tape-design.com\/fr\/produit\/chaussettes-allround-classic-enfants-avec-id-1\/#primaryimage\"},\"thumbnailUrl\":\"https:\/\/www.tape-design.com\/app\/uploads\/2020\/11\/TD_CRM_2023_TAPEDESIGN_KIDS_WITH_ID_SOCKS_NEW_2023.jpg\",\"datePublished\":\"2023-09-20T10:27:17+00:00\",\"dateModified\":\"2026-01-22T12:38:21+00:00\",\"breadcrumb\":{\"@id\":\"https:\/\/www.tape-design.com\/fr\/produit\/chaussettes-allround-classic-enfants-avec-id-1\/#breadcrumb\"},\"inLanguage\":\"fr-FR\",\"potentialAction\":[{\"@type\":\"ReadAction\",\"target\":[\"https:\/\/www.tape-design.com\/fr\/produit\/chaussettes-allround-classic-enfants-avec-id-1\/\"]}]},{\"@type\":\"ImageObject\",\"inLanguage\":\"fr-FR\",\"@id\":\"https:\/\/www.tape-design.com\/fr\/produit\/chaussettes-allround-classic-enfants-avec-id-1\/#primaryimage\",\"url\":\"https:\/\/www.tape-design.com\/app\/uploads\/2020\/11\/TD_CRM_2023_TAPEDESIGN_KIDS_WITH_ID_SOCKS_NEW_2023.jpg\",\"contentUrl\":\"https:\/\/www.tape-design.com\/app\/uploads\/2020\/11\/TD_CRM_2023_TAPEDESIGN_KIDS_WITH_ID_SOCKS_NEW_2023.jpg\",\"width\":1080,\"height\":1080},{\"@type\":\"BreadcrumbList\",\"@id\":\"https:\/\/www.tape-design.com\/fr\/produit\/chaussettes-allround-classic-enfants-avec-id-1\/#breadcrumb\",\"itemListElement\":[{\"@type\":\"ListItem\",\"position\":1,\"name\":\"Home\",\"item\":\"https:\/\/www.tape-design.com\/fr\/\"},{\"@type\":\"ListItem\",\"position\":2,\"name\":\"Shop\",\"item\":\"https:\/\/www.tape-design.com\/fr\/shop\/\"},{\"@type\":\"ListItem\",\"position\":3,\"name\":\"Chaussettes Allround Classic Enfants avec ID\"}]},{\"@type\":\"WebSite\",\"@id\":\"https:\/\/www.tape-design.com\/#website\",\"url\":\"https:\/\/www.tape-design.com\/\",\"name\":\"TAPEDESIGN\",\"description\":\"Always a step ahead\",\"publisher\":{\"@id\":\"https:\/\/www.tape-design.com\/#organization\"},\"potentialAction\":[{\"@type\":\"SearchAction\",\"target\":{\"@type\":\"EntryPoint\",\"urlTemplate\":\"https:\/\/www.tape-design.com\/?s={search_term_string}\"},\"query-input\":{\"@type\":\"PropertyValueSpecification\",\"valueRequired\":true,\"valueName\":\"search_term_string\"}}],\"inLanguage\":\"fr-FR\"},{\"@type\":\"Organization\",\"@id\":\"https:\/\/www.tape-design.com\/#organization\",\"name\":\"TAPEDESIGN\",\"url\":\"https:\/\/www.tape-design.com\/\",\"logo\":{\"@type\":\"ImageObject\",\"inLanguage\":\"fr-FR\",\"@id\":\"https:\/\/www.tape-design.com\/#\/schema\/logo\/image\/\",\"url\":\"https:\/\/www.tape-design.com\/app\/uploads\/2020\/11\/Logosmall.png\",\"contentUrl\":\"https:\/\/www.tape-design.com\/app\/uploads\/2020\/11\/Logosmall.png\",\"width\":340,\"height\":156,\"caption\":\"TAPEDESIGN\"},\"image\":{\"@id\":\"https:\/\/www.tape-design.com\/#\/schema\/logo\/image\/\"},\"sameAs\":[\"https:\/\/www.facebook.com\/tapedesigncom\/\",\"https:\/\/www.instagram.com\/tapedesign_socks\/?hl=de\"]}]}<\/script>","yoast_head_json":{"title":"Chaussettes Allround Classic Enfants avec ID - TAPEDESIGN","robots":{"index":"index","follow":"follow","max-snippet":"max-snippet:-1","max-image-preview":"max-image-preview:large","max-video-preview":"max-video-preview:-1"},"canonical":"https:\/\/www.tape-design.com\/fr\/produit\/chaussettes-allround-classic-enfants-avec-id-1\/","og_locale":"fr_FR","og_type":"article","og_title":"Chaussettes Allround Classic Enfants avec ID - TAPEDESIGN","og_description":"Les chaussettes antid\u00e9rapantes &#8220;Classic&#8221; impressionnent par leur grand confort de port et leur maintien optimal dans la chaussure. Dans le domaine du football, cette technologie est d\u00e9j\u00e0 indispensable pour de&hellip;","og_url":"https:\/\/www.tape-design.com\/fr\/produit\/chaussettes-allround-classic-enfants-avec-id-1\/","og_site_name":"TAPEDESIGN","article_publisher":"https:\/\/www.facebook.com\/tapedesigncom\/","article_modified_time":"2026-01-22T12:38:21+00:00","og_image":[{"width":1080,"height":1080,"url":"https:\/\/www.tape-design.com\/app\/uploads\/2020\/11\/TD_CRM_2023_TAPEDESIGN_KIDS_WITH_ID_SOCKS_NEW_2023.jpg","type":"image\/jpeg"}],"twitter_card":"summary_large_image","twitter_misc":{"Dur\u00e9e de lecture estim\u00e9e":"1 minute"},"schema":{"@context":"https:\/\/schema.org","@graph":[{"@type":"WebPage","@id":"https:\/\/www.tape-design.com\/fr\/produit\/chaussettes-allround-classic-enfants-avec-id-1\/","url":"https:\/\/www.tape-design.com\/fr\/produit\/chaussettes-allround-classic-enfants-avec-id-1\/","name":"Chaussettes Allround Classic Enfants avec ID - TAPEDESIGN","isPartOf":{"@id":"https:\/\/www.tape-design.com\/#website"},"primaryImageOfPage":{"@id":"https:\/\/www.tape-design.com\/fr\/produit\/chaussettes-allround-classic-enfants-avec-id-1\/#primaryimage"},"image":{"@id":"https:\/\/www.tape-design.com\/fr\/produit\/chaussettes-allround-classic-enfants-avec-id-1\/#primaryimage"},"thumbnailUrl":"https:\/\/www.tape-design.com\/app\/uploads\/2020\/11\/TD_CRM_2023_TAPEDESIGN_KIDS_WITH_ID_SOCKS_NEW_2023.jpg","datePublished":"2023-09-20T10:27:17+00:00","dateModified":"2026-01-22T12:38:21+00:00","breadcrumb":{"@id":"https:\/\/www.tape-design.com\/fr\/produit\/chaussettes-allround-classic-enfants-avec-id-1\/#breadcrumb"},"inLanguage":"fr-FR","potentialAction":[{"@type":"ReadAction","target":["https:\/\/www.tape-design.com\/fr\/produit\/chaussettes-allround-classic-enfants-avec-id-1\/"]}]},{"@type":"ImageObject","inLanguage":"fr-FR","@id":"https:\/\/www.tape-design.com\/fr\/produit\/chaussettes-allround-classic-enfants-avec-id-1\/#primaryimage","url":"https:\/\/www.tape-design.com\/app\/uploads\/2020\/11\/TD_CRM_2023_TAPEDESIGN_KIDS_WITH_ID_SOCKS_NEW_2023.jpg","contentUrl":"https:\/\/www.tape-design.com\/app\/uploads\/2020\/11\/TD_CRM_2023_TAPEDESIGN_KIDS_WITH_ID_SOCKS_NEW_2023.jpg","width":1080,"height":1080},{"@type":"BreadcrumbList","@id":"https:\/\/www.tape-design.com\/fr\/produit\/chaussettes-allround-classic-enfants-avec-id-1\/#breadcrumb","itemListElement":[{"@type":"ListItem","position":1,"name":"Home","item":"https:\/\/www.tape-design.com\/fr\/"},{"@type":"ListItem","position":2,"name":"Shop","item":"https:\/\/www.tape-design.com\/fr\/shop\/"},{"@type":"ListItem","position":3,"name":"Chaussettes Allround Classic Enfants avec ID"}]},{"@type":"WebSite","@id":"https:\/\/www.tape-design.com\/#website","url":"https:\/\/www.tape-design.com\/","name":"TAPEDESIGN","description":"Always a step ahead","publisher":{"@id":"https:\/\/www.tape-design.com\/#organization"},"potentialAction":[{"@type":"SearchAction","target":{"@type":"EntryPoint","urlTemplate":"https:\/\/www.tape-design.com\/?s={search_term_string}"},"query-input":{"@type":"PropertyValueSpecification","valueRequired":true,"valueName":"search_term_string"}}],"inLanguage":"fr-FR"},{"@type":"Organization","@id":"https:\/\/www.tape-design.com\/#organization","name":"TAPEDESIGN","url":"https:\/\/www.tape-design.com\/","logo":{"@type":"ImageObject","inLanguage":"fr-FR","@id":"https:\/\/www.tape-design.com\/#\/schema\/logo\/image\/","url":"https:\/\/www.tape-design.com\/app\/uploads\/2020\/11\/Logosmall.png","contentUrl":"https:\/\/www.tape-design.com\/app\/uploads\/2020\/11\/Logosmall.png","width":340,"height":156,"caption":"TAPEDESIGN"},"image":{"@id":"https:\/\/www.tape-design.com\/#\/schema\/logo\/image\/"},"sameAs":["https:\/\/www.facebook.com\/tapedesigncom\/","https:\/\/www.instagram.com\/tapedesign_socks\/?hl=de"]}]}},"_links":{"self":[{"href":"https:\/\/www.tape-design.com\/fr\/wp-json\/wp\/v2\/product\/87551","targetHints":{"allow":["GET"]}}],"collection":[{"href":"https:\/\/www.tape-design.com\/fr\/wp-json\/wp\/v2\/product"}],"about":[{"href":"https:\/\/www.tape-design.com\/fr\/wp-json\/wp\/v2\/types\/product"}],"wp:featuredmedia":[{"embeddable":true,"href":"https:\/\/www.tape-design.com\/fr\/wp-json\/wp\/v2\/media\/74104"}],"wp:attachment":[{"href":"https:\/\/www.tape-design.com\/fr\/wp-json\/wp\/v2\/media?parent=87551"}],"wp:term":[{"taxonomy":"product_cat","embeddable":true,"href":"https:\/\/www.tape-design.com\/fr\/wp-json\/wp\/v2\/product_cat?post=87551"},{"taxonomy":"product_tag","embeddable":true,"href":"https:\/\/www.tape-design.com\/fr\/wp-json\/wp\/v2\/product_tag?post=87551"},{"taxonomy":"giftcard-category","embeddable":true,"href":"https:\/\/www.tape-design.com\/fr\/wp-json\/wp\/v2\/giftcard-category?post=87551"}],"curies":[{"name":"wp","href":"https:\/\/api.w.org\/{rel}","templated":true}]}}