{"id":87593,"date":"2023-09-20T14:46:42","date_gmt":"2023-09-20T12:46:42","guid":{"rendered":"https:\/\/www.tape-design.com\/product\/tapedesign-x-paste-grip-tapes\/"},"modified":"2026-01-26T16:23:01","modified_gmt":"2026-01-26T15:23:01","slug":"tapedesign-x-paste-grip-tapes","status":"publish","type":"product","link":"https:\/\/www.tape-design.com\/fr\/produit\/tapedesign-x-paste-grip-tapes\/","title":{"rendered":"TAPEDESIGN\u00ae x PASTE\u00ae \u2013 Grip Tapes"},"content":{"rendered":"<p><strong>TAPEDESIGN<em>\u00ae<\/em> x PASTE<em>\u00ae<\/em> &#8211; Grip Tapes:<\/strong><\/p>\n<p><strong>MAXIMUM DE MAINTIEN<\/strong><br \/>\nGr\u00e2ce aux propri\u00e9t\u00e9s du mat\u00e9riau utilis\u00e9, nos porte-tibias adh\u00e8rent litt\u00e9ralement \u00e0 ta chaussette et ne peuvent donc pas glisser.<\/p>\n<p><strong>FORME PARFAITE<br \/>\n<\/strong>Gr\u00e2ce \u00e0 leur forme sp\u00e9cialement con\u00e7ue, les supports de prot\u00e8ge-tibias PASTE s&#8217;adaptent parfaitement \u00e0 la forme naturelle du mollet et s&#8217;ajustent comme une seconde peau.<\/p>\n<p><strong>FERM\u00c9 EN DUR\u00c9E<\/strong><br \/>\nGr\u00e2ce \u00e0 la forme ferm\u00e9e de nos supports, ils ne peuvent pas se d\u00e9tacher de ta jambe, m\u00eame en cas de duel pendant le match.<\/p>\n<p><strong>TAILLE UNIQUE<br \/>\n<\/strong>Gr\u00e2ce \u00e0 l&#8217;extensibilit\u00e9 du mat\u00e9riau, notre taille unique convient \u00e0 presque tout le monde. Les supports de prot\u00e8ge-tibias peuvent \u00eatre enfil\u00e9s jusqu&#8217;\u00e0 un diam\u00e8tre int\u00e9rieur d&#8217;environ 30 cm sans s&#8217;\u00e9tirer.<\/p>\n<p><strong>QUALIT\u00c9 DURABLE<\/strong><br \/>\nLes porte-tibias PASTE sont en silicone de haute qualit\u00e9, sans plastifiants ni ingr\u00e9dients d&#8217;origine animale et sont fabriqu\u00e9s en Allemagne.<\/p>\n","protected":false},"excerpt":{"rendered":"<p>Les Grip Tapes sont la tendance absolue dans le football ! ?<\/p>\n<p>\u2705 ????????? ???? &#8211; Gr\u00e2ce aux propri\u00e9t\u00e9s du mat\u00e9riau utilis\u00e9, nos supports de prot\u00e8ge-tibias collent litt\u00e9ralement \u00e0 ta chaussette et ne peuvent donc pas glisser.<br \/>\n\u2705 ????????? ??????????? &#8211; Gr\u00e2ce \u00e0 la forme ferm\u00e9e de nos Grip Tapes, ils ne peuvent pas se d\u00e9tacher de ta jambe m\u00eame en cas de duel pendant le match.<br \/>\n\u2705 ???????? ???????? &#8211; Gr\u00e2ce \u00e0 leur forme sp\u00e9cialement con\u00e7ue, les Grip Tapes \u00e9pousent parfaitement la forme naturelle du mollet et s&#8217;adaptent comme une seconde peau.<\/p>\n<p>&nbsp;<\/p>\n","protected":false},"featured_media":87579,"template":"","meta":{"_acf_changed":false},"product_cat":[3040,1306],"product_tag":[],"giftcard-category":[],"class_list":{"0":"post-87593","1":"product","2":"type-product","3":"status-publish","4":"has-post-thumbnail","6":"product_cat-griptapes-fr","7":"product_cat-accessories-fr","9":"first","10":"instock","11":"taxable","12":"shipping-taxable","13":"purchasable","14":"product-type-variable","15":"has-default-attributes"},"bundled_by":["122834","122842"],"bundle_stock_status":"instock","bundle_stock_quantity":null,"bundle_virtual":false,"bundle_layout":"","bundle_add_to_cart_form_location":"","bundle_editable_in_cart":false,"bundle_sold_individually_context":"","bundle_item_grouping":"","bundle_min_size":"","bundle_max_size":"","bundle_price":[],"bundled_items":[],"bundle_sell_ids":[],"exclude_global_add_ons":[],"addons":[],"acf":[],"yoast_head":"<title>TAPEDESIGN\u00ae x PASTE\u00ae \u2013 Grip Tapes - TAPEDESIGN<\/title>\n<meta name=\"robots\" content=\"index, follow, max-snippet:-1, max-image-preview:large, max-video-preview:-1\" \/>\n<link rel=\"canonical\" href=\"https:\/\/www.tape-design.com\/fr\/produit\/tapedesign-x-paste-grip-tapes\/\" \/>\n<meta property=\"og:locale\" content=\"fr_FR\" \/>\n<meta property=\"og:type\" content=\"article\" \/>\n<meta property=\"og:title\" content=\"TAPEDESIGN\u00ae x PASTE\u00ae \u2013 Grip Tapes - TAPEDESIGN\" \/>\n<meta property=\"og:description\" content=\"Les Grip Tapes sont la tendance absolue dans le football ! ?  \u2705 ????????? ???? - Gr\u00e2ce aux propri\u00e9t\u00e9s du mat\u00e9riau utilis\u00e9, nos supports de prot\u00e8ge-tibias collent litt\u00e9ralement \u00e0 ta chaussette et ne peuvent donc pas glisser. \u2705 ????????? ??????????? - Gr\u00e2ce \u00e0 la forme ferm\u00e9e de nos Grip Tapes, ils ne peuvent pas se d\u00e9tacher de ta jambe m\u00eame en cas de duel pendant le match. \u2705 ???????? ???????? - Gr\u00e2ce \u00e0 leur forme sp\u00e9cialement con\u00e7ue, les Grip Tapes \u00e9pousent parfaitement la forme naturelle du mollet et s&#039;adaptent comme une seconde peau.  &nbsp;\" \/>\n<meta property=\"og:url\" content=\"https:\/\/www.tape-design.com\/fr\/produit\/tapedesign-x-paste-grip-tapes\/\" \/>\n<meta property=\"og:site_name\" content=\"TAPEDESIGN\" \/>\n<meta property=\"article:publisher\" content=\"https:\/\/www.facebook.com\/tapedesigncom\/\" \/>\n<meta property=\"article:modified_time\" content=\"2026-01-26T15:23:01+00:00\" \/>\n<meta property=\"og:image\" content=\"https:\/\/www.tape-design.com\/app\/uploads\/2023\/09\/TD_2023_GRIPTAPES_PRODUKTBILD_IMG_2023.jpg\" \/>\n\t<meta property=\"og:image:width\" content=\"1350\" \/>\n\t<meta property=\"og:image:height\" content=\"1350\" \/>\n\t<meta property=\"og:image:type\" content=\"image\/jpeg\" \/>\n<meta name=\"twitter:card\" content=\"summary_large_image\" \/>\n<meta name=\"twitter:label1\" content=\"Dur\u00e9e de lecture estim\u00e9e\" \/>\n\t<meta name=\"twitter:data1\" content=\"1 minute\" \/>\n<script type=\"application\/ld+json\" class=\"yoast-schema-graph\">{\"@context\":\"https:\/\/schema.org\",\"@graph\":[{\"@type\":\"WebPage\",\"@id\":\"https:\/\/www.tape-design.com\/fr\/produit\/tapedesign-x-paste-grip-tapes\/\",\"url\":\"https:\/\/www.tape-design.com\/fr\/produit\/tapedesign-x-paste-grip-tapes\/\",\"name\":\"TAPEDESIGN\u00ae x PASTE\u00ae \u2013 Grip Tapes - TAPEDESIGN\",\"isPartOf\":{\"@id\":\"https:\/\/www.tape-design.com\/#website\"},\"primaryImageOfPage\":{\"@id\":\"https:\/\/www.tape-design.com\/fr\/produit\/tapedesign-x-paste-grip-tapes\/#primaryimage\"},\"image\":{\"@id\":\"https:\/\/www.tape-design.com\/fr\/produit\/tapedesign-x-paste-grip-tapes\/#primaryimage\"},\"thumbnailUrl\":\"https:\/\/www.tape-design.com\/app\/uploads\/2023\/09\/TD_2023_GRIPTAPES_PRODUKTBILD_IMG_2023.jpg\",\"datePublished\":\"2023-09-20T12:46:42+00:00\",\"dateModified\":\"2026-01-26T15:23:01+00:00\",\"breadcrumb\":{\"@id\":\"https:\/\/www.tape-design.com\/fr\/produit\/tapedesign-x-paste-grip-tapes\/#breadcrumb\"},\"inLanguage\":\"fr-FR\",\"potentialAction\":[{\"@type\":\"ReadAction\",\"target\":[\"https:\/\/www.tape-design.com\/fr\/produit\/tapedesign-x-paste-grip-tapes\/\"]}]},{\"@type\":\"ImageObject\",\"inLanguage\":\"fr-FR\",\"@id\":\"https:\/\/www.tape-design.com\/fr\/produit\/tapedesign-x-paste-grip-tapes\/#primaryimage\",\"url\":\"https:\/\/www.tape-design.com\/app\/uploads\/2023\/09\/TD_2023_GRIPTAPES_PRODUKTBILD_IMG_2023.jpg\",\"contentUrl\":\"https:\/\/www.tape-design.com\/app\/uploads\/2023\/09\/TD_2023_GRIPTAPES_PRODUKTBILD_IMG_2023.jpg\",\"width\":1350,\"height\":1350},{\"@type\":\"BreadcrumbList\",\"@id\":\"https:\/\/www.tape-design.com\/fr\/produit\/tapedesign-x-paste-grip-tapes\/#breadcrumb\",\"itemListElement\":[{\"@type\":\"ListItem\",\"position\":1,\"name\":\"Home\",\"item\":\"https:\/\/www.tape-design.com\/fr\/\"},{\"@type\":\"ListItem\",\"position\":2,\"name\":\"Shop\",\"item\":\"https:\/\/www.tape-design.com\/fr\/shop\/\"},{\"@type\":\"ListItem\",\"position\":3,\"name\":\"TAPEDESIGN\u00ae x PASTE\u00ae \u2013 Grip Tapes\"}]},{\"@type\":\"WebSite\",\"@id\":\"https:\/\/www.tape-design.com\/#website\",\"url\":\"https:\/\/www.tape-design.com\/\",\"name\":\"TAPEDESIGN\",\"description\":\"Always a step ahead\",\"publisher\":{\"@id\":\"https:\/\/www.tape-design.com\/#organization\"},\"potentialAction\":[{\"@type\":\"SearchAction\",\"target\":{\"@type\":\"EntryPoint\",\"urlTemplate\":\"https:\/\/www.tape-design.com\/?s={search_term_string}\"},\"query-input\":{\"@type\":\"PropertyValueSpecification\",\"valueRequired\":true,\"valueName\":\"search_term_string\"}}],\"inLanguage\":\"fr-FR\"},{\"@type\":\"Organization\",\"@id\":\"https:\/\/www.tape-design.com\/#organization\",\"name\":\"TAPEDESIGN\",\"url\":\"https:\/\/www.tape-design.com\/\",\"logo\":{\"@type\":\"ImageObject\",\"inLanguage\":\"fr-FR\",\"@id\":\"https:\/\/www.tape-design.com\/#\/schema\/logo\/image\/\",\"url\":\"https:\/\/www.tape-design.com\/app\/uploads\/2020\/11\/Logosmall.png\",\"contentUrl\":\"https:\/\/www.tape-design.com\/app\/uploads\/2020\/11\/Logosmall.png\",\"width\":340,\"height\":156,\"caption\":\"TAPEDESIGN\"},\"image\":{\"@id\":\"https:\/\/www.tape-design.com\/#\/schema\/logo\/image\/\"},\"sameAs\":[\"https:\/\/www.facebook.com\/tapedesigncom\/\",\"https:\/\/www.instagram.com\/tapedesign_socks\/?hl=de\"]}]}<\/script>","yoast_head_json":{"title":"TAPEDESIGN\u00ae x PASTE\u00ae \u2013 Grip Tapes - TAPEDESIGN","robots":{"index":"index","follow":"follow","max-snippet":"max-snippet:-1","max-image-preview":"max-image-preview:large","max-video-preview":"max-video-preview:-1"},"canonical":"https:\/\/www.tape-design.com\/fr\/produit\/tapedesign-x-paste-grip-tapes\/","og_locale":"fr_FR","og_type":"article","og_title":"TAPEDESIGN\u00ae x PASTE\u00ae \u2013 Grip Tapes - TAPEDESIGN","og_description":"Les Grip Tapes sont la tendance absolue dans le football ! ?  \u2705 ????????? ???? - Gr\u00e2ce aux propri\u00e9t\u00e9s du mat\u00e9riau utilis\u00e9, nos supports de prot\u00e8ge-tibias collent litt\u00e9ralement \u00e0 ta chaussette et ne peuvent donc pas glisser. \u2705 ????????? ??????????? - Gr\u00e2ce \u00e0 la forme ferm\u00e9e de nos Grip Tapes, ils ne peuvent pas se d\u00e9tacher de ta jambe m\u00eame en cas de duel pendant le match. \u2705 ???????? ???????? - Gr\u00e2ce \u00e0 leur forme sp\u00e9cialement con\u00e7ue, les Grip Tapes \u00e9pousent parfaitement la forme naturelle du mollet et s'adaptent comme une seconde peau.  &nbsp;","og_url":"https:\/\/www.tape-design.com\/fr\/produit\/tapedesign-x-paste-grip-tapes\/","og_site_name":"TAPEDESIGN","article_publisher":"https:\/\/www.facebook.com\/tapedesigncom\/","article_modified_time":"2026-01-26T15:23:01+00:00","og_image":[{"width":1350,"height":1350,"url":"https:\/\/www.tape-design.com\/app\/uploads\/2023\/09\/TD_2023_GRIPTAPES_PRODUKTBILD_IMG_2023.jpg","type":"image\/jpeg"}],"twitter_card":"summary_large_image","twitter_misc":{"Dur\u00e9e de lecture estim\u00e9e":"1 minute"},"schema":{"@context":"https:\/\/schema.org","@graph":[{"@type":"WebPage","@id":"https:\/\/www.tape-design.com\/fr\/produit\/tapedesign-x-paste-grip-tapes\/","url":"https:\/\/www.tape-design.com\/fr\/produit\/tapedesign-x-paste-grip-tapes\/","name":"TAPEDESIGN\u00ae x PASTE\u00ae \u2013 Grip Tapes - TAPEDESIGN","isPartOf":{"@id":"https:\/\/www.tape-design.com\/#website"},"primaryImageOfPage":{"@id":"https:\/\/www.tape-design.com\/fr\/produit\/tapedesign-x-paste-grip-tapes\/#primaryimage"},"image":{"@id":"https:\/\/www.tape-design.com\/fr\/produit\/tapedesign-x-paste-grip-tapes\/#primaryimage"},"thumbnailUrl":"https:\/\/www.tape-design.com\/app\/uploads\/2023\/09\/TD_2023_GRIPTAPES_PRODUKTBILD_IMG_2023.jpg","datePublished":"2023-09-20T12:46:42+00:00","dateModified":"2026-01-26T15:23:01+00:00","breadcrumb":{"@id":"https:\/\/www.tape-design.com\/fr\/produit\/tapedesign-x-paste-grip-tapes\/#breadcrumb"},"inLanguage":"fr-FR","potentialAction":[{"@type":"ReadAction","target":["https:\/\/www.tape-design.com\/fr\/produit\/tapedesign-x-paste-grip-tapes\/"]}]},{"@type":"ImageObject","inLanguage":"fr-FR","@id":"https:\/\/www.tape-design.com\/fr\/produit\/tapedesign-x-paste-grip-tapes\/#primaryimage","url":"https:\/\/www.tape-design.com\/app\/uploads\/2023\/09\/TD_2023_GRIPTAPES_PRODUKTBILD_IMG_2023.jpg","contentUrl":"https:\/\/www.tape-design.com\/app\/uploads\/2023\/09\/TD_2023_GRIPTAPES_PRODUKTBILD_IMG_2023.jpg","width":1350,"height":1350},{"@type":"BreadcrumbList","@id":"https:\/\/www.tape-design.com\/fr\/produit\/tapedesign-x-paste-grip-tapes\/#breadcrumb","itemListElement":[{"@type":"ListItem","position":1,"name":"Home","item":"https:\/\/www.tape-design.com\/fr\/"},{"@type":"ListItem","position":2,"name":"Shop","item":"https:\/\/www.tape-design.com\/fr\/shop\/"},{"@type":"ListItem","position":3,"name":"TAPEDESIGN\u00ae x PASTE\u00ae \u2013 Grip Tapes"}]},{"@type":"WebSite","@id":"https:\/\/www.tape-design.com\/#website","url":"https:\/\/www.tape-design.com\/","name":"TAPEDESIGN","description":"Always a step ahead","publisher":{"@id":"https:\/\/www.tape-design.com\/#organization"},"potentialAction":[{"@type":"SearchAction","target":{"@type":"EntryPoint","urlTemplate":"https:\/\/www.tape-design.com\/?s={search_term_string}"},"query-input":{"@type":"PropertyValueSpecification","valueRequired":true,"valueName":"search_term_string"}}],"inLanguage":"fr-FR"},{"@type":"Organization","@id":"https:\/\/www.tape-design.com\/#organization","name":"TAPEDESIGN","url":"https:\/\/www.tape-design.com\/","logo":{"@type":"ImageObject","inLanguage":"fr-FR","@id":"https:\/\/www.tape-design.com\/#\/schema\/logo\/image\/","url":"https:\/\/www.tape-design.com\/app\/uploads\/2020\/11\/Logosmall.png","contentUrl":"https:\/\/www.tape-design.com\/app\/uploads\/2020\/11\/Logosmall.png","width":340,"height":156,"caption":"TAPEDESIGN"},"image":{"@id":"https:\/\/www.tape-design.com\/#\/schema\/logo\/image\/"},"sameAs":["https:\/\/www.facebook.com\/tapedesigncom\/","https:\/\/www.instagram.com\/tapedesign_socks\/?hl=de"]}]}},"_links":{"self":[{"href":"https:\/\/www.tape-design.com\/fr\/wp-json\/wp\/v2\/product\/87593","targetHints":{"allow":["GET"]}}],"collection":[{"href":"https:\/\/www.tape-design.com\/fr\/wp-json\/wp\/v2\/product"}],"about":[{"href":"https:\/\/www.tape-design.com\/fr\/wp-json\/wp\/v2\/types\/product"}],"wp:featuredmedia":[{"embeddable":true,"href":"https:\/\/www.tape-design.com\/fr\/wp-json\/wp\/v2\/media\/87579"}],"wp:attachment":[{"href":"https:\/\/www.tape-design.com\/fr\/wp-json\/wp\/v2\/media?parent=87593"}],"wp:term":[{"taxonomy":"product_cat","embeddable":true,"href":"https:\/\/www.tape-design.com\/fr\/wp-json\/wp\/v2\/product_cat?post=87593"},{"taxonomy":"product_tag","embeddable":true,"href":"https:\/\/www.tape-design.com\/fr\/wp-json\/wp\/v2\/product_tag?post=87593"},{"taxonomy":"giftcard-category","embeddable":true,"href":"https:\/\/www.tape-design.com\/fr\/wp-json\/wp\/v2\/giftcard-category?post=87593"}],"curies":[{"name":"wp","href":"https:\/\/api.w.org\/{rel}","templated":true}]}}