{"id":97403,"date":"2024-01-01T12:35:23","date_gmt":"2024-01-01T11:35:25","guid":{"rendered":"https:\/\/www.tape-design.com\/?post_type=product&#038;p=97403"},"modified":"2026-01-15T14:55:14","modified_gmt":"2026-01-15T13:55:14","slug":"performance-shinguards-2-0-black-edition","status":"publish","type":"product","link":"https:\/\/www.tape-design.com\/fr\/produit\/performance-shinguards-2-0-black-edition\/","title":{"rendered":"Performance Shinguards 2.0 (Black Edition)"},"content":{"rendered":"<p><em><strong>TAPEDESIGN\u00ae &#8211; Performance Shinguards 2.0 (Black Edition)<\/strong><\/em><\/p>\n<p>Contenu de la livraison :<br \/>\n1 paire de &#8220;TAPEDESIGN\u00ae Performance Shinguards 2.0&#8221;.<br \/>\n1x sac de rangement<br \/>\n1x instructions<\/p>\n<p><strong>Application :<\/strong><\/p>\n<p>Les Shinguards sont assouplis au moyen d&#8217;air chaud (s\u00e8che-cheveux) et peuvent donc \u00eatre d\u00e9form\u00e9s individuellement.<br \/>\nPose l&#8217;un des deux Shinguards sur une surface lisse et propre (papier ou papier sulfuris\u00e9). Chauffe-le pendant 3 \u00e0 6 minutes. Attends 10 \u00e0 15 secondes avant de placer le shinguard \u00e0 l&#8217;endroit souhait\u00e9 sur ton tibia (directement sur la peau). Appuie ensuite l\u00e9g\u00e8rement sur le prot\u00e8ge-tibia pour lui donner la forme souhait\u00e9e.<\/p>\n<p>Apr\u00e8s environ 3 minutes, la protection est durcie et a pris la forme souhait\u00e9e du tibia et de la musculature.<br \/>\nR\u00e9p\u00e9ter ensuite le processus avec la deuxi\u00e8me protection.<\/p>\n<p><strong>Une adaptation parfaite :<\/strong><br \/>\nApr\u00e8s avoir \u00e9t\u00e9 chauff\u00e9es, les shinguards ont la propri\u00e9t\u00e9 d&#8217;adopter presque toutes les formes. Cela pr\u00e9sente l&#8217;avantage que n&#8217;importe quelle forme du tibia et de la musculature est adopt\u00e9e avec pr\u00e9cision.<\/p>\n<p><strong>Remarques importantes :<\/strong><br \/>\nApr\u00e8s utilisation, conserver au frais et prot\u00e9ger des rayons directs du soleil. Le non-respect des instructions peut entra\u00eener des dommages au produit. Nous d\u00e9clinons toute responsabilit\u00e9 en cas de mauvaise utilisation.<\/p>\n<p>Bien que les shinguards aient \u00e9t\u00e9 test\u00e9s, veuillez noter que m\u00eame les shinguards ne prot\u00e8gent que jusqu&#8217;\u00e0 une certaine duret\u00e9 de jeu, mais qu&#8217;aucun prot\u00e8ge-tibia ne peut offrir une protection totale contre les blessures. En cas de changement de taille des shinguards, la protection diminue en cons\u00e9quence.<br \/>\nLes shinguards peuvent \u00eatre facilement nettoy\u00e9s \u00e0 l&#8217;eau et ensuite s\u00e9ch\u00e9s. Cela permet d&#8217;\u00e9viter la formation d&#8217;odeurs d\u00e9sagr\u00e9ables.<\/p>\n","protected":false},"excerpt":{"rendered":"<p>TAPEDESIGN\u00ae &#8211; Performance Shinguards 2.0 (Black Edition) Contenu de la livraison : 1 paire de &#8220;TAPEDESIGN\u00ae Performance Shinguards 2.0&#8221;. 1x sac de rangement 1x instructions Application : Les Shinguards sont&hellip;<\/p>\n","protected":false},"featured_media":97413,"template":"","meta":{"_acf_changed":false},"product_cat":[3043,1365,1302],"product_tag":[],"giftcard-category":[],"class_list":{"0":"post-97403","1":"product","2":"type-product","3":"status-publish","4":"has-post-thumbnail","6":"product_cat-shinguards-fr","7":"product_cat-outlet-fr","8":"product_cat-all-fr","10":"first","11":"instock","12":"sale","13":"taxable","14":"shipping-taxable","15":"purchasable","16":"product-type-simple"},"bundled_by":["123510","123524","134906","134911"],"bundle_stock_status":"instock","bundle_stock_quantity":-15,"bundle_virtual":false,"bundle_layout":"","bundle_add_to_cart_form_location":"","bundle_editable_in_cart":false,"bundle_sold_individually_context":"","bundle_item_grouping":"","bundle_min_size":"","bundle_max_size":"","bundle_price":[],"bundled_items":[],"bundle_sell_ids":[],"exclude_global_add_ons":[],"addons":[],"acf":[],"yoast_head":"<title>Performance Shinguards 2.0 (Black Edition) - TAPEDESIGN<\/title>\n<meta name=\"robots\" content=\"index, follow, max-snippet:-1, max-image-preview:large, max-video-preview:-1\" \/>\n<link rel=\"canonical\" href=\"https:\/\/www.tape-design.com\/fr\/produit\/performance-shinguards-2-0-black-edition\/\" \/>\n<meta property=\"og:locale\" content=\"fr_FR\" \/>\n<meta property=\"og:type\" content=\"article\" \/>\n<meta property=\"og:title\" content=\"Performance Shinguards 2.0 (Black Edition) - TAPEDESIGN\" \/>\n<meta property=\"og:description\" content=\"TAPEDESIGN\u00ae &#8211; Performance Shinguards 2.0 (Black Edition) Contenu de la livraison : 1 paire de &#8220;TAPEDESIGN\u00ae Performance Shinguards 2.0&#8221;. 1x sac de rangement 1x instructions Application : Les Shinguards sont&hellip;\" \/>\n<meta property=\"og:url\" content=\"https:\/\/www.tape-design.com\/fr\/produit\/performance-shinguards-2-0-black-edition\/\" \/>\n<meta property=\"og:site_name\" content=\"TAPEDESIGN\" \/>\n<meta property=\"article:publisher\" content=\"https:\/\/www.facebook.com\/tapedesigncom\/\" \/>\n<meta property=\"article:modified_time\" content=\"2026-01-15T13:55:14+00:00\" \/>\n<meta property=\"og:image\" content=\"https:\/\/www.tape-design.com\/app\/uploads\/2024\/01\/TD_CRM_2024_SHINGUARDS_BLACK_EDITION.jpg\" \/>\n\t<meta property=\"og:image:width\" content=\"1080\" \/>\n\t<meta property=\"og:image:height\" content=\"1080\" \/>\n\t<meta property=\"og:image:type\" content=\"image\/jpeg\" \/>\n<meta name=\"twitter:card\" content=\"summary_large_image\" \/>\n<meta name=\"twitter:label1\" content=\"Dur\u00e9e de lecture estim\u00e9e\" \/>\n\t<meta name=\"twitter:data1\" content=\"1 minute\" \/>\n<script type=\"application\/ld+json\" class=\"yoast-schema-graph\">{\"@context\":\"https:\/\/schema.org\",\"@graph\":[{\"@type\":\"WebPage\",\"@id\":\"https:\/\/www.tape-design.com\/fr\/produit\/performance-shinguards-2-0-black-edition\/\",\"url\":\"https:\/\/www.tape-design.com\/fr\/produit\/performance-shinguards-2-0-black-edition\/\",\"name\":\"Performance Shinguards 2.0 (Black Edition) - TAPEDESIGN\",\"isPartOf\":{\"@id\":\"https:\/\/www.tape-design.com\/#website\"},\"primaryImageOfPage\":{\"@id\":\"https:\/\/www.tape-design.com\/fr\/produit\/performance-shinguards-2-0-black-edition\/#primaryimage\"},\"image\":{\"@id\":\"https:\/\/www.tape-design.com\/fr\/produit\/performance-shinguards-2-0-black-edition\/#primaryimage\"},\"thumbnailUrl\":\"https:\/\/www.tape-design.com\/app\/uploads\/2024\/01\/TD_CRM_2024_SHINGUARDS_BLACK_EDITION.jpg\",\"datePublished\":\"2024-01-01T11:35:25+00:00\",\"dateModified\":\"2026-01-15T13:55:14+00:00\",\"breadcrumb\":{\"@id\":\"https:\/\/www.tape-design.com\/fr\/produit\/performance-shinguards-2-0-black-edition\/#breadcrumb\"},\"inLanguage\":\"fr-FR\",\"potentialAction\":[{\"@type\":\"ReadAction\",\"target\":[\"https:\/\/www.tape-design.com\/fr\/produit\/performance-shinguards-2-0-black-edition\/\"]}]},{\"@type\":\"ImageObject\",\"inLanguage\":\"fr-FR\",\"@id\":\"https:\/\/www.tape-design.com\/fr\/produit\/performance-shinguards-2-0-black-edition\/#primaryimage\",\"url\":\"https:\/\/www.tape-design.com\/app\/uploads\/2024\/01\/TD_CRM_2024_SHINGUARDS_BLACK_EDITION.jpg\",\"contentUrl\":\"https:\/\/www.tape-design.com\/app\/uploads\/2024\/01\/TD_CRM_2024_SHINGUARDS_BLACK_EDITION.jpg\",\"width\":1080,\"height\":1080},{\"@type\":\"BreadcrumbList\",\"@id\":\"https:\/\/www.tape-design.com\/fr\/produit\/performance-shinguards-2-0-black-edition\/#breadcrumb\",\"itemListElement\":[{\"@type\":\"ListItem\",\"position\":1,\"name\":\"Home\",\"item\":\"https:\/\/www.tape-design.com\/fr\/\"},{\"@type\":\"ListItem\",\"position\":2,\"name\":\"Shop\",\"item\":\"https:\/\/www.tape-design.com\/fr\/shop\/\"},{\"@type\":\"ListItem\",\"position\":3,\"name\":\"Performance Shinguards 2.0 (Black Edition)\"}]},{\"@type\":\"WebSite\",\"@id\":\"https:\/\/www.tape-design.com\/#website\",\"url\":\"https:\/\/www.tape-design.com\/\",\"name\":\"TAPEDESIGN\",\"description\":\"Always a step ahead\",\"publisher\":{\"@id\":\"https:\/\/www.tape-design.com\/#organization\"},\"potentialAction\":[{\"@type\":\"SearchAction\",\"target\":{\"@type\":\"EntryPoint\",\"urlTemplate\":\"https:\/\/www.tape-design.com\/?s={search_term_string}\"},\"query-input\":{\"@type\":\"PropertyValueSpecification\",\"valueRequired\":true,\"valueName\":\"search_term_string\"}}],\"inLanguage\":\"fr-FR\"},{\"@type\":\"Organization\",\"@id\":\"https:\/\/www.tape-design.com\/#organization\",\"name\":\"TAPEDESIGN\",\"url\":\"https:\/\/www.tape-design.com\/\",\"logo\":{\"@type\":\"ImageObject\",\"inLanguage\":\"fr-FR\",\"@id\":\"https:\/\/www.tape-design.com\/#\/schema\/logo\/image\/\",\"url\":\"https:\/\/www.tape-design.com\/app\/uploads\/2020\/11\/Logosmall.png\",\"contentUrl\":\"https:\/\/www.tape-design.com\/app\/uploads\/2020\/11\/Logosmall.png\",\"width\":340,\"height\":156,\"caption\":\"TAPEDESIGN\"},\"image\":{\"@id\":\"https:\/\/www.tape-design.com\/#\/schema\/logo\/image\/\"},\"sameAs\":[\"https:\/\/www.facebook.com\/tapedesigncom\/\",\"https:\/\/www.instagram.com\/tapedesign_socks\/?hl=de\"]}]}<\/script>","yoast_head_json":{"title":"Performance Shinguards 2.0 (Black Edition) - TAPEDESIGN","robots":{"index":"index","follow":"follow","max-snippet":"max-snippet:-1","max-image-preview":"max-image-preview:large","max-video-preview":"max-video-preview:-1"},"canonical":"https:\/\/www.tape-design.com\/fr\/produit\/performance-shinguards-2-0-black-edition\/","og_locale":"fr_FR","og_type":"article","og_title":"Performance Shinguards 2.0 (Black Edition) - TAPEDESIGN","og_description":"TAPEDESIGN\u00ae &#8211; Performance Shinguards 2.0 (Black Edition) Contenu de la livraison : 1 paire de &#8220;TAPEDESIGN\u00ae Performance Shinguards 2.0&#8221;. 1x sac de rangement 1x instructions Application : Les Shinguards sont&hellip;","og_url":"https:\/\/www.tape-design.com\/fr\/produit\/performance-shinguards-2-0-black-edition\/","og_site_name":"TAPEDESIGN","article_publisher":"https:\/\/www.facebook.com\/tapedesigncom\/","article_modified_time":"2026-01-15T13:55:14+00:00","og_image":[{"width":1080,"height":1080,"url":"https:\/\/www.tape-design.com\/app\/uploads\/2024\/01\/TD_CRM_2024_SHINGUARDS_BLACK_EDITION.jpg","type":"image\/jpeg"}],"twitter_card":"summary_large_image","twitter_misc":{"Dur\u00e9e de lecture estim\u00e9e":"1 minute"},"schema":{"@context":"https:\/\/schema.org","@graph":[{"@type":"WebPage","@id":"https:\/\/www.tape-design.com\/fr\/produit\/performance-shinguards-2-0-black-edition\/","url":"https:\/\/www.tape-design.com\/fr\/produit\/performance-shinguards-2-0-black-edition\/","name":"Performance Shinguards 2.0 (Black Edition) - TAPEDESIGN","isPartOf":{"@id":"https:\/\/www.tape-design.com\/#website"},"primaryImageOfPage":{"@id":"https:\/\/www.tape-design.com\/fr\/produit\/performance-shinguards-2-0-black-edition\/#primaryimage"},"image":{"@id":"https:\/\/www.tape-design.com\/fr\/produit\/performance-shinguards-2-0-black-edition\/#primaryimage"},"thumbnailUrl":"https:\/\/www.tape-design.com\/app\/uploads\/2024\/01\/TD_CRM_2024_SHINGUARDS_BLACK_EDITION.jpg","datePublished":"2024-01-01T11:35:25+00:00","dateModified":"2026-01-15T13:55:14+00:00","breadcrumb":{"@id":"https:\/\/www.tape-design.com\/fr\/produit\/performance-shinguards-2-0-black-edition\/#breadcrumb"},"inLanguage":"fr-FR","potentialAction":[{"@type":"ReadAction","target":["https:\/\/www.tape-design.com\/fr\/produit\/performance-shinguards-2-0-black-edition\/"]}]},{"@type":"ImageObject","inLanguage":"fr-FR","@id":"https:\/\/www.tape-design.com\/fr\/produit\/performance-shinguards-2-0-black-edition\/#primaryimage","url":"https:\/\/www.tape-design.com\/app\/uploads\/2024\/01\/TD_CRM_2024_SHINGUARDS_BLACK_EDITION.jpg","contentUrl":"https:\/\/www.tape-design.com\/app\/uploads\/2024\/01\/TD_CRM_2024_SHINGUARDS_BLACK_EDITION.jpg","width":1080,"height":1080},{"@type":"BreadcrumbList","@id":"https:\/\/www.tape-design.com\/fr\/produit\/performance-shinguards-2-0-black-edition\/#breadcrumb","itemListElement":[{"@type":"ListItem","position":1,"name":"Home","item":"https:\/\/www.tape-design.com\/fr\/"},{"@type":"ListItem","position":2,"name":"Shop","item":"https:\/\/www.tape-design.com\/fr\/shop\/"},{"@type":"ListItem","position":3,"name":"Performance Shinguards 2.0 (Black Edition)"}]},{"@type":"WebSite","@id":"https:\/\/www.tape-design.com\/#website","url":"https:\/\/www.tape-design.com\/","name":"TAPEDESIGN","description":"Always a step ahead","publisher":{"@id":"https:\/\/www.tape-design.com\/#organization"},"potentialAction":[{"@type":"SearchAction","target":{"@type":"EntryPoint","urlTemplate":"https:\/\/www.tape-design.com\/?s={search_term_string}"},"query-input":{"@type":"PropertyValueSpecification","valueRequired":true,"valueName":"search_term_string"}}],"inLanguage":"fr-FR"},{"@type":"Organization","@id":"https:\/\/www.tape-design.com\/#organization","name":"TAPEDESIGN","url":"https:\/\/www.tape-design.com\/","logo":{"@type":"ImageObject","inLanguage":"fr-FR","@id":"https:\/\/www.tape-design.com\/#\/schema\/logo\/image\/","url":"https:\/\/www.tape-design.com\/app\/uploads\/2020\/11\/Logosmall.png","contentUrl":"https:\/\/www.tape-design.com\/app\/uploads\/2020\/11\/Logosmall.png","width":340,"height":156,"caption":"TAPEDESIGN"},"image":{"@id":"https:\/\/www.tape-design.com\/#\/schema\/logo\/image\/"},"sameAs":["https:\/\/www.facebook.com\/tapedesigncom\/","https:\/\/www.instagram.com\/tapedesign_socks\/?hl=de"]}]}},"_links":{"self":[{"href":"https:\/\/www.tape-design.com\/fr\/wp-json\/wp\/v2\/product\/97403","targetHints":{"allow":["GET"]}}],"collection":[{"href":"https:\/\/www.tape-design.com\/fr\/wp-json\/wp\/v2\/product"}],"about":[{"href":"https:\/\/www.tape-design.com\/fr\/wp-json\/wp\/v2\/types\/product"}],"wp:featuredmedia":[{"embeddable":true,"href":"https:\/\/www.tape-design.com\/fr\/wp-json\/wp\/v2\/media\/97413"}],"wp:attachment":[{"href":"https:\/\/www.tape-design.com\/fr\/wp-json\/wp\/v2\/media?parent=97403"}],"wp:term":[{"taxonomy":"product_cat","embeddable":true,"href":"https:\/\/www.tape-design.com\/fr\/wp-json\/wp\/v2\/product_cat?post=97403"},{"taxonomy":"product_tag","embeddable":true,"href":"https:\/\/www.tape-design.com\/fr\/wp-json\/wp\/v2\/product_tag?post=97403"},{"taxonomy":"giftcard-category","embeddable":true,"href":"https:\/\/www.tape-design.com\/fr\/wp-json\/wp\/v2\/giftcard-category?post=97403"}],"curies":[{"name":"wp","href":"https:\/\/api.w.org\/{rel}","templated":true}]}}