{"id":1536,"date":"2020-11-02T10:07:43","date_gmt":"2020-11-02T09:07:43","guid":{"rendered":"http:\/\/tapedesign.sw763nap.at.edis.global\/impressum\/"},"modified":"2025-03-05T08:04:49","modified_gmt":"2025-03-05T07:04:49","slug":"informazioni-legali","status":"publish","type":"page","link":"https:\/\/www.tape-design.com\/it\/informazioni-legali\/","title":{"rendered":"Informazioni legali"},"content":{"rendered":"\t\t<div data-elementor-type=\"wp-page\" data-elementor-id=\"1536\" class=\"elementor elementor-1536 elementor-27\" data-elementor-post-type=\"page\">\n\t\t\t\t<div class=\"elementor-element elementor-element-12d6e231 e-flex e-con-boxed e-con e-parent\" data-id=\"12d6e231\" data-element_type=\"container\">\n\t\t\t\t\t<div class=\"e-con-inner\">\n\t\t\t\t<div class=\"elementor-element elementor-element-169d1d2e elementor-widget elementor-widget-text-editor\" data-id=\"169d1d2e\" data-element_type=\"widget\" data-widget_type=\"text-editor.default\">\n\t\t\t\t<div class=\"elementor-widget-container\">\n\t\t\t\t\t\t\t\t\t<p><strong>Indirizzo di fatturazione dell\u2019ufficio<\/strong><br \/>\nTAPEDESIGN WO GmbH<br \/>\nFriedrich Schnideritschstrasse 2<br \/>\n8054 Graz, Austria<\/p>\n<p><strong>Magazzino \/ Resi<br \/>\n<\/strong>Tapedesign WO GmbH<br \/>\nHeuweg 10<br \/>\n8041 Graz<br \/>\nAustria<\/p>\n<p><a href=\"mailto:office@tape-design.com\">office@tape-design.com<\/a><\/p>\n<p><strong>Direttore Generale<\/strong>: Mario Ofner, Thomas Weber<br \/>\nRegistro delle imprese austriaco: LGZ Graz<br \/>\nNumero del registro delle imprese: 446250a<br \/>\nNumero di Partita IVA\/VAT: ATU71092809<br \/>\nCodice fiscale: 68\/572\/5665<\/p>\n<p><strong>Attuazione tecnica<\/strong><br \/>\n<a href=\"https:\/\/love-it.at\">LOVE-IT Passionate Software Solutions<\/a><\/p>\n<p><strong>Limitazione di responsabilit\u00e0:<\/strong><br \/>\nL\u2019utilizzo di questo sito web offerto da TAPEDESIGN WO GmbH \u00e8 consentito esclusivamente sulla base di queste condizioni.<\/p>\n<p>I contenuti di questo sito web sono stati compilati con la massima cura possibile. Tuttavia, TAPEDESIGN WO GmbH non si assume alcuna responsabilit\u00e0 per l\u2019esattezza, la completezza e la tempestivit\u00e0 dei contenuti forniti. TAPEDESIGN WO GmbH non garantisce l\u2019esattezza e la qualit\u00e0 dei contenuti forniti su questo sito web o che vengono trasmessi o scaricati tramite questo sito web. TAPEDESIGN WO GmbH si riserva il diritto di modificare, integrare o cancellare parti del sito web o l\u2019intera offerta senza preavviso. I contributi contrassegnati dal nome riflettono l\u2019opinione del rispettivo autore e non sempre l\u2019opinione del fornitore. Il semplice utilizzo del sito web dell\u2019offerente non costituisce un rapporto contrattuale tra l\u2019utente e l\u2019offerente.<\/p>\n<p><strong>Collegamenti esterni<\/strong><br \/>\nQuesto sito web contiene link a siti web di terzi (\u201clink esterni\u201d). Questi siti web sono soggetti alla responsabilit\u00e0 dei rispettivi gestori. Al momento della creazione dei link esterni, il fornitore di servizi ha controllato i contenuti esterni per verificare la presenza di eventuali violazioni della legge. All\u2019epoca, non erano evidenti violazioni della legge. Il fornitore non ha alcuna influenza sulla struttura attuale e futura e sui contenuti delle pagine collegate. L\u2019inclusione di link esterni non significa che il fornitore adotti il contenuto dietro il riferimento o il link come proprio. Un controllo costante dei collegamenti esterni non \u00e8 ragionevole per il fornitore senza prove concrete di violazioni della legge. Tuttavia, se tali violazioni della legge dovessero venire a conoscenza, tali link esterni saranno immediatamente cancellati.<\/p>\n<p><strong>Copyright e diritti d\u2019autore accessori<\/strong><\/p>\n<p>I contenuti pubblicati su questo sito web sono soggetti a copyright e diritti d\u2019autore accessori. Qualsiasi utilizzo richiede la previa autorizzazione scritta di TAPEDESIGN WO GmbH ed \u00e8 consentito solo con la menzione delle informazioni sul copyright. Ci\u00f2 vale in particolare per la duplicazione, la redazione, la traduzione, la memorizzazione, l\u2019elaborazione o la riproduzione di contenuti in banche dati o altri mezzi e sistemi elettronici. I contenuti e i diritti di terzi sono contrassegnati come tali.<\/p>\n<p><strong>Cookies<\/strong><br \/>\nLe pagine Internet utilizzano i cosiddetti cookies in diversi punti. Servono a rendere la nostra offerta pi\u00f9 facile da usare, pi\u00f9 efficace e pi\u00f9 sicura. I cookie sono piccoli file di testo che vengono memorizzati sul vostro computer dal vostro browser. La maggior parte dei cookie che utilizziamo sono i cosiddetti \u201ccookie di sessione\u201d. Vengono automaticamente cancellati alla fine della visita. I cookie non danneggiano il computer e non contengono virus.<\/p>\n<p><strong>Esclusione di responsabilit\u00e0 Google Analytics<\/strong><\/p>\n<p>Questo sito web utilizza Google Analytics, un servizio di analisi web fornito da Google Inc. (\u201cGoogle\u201d). Google Analytics utilizza dei \u201ccookies\u201d, che sono file di testo che vengono depositati sul vostro computer per consentire al sito web di analizzare come gli utenti utilizzano il sito. Le informazioni generate dal cookie sull\u2019utilizzo del sito web da parte vostra (compreso il vostro indirizzo IP, che viene comunque reso anonimo con il metodo _anonymizeIp() in modo che non possa pi\u00f9 essere assegnato a una connessione) vengono trasmesse a un server di Google negli Stati Uniti e ivi memorizzate.<br \/>\nGoogle utilizzer\u00e0 queste informazioni allo scopo di valutare il vostro utilizzo del sito web, compilare report sulle attivit\u00e0 del sito web per gli operatori del sito web e fornire altri servizi relativi alle attivit\u00e0 del sito web e all\u2019utilizzo di Internet. Google pu\u00f2 anche trasferire queste informazioni a terzi ove ci\u00f2 sia imposto dalla legge o laddove tali terzi trattino le suddette informazioni per conto di Google. Google non assocer\u00e0 il vostro indirizzo IP a nessun altro dato posseduto da Google. Potete rifiutarvi di usare i cookies selezionando l\u2019impostazione appropriata sul vostro browser, tuttavia vi preghiamo di notare che se lo fate, potreste non essere in grado di utilizzare tutte le funzionalit\u00e0 di questo sito web. Utilizzando il presente sito web, voi acconsentite al trattamento dei vostri dati da parte di Google per le modalit\u00e0 e per le finalit\u00e0 di cui sopra.<br \/>\nPotete opporvi alla raccolta di dati da parte di Google Analytics con effetto per il futuro installando un modulo aggiuntivo di disattivazione (<a href=\"http:\/\/tools.google.com\/dlpage\/gaoptout?hl=de\">http:\/\/tools.google.com\/dlpage\/gaoptout?hl=de<\/a>) per il vostro browser.<\/p>\n<p><strong>Risoluzione delle controversie online<\/strong><br \/>\nLa Commissione europea mette a disposizione una piattaforma per la risoluzione delle controversie online (ODR), disponibile all\u2019indirizzo\u00a0<a href=\"http:\/\/ec.europa.eu\/consumers\/odr\/\">http:\/\/ec.europa.eu\/consumers\/odr\/<\/a><br \/>\nNon intendiamo partecipare ad alcuna procedura di risoluzione delle controversie dinanzi a un organo di risoluzione delle controversie.<\/p>\n\t\t\t\t\t\t\t\t<\/div>\n\t\t\t\t<\/div>\n\t\t\t\t\t<\/div>\n\t\t\t\t<\/div>\n\t\t\t\t<\/div>\n\t\t","protected":false},"excerpt":{"rendered":"<p>Indirizzo di fatturazione dell\u2019ufficio TAPEDESIGN WO GmbH Friedrich Schnideritschstrasse 2 8054 Graz, Austria Magazzino \/ Resi Tapedesign WO GmbH Heuweg 10 8041 Graz Austria office@tape-design.com Direttore Generale: Mario Ofner, Thomas&hellip;<\/p>\n","protected":false},"author":1,"featured_media":0,"parent":0,"menu_order":0,"comment_status":"closed","ping_status":"closed","template":"","meta":{"_acf_changed":false,"footnotes":""},"class_list":["post-1536","page","type-page","status-publish","hentry"],"acf":[],"yoast_head":"<title>Informazioni legali - TAPEDESIGN<\/title>\n<meta name=\"robots\" content=\"index, follow, max-snippet:-1, max-image-preview:large, max-video-preview:-1\" \/>\n<link rel=\"canonical\" href=\"https:\/\/www.tape-design.com\/it\/informazioni-legali\/\" \/>\n<meta property=\"og:locale\" content=\"it_IT\" \/>\n<meta property=\"og:type\" content=\"article\" \/>\n<meta property=\"og:title\" content=\"Informazioni legali - TAPEDESIGN\" \/>\n<meta property=\"og:description\" content=\"Indirizzo di fatturazione dell\u2019ufficio TAPEDESIGN WO GmbH Friedrich Schnideritschstrasse 2 8054 Graz, Austria Magazzino \/ Resi Tapedesign WO GmbH Heuweg 10 8041 Graz Austria office@tape-design.com Direttore Generale: Mario Ofner, Thomas&hellip;\" \/>\n<meta property=\"og:url\" content=\"https:\/\/www.tape-design.com\/it\/informazioni-legali\/\" \/>\n<meta property=\"og:site_name\" content=\"TAPEDESIGN\" \/>\n<meta property=\"article:publisher\" content=\"https:\/\/www.facebook.com\/tapedesigncom\/\" \/>\n<meta property=\"article:modified_time\" content=\"2025-03-05T07:04:49+00:00\" \/>\n<meta name=\"twitter:card\" content=\"summary_large_image\" \/>\n<meta name=\"twitter:label1\" content=\"Tempo di lettura stimato\" \/>\n\t<meta name=\"twitter:data1\" content=\"5 minuti\" \/>\n<script type=\"application\/ld+json\" class=\"yoast-schema-graph\">{\"@context\":\"https:\/\/schema.org\",\"@graph\":[{\"@type\":\"WebPage\",\"@id\":\"https:\/\/www.tape-design.com\/it\/informazioni-legali\/\",\"url\":\"https:\/\/www.tape-design.com\/it\/informazioni-legali\/\",\"name\":\"Informazioni legali - TAPEDESIGN\",\"isPartOf\":{\"@id\":\"https:\/\/www.tape-design.com\/#website\"},\"datePublished\":\"2020-11-02T09:07:43+00:00\",\"dateModified\":\"2025-03-05T07:04:49+00:00\",\"breadcrumb\":{\"@id\":\"https:\/\/www.tape-design.com\/it\/informazioni-legali\/#breadcrumb\"},\"inLanguage\":\"it-IT\",\"potentialAction\":[{\"@type\":\"ReadAction\",\"target\":[\"https:\/\/www.tape-design.com\/it\/informazioni-legali\/\"]}]},{\"@type\":\"BreadcrumbList\",\"@id\":\"https:\/\/www.tape-design.com\/it\/informazioni-legali\/#breadcrumb\",\"itemListElement\":[{\"@type\":\"ListItem\",\"position\":1,\"name\":\"Home\",\"item\":\"https:\/\/www.tape-design.com\/it\/\"},{\"@type\":\"ListItem\",\"position\":2,\"name\":\"Informazioni legali\"}]},{\"@type\":\"WebSite\",\"@id\":\"https:\/\/www.tape-design.com\/#website\",\"url\":\"https:\/\/www.tape-design.com\/\",\"name\":\"TAPEDESIGN\",\"description\":\"Always a step ahead\",\"publisher\":{\"@id\":\"https:\/\/www.tape-design.com\/#organization\"},\"potentialAction\":[{\"@type\":\"SearchAction\",\"target\":{\"@type\":\"EntryPoint\",\"urlTemplate\":\"https:\/\/www.tape-design.com\/?s={search_term_string}\"},\"query-input\":{\"@type\":\"PropertyValueSpecification\",\"valueRequired\":true,\"valueName\":\"search_term_string\"}}],\"inLanguage\":\"it-IT\"},{\"@type\":\"Organization\",\"@id\":\"https:\/\/www.tape-design.com\/#organization\",\"name\":\"TAPEDESIGN\",\"url\":\"https:\/\/www.tape-design.com\/\",\"logo\":{\"@type\":\"ImageObject\",\"inLanguage\":\"it-IT\",\"@id\":\"https:\/\/www.tape-design.com\/#\/schema\/logo\/image\/\",\"url\":\"https:\/\/www.tape-design.com\/app\/uploads\/2020\/11\/Logosmall.png\",\"contentUrl\":\"https:\/\/www.tape-design.com\/app\/uploads\/2020\/11\/Logosmall.png\",\"width\":340,\"height\":156,\"caption\":\"TAPEDESIGN\"},\"image\":{\"@id\":\"https:\/\/www.tape-design.com\/#\/schema\/logo\/image\/\"},\"sameAs\":[\"https:\/\/www.facebook.com\/tapedesigncom\/\",\"https:\/\/www.instagram.com\/tapedesign_socks\/?hl=de\"]}]}<\/script>","yoast_head_json":{"title":"Informazioni legali - TAPEDESIGN","robots":{"index":"index","follow":"follow","max-snippet":"max-snippet:-1","max-image-preview":"max-image-preview:large","max-video-preview":"max-video-preview:-1"},"canonical":"https:\/\/www.tape-design.com\/it\/informazioni-legali\/","og_locale":"it_IT","og_type":"article","og_title":"Informazioni legali - TAPEDESIGN","og_description":"Indirizzo di fatturazione dell\u2019ufficio TAPEDESIGN WO GmbH Friedrich Schnideritschstrasse 2 8054 Graz, Austria Magazzino \/ Resi Tapedesign WO GmbH Heuweg 10 8041 Graz Austria office@tape-design.com Direttore Generale: Mario Ofner, Thomas&hellip;","og_url":"https:\/\/www.tape-design.com\/it\/informazioni-legali\/","og_site_name":"TAPEDESIGN","article_publisher":"https:\/\/www.facebook.com\/tapedesigncom\/","article_modified_time":"2025-03-05T07:04:49+00:00","twitter_card":"summary_large_image","twitter_misc":{"Tempo di lettura stimato":"5 minuti"},"schema":{"@context":"https:\/\/schema.org","@graph":[{"@type":"WebPage","@id":"https:\/\/www.tape-design.com\/it\/informazioni-legali\/","url":"https:\/\/www.tape-design.com\/it\/informazioni-legali\/","name":"Informazioni legali - TAPEDESIGN","isPartOf":{"@id":"https:\/\/www.tape-design.com\/#website"},"datePublished":"2020-11-02T09:07:43+00:00","dateModified":"2025-03-05T07:04:49+00:00","breadcrumb":{"@id":"https:\/\/www.tape-design.com\/it\/informazioni-legali\/#breadcrumb"},"inLanguage":"it-IT","potentialAction":[{"@type":"ReadAction","target":["https:\/\/www.tape-design.com\/it\/informazioni-legali\/"]}]},{"@type":"BreadcrumbList","@id":"https:\/\/www.tape-design.com\/it\/informazioni-legali\/#breadcrumb","itemListElement":[{"@type":"ListItem","position":1,"name":"Home","item":"https:\/\/www.tape-design.com\/it\/"},{"@type":"ListItem","position":2,"name":"Informazioni legali"}]},{"@type":"WebSite","@id":"https:\/\/www.tape-design.com\/#website","url":"https:\/\/www.tape-design.com\/","name":"TAPEDESIGN","description":"Always a step ahead","publisher":{"@id":"https:\/\/www.tape-design.com\/#organization"},"potentialAction":[{"@type":"SearchAction","target":{"@type":"EntryPoint","urlTemplate":"https:\/\/www.tape-design.com\/?s={search_term_string}"},"query-input":{"@type":"PropertyValueSpecification","valueRequired":true,"valueName":"search_term_string"}}],"inLanguage":"it-IT"},{"@type":"Organization","@id":"https:\/\/www.tape-design.com\/#organization","name":"TAPEDESIGN","url":"https:\/\/www.tape-design.com\/","logo":{"@type":"ImageObject","inLanguage":"it-IT","@id":"https:\/\/www.tape-design.com\/#\/schema\/logo\/image\/","url":"https:\/\/www.tape-design.com\/app\/uploads\/2020\/11\/Logosmall.png","contentUrl":"https:\/\/www.tape-design.com\/app\/uploads\/2020\/11\/Logosmall.png","width":340,"height":156,"caption":"TAPEDESIGN"},"image":{"@id":"https:\/\/www.tape-design.com\/#\/schema\/logo\/image\/"},"sameAs":["https:\/\/www.facebook.com\/tapedesigncom\/","https:\/\/www.instagram.com\/tapedesign_socks\/?hl=de"]}]}},"_links":{"self":[{"href":"https:\/\/www.tape-design.com\/it\/wp-json\/wp\/v2\/pages\/1536","targetHints":{"allow":["GET"]}}],"collection":[{"href":"https:\/\/www.tape-design.com\/it\/wp-json\/wp\/v2\/pages"}],"about":[{"href":"https:\/\/www.tape-design.com\/it\/wp-json\/wp\/v2\/types\/page"}],"author":[{"embeddable":true,"href":"https:\/\/www.tape-design.com\/it\/wp-json\/wp\/v2\/users\/1"}],"replies":[{"embeddable":true,"href":"https:\/\/www.tape-design.com\/it\/wp-json\/wp\/v2\/comments?post=1536"}],"version-history":[{"count":10,"href":"https:\/\/www.tape-design.com\/it\/wp-json\/wp\/v2\/pages\/1536\/revisions"}],"predecessor-version":[{"id":124456,"href":"https:\/\/www.tape-design.com\/it\/wp-json\/wp\/v2\/pages\/1536\/revisions\/124456"}],"wp:attachment":[{"href":"https:\/\/www.tape-design.com\/it\/wp-json\/wp\/v2\/media?parent=1536"}],"curies":[{"name":"wp","href":"https:\/\/api.w.org\/{rel}","templated":true}]}}