{"id":1719,"date":"2020-11-03T21:43:21","date_gmt":"2020-11-03T20:43:21","guid":{"rendered":"http:\/\/tapedesign.sw763nap.at.edis.global\/agb\/"},"modified":"2025-03-06T08:56:30","modified_gmt":"2025-03-06T07:56:30","slug":"termini-e-condizioni","status":"publish","type":"page","link":"https:\/\/www.tape-design.com\/it\/termini-e-condizioni\/","title":{"rendered":"Termini e condizioni"},"content":{"rendered":"\t\t<div data-elementor-type=\"wp-page\" data-elementor-id=\"1719\" class=\"elementor elementor-1719 elementor-85\" data-elementor-post-type=\"page\">\n\t\t\t\t<div class=\"elementor-element elementor-element-518e004f e-flex e-con-boxed e-con e-parent\" data-id=\"518e004f\" data-element_type=\"container\">\n\t\t\t\t\t<div class=\"e-con-inner\">\n\t\t\t\t<div class=\"elementor-element elementor-element-4546f426 elementor-widget elementor-widget-text-editor\" data-id=\"4546f426\" data-element_type=\"widget\" data-widget_type=\"text-editor.default\">\n\t\t\t\t<div class=\"elementor-widget-container\">\n\t\t\t\t\t\t\t\t\t<header class=\"entry-header\">\n<h1 class=\"entry-title\"><span style=\"font-size: 18px;\">Condizioni contrattuali nell\u2019ambito dei contratti di acquisto conclusi tramite la piattaforma <\/span><a style=\"font-size: 18px;\" href=\"https:\/\/www.tape-design.com\/it\/\">https:\/\/www.tape-design.com<\/a><\/h1>\n<\/header>\n<div class=\"entry-content\">\n<div class=\"wpb-content-wrapper\">\n<div class=\"vc_row wpb_row vc_row-fluid\">\n<div class=\"wpb_column vc_column_container vc_col-sm-12\">\n<div class=\"vc_column-inner\">\n<div class=\"wpb_wrapper\">\n<div class=\"wpb_text_column wpb_content_element\">\n<div class=\"wpb_wrapper\">\n<p>tra<\/p>\n<p>TAPEDESIGN WO GmbH<br \/>\nFriedrich Schnideritschstrasse 2<br \/>\n8054 Graz<br \/>\nAustria<\/p>\n<p>\u2013 di seguito denominato il \u201cFornitore\u201d.<\/p>\n<p>e<\/p>\n<p>gli utenti di questa piattaforma designati al \u00a7 2 delle presenti Condizioni Generali \u2013 di seguito denominati \u201cCliente\/Clienti\u201d \u2013 sono conclusi.<\/p>\n<p>&nbsp;<\/p>\n<h3>\u00a7 1 Campo di applicazione<\/h3>\n<p>Per i rapporti commerciali tra il fornitore e il cliente si applicano esclusivamente le seguenti condizioni generali di contratto nella versione in vigore al momento dell\u2019ordine. Condizioni divergenti del cliente non vengono riconosciute, a meno che il fornitore non accetti espressamente per iscritto la loro validit\u00e0.<\/p>\n<h3>\u00a7 2. Conclusione del contratto<\/h3>\n<p>(1) Il cliente pu\u00f2 selezionare i prodotti della gamma di prodotti del fornitore e raccoglierli nel cosiddetto carrello cliccando sul pulsante \u201cAggiungi al carrello\u201d. Tramite il pulsante \u201cAcquista ora\u201d invia una richiesta vincolante per l\u2019acquisto della merce nel carrello. Prima di inviare l\u2019ordine, il cliente pu\u00f2 modificare e visualizzare i dati in qualsiasi momento.<\/p>\n<p>(2) Il fornitore invia quindi al cliente una conferma automatica di ricevimento con oggetto \u201cConferma dell\u2019ordine con Tapedesign\u201d via e-mail, nella quale l\u2019ordine del cliente viene nuovamente elencato e che il cliente pu\u00f2 stampare con la funzione \u201cStampa\u201d. L\u2019ordine del cliente (1) rappresenta l\u2019offerta di concludere un contratto con il rispettivo contenuto del carrello. La conferma di ricevimento (conferma d\u2019ordine) rappresenta l\u2019accettazione dell\u2019offerta da parte del fornitore. Il contenuto dell\u2019ordine \u00e8 riassunto in questa conferma. In questa e-mail o in una e-mail separata, ma al pi\u00f9 tardi al momento della consegna della merce, il testo del contratto (composto da ordine, CGC e conferma d\u2019ordine) sar\u00e0 inviato al cliente da noi su un supporto dati permanente (e-mail o stampa cartacea). Il testo del contratto sar\u00e0 conservato nel rispetto delle norme sulla protezione dei dati personali.<\/p>\n<p>(3) Il contratto \u00e8 concluso nella lingua: Tedesca.<\/p>\n<h3>\u00a7 3 Consegna, disponibilit\u00e0 della merce, modalit\u00e0 di pagamento<\/h3>\n<p>(1) I tempi di consegna da noi indicati saranno calcolati a partire dalla data della nostra conferma d\u2019ordine (\u00a7 2 (2 (2) delle presenti Condizioni Generali), previo pagamento del prezzo d\u2019acquisto.<\/p>\n<p>(2) Se il prodotto specificato dal cliente nell\u2019ordine non \u00e8 disponibile temporaneamente, il fornitore informer\u00e0 immediatamente il cliente. In caso di ritardo nella consegna superiore a due settimane, il cliente ha il diritto di recedere dal contratto. Inoltre, in questo caso, l\u2019offerente ha anche il diritto di recedere dal contratto. In questo caso rimborser\u00e0 immediatamente i pagamenti gi\u00e0 effettuati dal cliente.<\/p>\n<p>(3) Si applicano le seguenti restrizioni di consegna: Il fornitore consegna solo a clienti che hanno la loro residenza abituale (indirizzo di fatturazione) in uno dei seguenti paesi e che possono fornire un indirizzo di consegna nello stesso paese: Austria, Germania,<br \/>\nCipro, Albania, Estonia, Lituania, Lussemburgo, Malta, Moldavia, Monaco, Paesi Bassi, Macedonia del Nord, Polonia, Serbia, Turchia, Georgia, Bosnia-Erzegovina, Bulgaria, Norvegia, Romania, Belgio, Danimarca, Finlandia, Francia, Italia, Croazia, Svezia, Slovacchia, Slovenia, Repubblica Ceca, Regno Unito, Armenia, Azerbaigian, Grecia, Irlanda, Svizzera, Spagna, Ucraina, Sudafrica, Bahrain, Qatar, Oman, Arabia Saudita, Emirati Arabi Uniti, Portogallo, Russia, Bielorussia, Ghana, Cina, India, Giappone, Kuwait, Corea del Sud, Messico, Panama, Trinidad e Tobago, USA, Argentina, Bolivia, Cile, Ecuador, Colombia, Paraguay, Per\u00f9, Uruguay, Venezuela, Canada, Bahamas, Isole Vergini britanniche, Isole Cayman, Costa Rica, Australia.<\/p>\n<p>(4) Il cliente pu\u00f2 completare il pagamento tramite PayPal, Stripe (carte di credito), bonifico bancario istantaneo, fattura Klarna, Apple Pay e iDEAL. Ulteriori informazioni sui metodi di pagamento.<\/p>\n<p>(5) Il pagamento del prezzo di acquisto \u00e8 dovuto immediatamente dopo la conclusione del contratto. Se la data di scadenza del pagamento \u00e8 determinata in base al calendario, il cliente \u00e8 gi\u00e0 in mora per mancanza di tale data.<\/p>\n<p>(6) Nessuno scambio di prodotti personalizzati.<\/p>\n<h3>\u00a7 4 Riserva di propriet\u00e0<\/h3>\n<p>Fino al completo pagamento del prezzo di acquisto, la merce consegnata rimane di propriet\u00e0 del fornitore.<\/p>\n<h3>\u00a7 5 Prezzi e spese di spedizione<\/h3>\n<p>(1) Tutti i prezzi indicati sul sito web dell\u2019offerente sono comprensivi dell\u2019imposta sul valore aggiunto prevista dalla legge.<\/p>\n<p>(2) Le relative spese di spedizione sono indicate al cliente nel modulo d\u2019ordine e sono a suo carico, a meno che il cliente non si avvalga di un eventuale diritto di recesso.<\/p>\n<p>(3) In caso di revoca il cliente deve sostenere i costi diretti della restituzione.<\/p>\n<h3>\u00a7 6 Garanzia per difetti di materiale<\/h3>\n<p>(1) L\u2019offerente \u00e8 responsabile per difetti materiali in conformit\u00e0 alle disposizioni di legge applicabili, in particolare ai \u00a7\u00a7 434 e seguenti del Codice Civile tedesco (BGB). BGB (CODICE CIVILE TEDESCO). Il periodo di garanzia per gli articoli consegnati dal fornitore agli imprenditori \u00e8 di 12 mesi.<\/p>\n<h3>\u00a7 7 Responsabilit\u00e0<\/h3>\n<p>(1) Sono escluse le richieste di risarcimento danni del cliente. Sono escluse le richieste di risarcimento danni da parte del cliente per lesioni alla vita, all\u2019incolumit\u00e0 fisica o alla salute o per violazione di obblighi contrattuali essenziali (obblighi cardinali), nonch\u00e9 la responsabilit\u00e0 per altri danni derivanti da una violazione intenzionale o per negligenza grave da parte del fornitore, dei suoi rappresentanti legali o ausiliari. Gli obblighi contrattuali essenziali sono quelli il cui adempimento \u00e8 necessario per raggiungere l\u2019obiettivo del contratto.<\/p>\n<p>(2) In caso di violazione di obblighi contrattuali essenziali, il fornitore \u00e8 responsabile per i danni prevedibili tipici del contratto solo se ci\u00f2 \u00e8 stato causato da semplice negligenza, a meno che il danno non sia un diritto di risarcimento da parte del cliente per lesioni alla vita, all\u2019incolumit\u00e0 fisica o alla salute.<\/p>\n<p>(3) Le limitazioni di cui ai paragrafi 1 e 2 si applicano anche a favore dei rappresentanti legali e degli agenti ausiliari del prestatore, se le pretese sono fatte valere direttamente nei loro confronti.<\/p>\n<p>(4) Le disposizioni della legge sulla responsabilit\u00e0 del prodotto rimangono invariate.<\/p>\n<h3>\u00a7 8 Note sul trattamento dei dati<\/h3>\n<p>(1) Il fornitore raccoglie i dati del cliente nell\u2019ambito della gestione dei contratti. Osserva in particolare le disposizioni della legge federale sulla protezione dei dati e della legge sui media telematici. Senza il consenso del cliente, l\u2019offerente raccoglier\u00e0, elaborer\u00e0 o utilizzer\u00e0 i dati di inventario e di utilizzo del cliente solo nella misura in cui ci\u00f2 sia necessario per l\u2019elaborazione del rapporto contrattuale e per l\u2019utilizzo e la fatturazione dei mezzi telematici.<\/p>\n<p>(2) Senza il consenso del cliente, l\u2019offerente non utilizzer\u00e0 i dati del cliente per scopi pubblicitari, ricerche di mercato o di opinione.<\/p>\n<h3>\u00a7 9 Disposizioni finali<\/h3>\n<p>(1) Per i contratti tra il fornitore e il cliente si applica il diritto della Repubblica Federale Tedesca, ad esclusione della Convenzione delle Nazioni Unite sui contratti di compravendita internazionale di merci e del diritto privato internazionale.<\/p>\n<p>(2) Se il cliente \u00e8 un commerciante, una persona giuridica di diritto pubblico o un fondo speciale di diritto pubblico, il foro competente per tutte le controversie derivanti dai rapporti contrattuali tra il cliente e l\u2019offerente \u00e8 la sede legale dell\u2019offerente.<\/p>\n<p>(3) Il contratto rimane vincolante nelle sue parti rimanenti anche se singoli punti sono giuridicamente inefficaci. Invece dei punti inefficaci, la fase di regolamentazione legale, se disponibile. Nella misura in cui ci\u00f2 rappresenterebbe un disagio irragionevole per una parte contraente, il contratto nel suo complesso diventa inefficace.<\/p>\n<div class=\"woocommerce woocommerce-gzd woocommerce-gzd-complaints-shortcode\">\n<h3>Risoluzione alternativa delle controversie ai sensi dell\u2019art. 14 (1) ODR-VO e \u00a7 36 VSBG:<\/h3>\n<p>La Commissione europea mette a disposizione una piattaforma per la risoluzione delle controversie online (OS), disponibile all\u2019indirizzo\u00a0<a href=\"https:\/\/ec.europa.eu\/consumers\/odr\">https:\/\/ec.europa.eu\/consumers\/odr<\/a>\u00a0. Non siamo obbligati o disposti a partecipare a una procedura di risoluzione delle controversie dinanzi a un collegio arbitrale dei consumatori.<\/p>\n<\/div>\n<\/div>\n<\/div>\n<\/div>\n<\/div>\n<\/div>\n<\/div>\n<\/div>\n<\/div>\n\t\t\t\t\t\t\t\t<\/div>\n\t\t\t\t<\/div>\n\t\t\t\t\t<\/div>\n\t\t\t\t<\/div>\n\t\t\t\t<\/div>\n\t\t","protected":false},"excerpt":{"rendered":"<p>Condizioni contrattuali nell\u2019ambito dei contratti di acquisto conclusi tramite la piattaforma https:\/\/www.tape-design.com tra TAPEDESIGN WO GmbH Friedrich Schnideritschstrasse 2 8054 Graz Austria \u2013 di seguito denominato il \u201cFornitore\u201d. e gli&hellip;<\/p>\n","protected":false},"author":1,"featured_media":0,"parent":0,"menu_order":0,"comment_status":"closed","ping_status":"closed","template":"","meta":{"_acf_changed":false,"footnotes":""},"class_list":["post-1719","page","type-page","status-publish","hentry"],"acf":[],"yoast_head":"<title>Termini e condizioni - TAPEDESIGN<\/title>\n<meta name=\"robots\" content=\"noindex, follow\" \/>\n<meta property=\"og:locale\" content=\"it_IT\" \/>\n<meta property=\"og:type\" content=\"article\" \/>\n<meta property=\"og:title\" content=\"Termini e condizioni - TAPEDESIGN\" \/>\n<meta property=\"og:description\" content=\"Condizioni contrattuali nell\u2019ambito dei contratti di acquisto conclusi tramite la piattaforma https:\/\/www.tape-design.com tra TAPEDESIGN WO GmbH Friedrich Schnideritschstrasse 2 8054 Graz Austria \u2013 di seguito denominato il \u201cFornitore\u201d. e gli&hellip;\" \/>\n<meta property=\"og:url\" content=\"https:\/\/www.tape-design.com\/it\/termini-e-condizioni\/\" \/>\n<meta property=\"og:site_name\" content=\"TAPEDESIGN\" \/>\n<meta property=\"article:publisher\" content=\"https:\/\/www.facebook.com\/tapedesigncom\/\" \/>\n<meta property=\"article:modified_time\" content=\"2025-03-06T07:56:30+00:00\" \/>\n<meta name=\"twitter:card\" content=\"summary_large_image\" \/>\n<meta name=\"twitter:label1\" content=\"Tempo di lettura stimato\" \/>\n\t<meta name=\"twitter:data1\" content=\"6 minuti\" \/>\n<script type=\"application\/ld+json\" class=\"yoast-schema-graph\">{\"@context\":\"https:\/\/schema.org\",\"@graph\":[{\"@type\":\"WebPage\",\"@id\":\"https:\/\/www.tape-design.com\/it\/termini-e-condizioni\/\",\"url\":\"https:\/\/www.tape-design.com\/it\/termini-e-condizioni\/\",\"name\":\"Termini e condizioni - TAPEDESIGN\",\"isPartOf\":{\"@id\":\"https:\/\/www.tape-design.com\/#website\"},\"datePublished\":\"2020-11-03T20:43:21+00:00\",\"dateModified\":\"2025-03-06T07:56:30+00:00\",\"breadcrumb\":{\"@id\":\"https:\/\/www.tape-design.com\/it\/termini-e-condizioni\/#breadcrumb\"},\"inLanguage\":\"it-IT\",\"potentialAction\":[{\"@type\":\"ReadAction\",\"target\":[\"https:\/\/www.tape-design.com\/it\/termini-e-condizioni\/\"]}]},{\"@type\":\"BreadcrumbList\",\"@id\":\"https:\/\/www.tape-design.com\/it\/termini-e-condizioni\/#breadcrumb\",\"itemListElement\":[{\"@type\":\"ListItem\",\"position\":1,\"name\":\"Home\",\"item\":\"https:\/\/www.tape-design.com\/it\/\"},{\"@type\":\"ListItem\",\"position\":2,\"name\":\"Termini e condizioni\"}]},{\"@type\":\"WebSite\",\"@id\":\"https:\/\/www.tape-design.com\/#website\",\"url\":\"https:\/\/www.tape-design.com\/\",\"name\":\"TAPEDESIGN\",\"description\":\"Always a step ahead\",\"publisher\":{\"@id\":\"https:\/\/www.tape-design.com\/#organization\"},\"potentialAction\":[{\"@type\":\"SearchAction\",\"target\":{\"@type\":\"EntryPoint\",\"urlTemplate\":\"https:\/\/www.tape-design.com\/?s={search_term_string}\"},\"query-input\":{\"@type\":\"PropertyValueSpecification\",\"valueRequired\":true,\"valueName\":\"search_term_string\"}}],\"inLanguage\":\"it-IT\"},{\"@type\":\"Organization\",\"@id\":\"https:\/\/www.tape-design.com\/#organization\",\"name\":\"TAPEDESIGN\",\"url\":\"https:\/\/www.tape-design.com\/\",\"logo\":{\"@type\":\"ImageObject\",\"inLanguage\":\"it-IT\",\"@id\":\"https:\/\/www.tape-design.com\/#\/schema\/logo\/image\/\",\"url\":\"https:\/\/www.tape-design.com\/app\/uploads\/2020\/11\/Logosmall.png\",\"contentUrl\":\"https:\/\/www.tape-design.com\/app\/uploads\/2020\/11\/Logosmall.png\",\"width\":340,\"height\":156,\"caption\":\"TAPEDESIGN\"},\"image\":{\"@id\":\"https:\/\/www.tape-design.com\/#\/schema\/logo\/image\/\"},\"sameAs\":[\"https:\/\/www.facebook.com\/tapedesigncom\/\",\"https:\/\/www.instagram.com\/tapedesign_socks\/?hl=de\"]}]}<\/script>","yoast_head_json":{"title":"Termini e condizioni - TAPEDESIGN","robots":{"index":"noindex","follow":"follow"},"og_locale":"it_IT","og_type":"article","og_title":"Termini e condizioni - TAPEDESIGN","og_description":"Condizioni contrattuali nell\u2019ambito dei contratti di acquisto conclusi tramite la piattaforma https:\/\/www.tape-design.com tra TAPEDESIGN WO GmbH Friedrich Schnideritschstrasse 2 8054 Graz Austria \u2013 di seguito denominato il \u201cFornitore\u201d. e gli&hellip;","og_url":"https:\/\/www.tape-design.com\/it\/termini-e-condizioni\/","og_site_name":"TAPEDESIGN","article_publisher":"https:\/\/www.facebook.com\/tapedesigncom\/","article_modified_time":"2025-03-06T07:56:30+00:00","twitter_card":"summary_large_image","twitter_misc":{"Tempo di lettura stimato":"6 minuti"},"schema":{"@context":"https:\/\/schema.org","@graph":[{"@type":"WebPage","@id":"https:\/\/www.tape-design.com\/it\/termini-e-condizioni\/","url":"https:\/\/www.tape-design.com\/it\/termini-e-condizioni\/","name":"Termini e condizioni - TAPEDESIGN","isPartOf":{"@id":"https:\/\/www.tape-design.com\/#website"},"datePublished":"2020-11-03T20:43:21+00:00","dateModified":"2025-03-06T07:56:30+00:00","breadcrumb":{"@id":"https:\/\/www.tape-design.com\/it\/termini-e-condizioni\/#breadcrumb"},"inLanguage":"it-IT","potentialAction":[{"@type":"ReadAction","target":["https:\/\/www.tape-design.com\/it\/termini-e-condizioni\/"]}]},{"@type":"BreadcrumbList","@id":"https:\/\/www.tape-design.com\/it\/termini-e-condizioni\/#breadcrumb","itemListElement":[{"@type":"ListItem","position":1,"name":"Home","item":"https:\/\/www.tape-design.com\/it\/"},{"@type":"ListItem","position":2,"name":"Termini e condizioni"}]},{"@type":"WebSite","@id":"https:\/\/www.tape-design.com\/#website","url":"https:\/\/www.tape-design.com\/","name":"TAPEDESIGN","description":"Always a step ahead","publisher":{"@id":"https:\/\/www.tape-design.com\/#organization"},"potentialAction":[{"@type":"SearchAction","target":{"@type":"EntryPoint","urlTemplate":"https:\/\/www.tape-design.com\/?s={search_term_string}"},"query-input":{"@type":"PropertyValueSpecification","valueRequired":true,"valueName":"search_term_string"}}],"inLanguage":"it-IT"},{"@type":"Organization","@id":"https:\/\/www.tape-design.com\/#organization","name":"TAPEDESIGN","url":"https:\/\/www.tape-design.com\/","logo":{"@type":"ImageObject","inLanguage":"it-IT","@id":"https:\/\/www.tape-design.com\/#\/schema\/logo\/image\/","url":"https:\/\/www.tape-design.com\/app\/uploads\/2020\/11\/Logosmall.png","contentUrl":"https:\/\/www.tape-design.com\/app\/uploads\/2020\/11\/Logosmall.png","width":340,"height":156,"caption":"TAPEDESIGN"},"image":{"@id":"https:\/\/www.tape-design.com\/#\/schema\/logo\/image\/"},"sameAs":["https:\/\/www.facebook.com\/tapedesigncom\/","https:\/\/www.instagram.com\/tapedesign_socks\/?hl=de"]}]}},"_links":{"self":[{"href":"https:\/\/www.tape-design.com\/it\/wp-json\/wp\/v2\/pages\/1719","targetHints":{"allow":["GET"]}}],"collection":[{"href":"https:\/\/www.tape-design.com\/it\/wp-json\/wp\/v2\/pages"}],"about":[{"href":"https:\/\/www.tape-design.com\/it\/wp-json\/wp\/v2\/types\/page"}],"author":[{"embeddable":true,"href":"https:\/\/www.tape-design.com\/it\/wp-json\/wp\/v2\/users\/1"}],"replies":[{"embeddable":true,"href":"https:\/\/www.tape-design.com\/it\/wp-json\/wp\/v2\/comments?post=1719"}],"version-history":[{"count":10,"href":"https:\/\/www.tape-design.com\/it\/wp-json\/wp\/v2\/pages\/1719\/revisions"}],"predecessor-version":[{"id":124632,"href":"https:\/\/www.tape-design.com\/it\/wp-json\/wp\/v2\/pages\/1719\/revisions\/124632"}],"wp:attachment":[{"href":"https:\/\/www.tape-design.com\/it\/wp-json\/wp\/v2\/media?parent=1719"}],"curies":[{"name":"wp","href":"https:\/\/api.w.org\/{rel}","templated":true}]}}