{"id":1748,"date":"2020-11-03T23:49:00","date_gmt":"2020-11-03T22:49:00","guid":{"rendered":"http:\/\/tapedesign.sw763nap.at.edis.global\/bezahlmoeglichkeiten\/"},"modified":"2025-03-05T08:21:03","modified_gmt":"2025-03-05T07:21:03","slug":"modalita-di-pagamento","status":"publish","type":"page","link":"https:\/\/www.tape-design.com\/it\/modalita-di-pagamento\/","title":{"rendered":"I nostri metodi di pagamento"},"content":{"rendered":"<h3>PayPal<\/h3>\n<p>PayPal funziona come un portafoglio digitale. Con il tuo indirizzo e-mail e la tua password puoi inviare e ricevere pagamenti online in modo sicuro e comodo. PayPal \u00e8 uno dei metodi di pagamento pi\u00f9 sicuri perch\u00e9 non \u00e8 necessario inserire informazioni finanziarie durante gli acquisti.<\/p>\n<h3>Apple Pay<\/h3>\n<div class=\"wpb_column vc_column_container vc_col-sm-6\">\n<div class=\"vc_column-inner\">\n<div class=\"wpb_wrapper\">\n<div class=\"wpb_text_column wpb_content_element \">\n<div class=\"wpb_wrapper\">\n<p>Paga facilmente con il tuo dispositivo Apple.<\/p>\n<\/div>\n<\/div>\n<\/div>\n<\/div>\n<\/div>\n<h3>Carte<\/h3>\n<div class=\"wpb_text_column wpb_content_element \">\n<div class=\"wpb_wrapper\">\n<p>Pagare con carte di credito e carte di debito.<\/p>\n<h3>EPS<\/h3>\n<div class=\"wpb_text_column wpb_content_element \">\n<div class=\"wpb_wrapper\">\n<p>Pagare semplicemente tramite bonifico bancario.<\/p>\n<\/div>\n<\/div>\n<\/div>\n<\/div>\n<h3>Klarna<\/h3>\n<div class=\"wpb_text_column wpb_content_element \">\n<div class=\"wpb_wrapper\">\n<p>Klarna vi offre il modo pi\u00f9 flessibile per pagare pi\u00f9 tardi.<\/p>\n<\/div>\n<\/div>\n<h3>iDEAL<\/h3>\n<div class=\"vc_row wpb_row vc_row-fluid\">\n<div class=\"wpb_column vc_column_container vc_col-sm-6\">\n<div class=\"vc_column-inner\">\n<div class=\"wpb_wrapper\">\n<div class=\"wpb_text_column wpb_content_element \">\n<div class=\"wpb_wrapper\">\n<p>Il metodo di pagamento pi\u00f9 popolare nei Paesi Bassi.<\/p>\n<\/div>\n<\/div>\n<\/div>\n<\/div>\n<\/div>\n<\/div>\n<div class=\"site-content-wrapper\">\n<div class=\"row small-collapse\">\n<div class=\"small-12 columns\">\n<div class=\"site-content\">\n<article id=\"post-90221\" class=\"post-90221 page type-page status-publish hentry\">\n<div class=\"entry-content\">\n<div class=\"vc_row wpb_row vc_row-fluid\">\n<div class=\"wpb_column vc_column_container vc_col-sm-12\">\n<div class=\"vc_column-inner\">\n<div class=\"wpb_wrapper\">\n<div class=\"wpb_text_column wpb_content_element \">\n<div class=\"wpb_wrapper\">\n<p>La preghiamo di notare che alcuni provider di pagamento potrebbero non essere disponibili per il suo paese o dispositivo.<\/p>\n<\/div>\n<\/div>\n<\/div>\n<\/div>\n<\/div>\n<\/div>\n<\/div>\n<\/article>\n<\/div>\n<\/div>\n<\/div>\n<\/div>\n","protected":false},"excerpt":{"rendered":"<p>PayPal PayPal funziona come un portafoglio digitale. Con il tuo indirizzo e-mail e la tua password puoi inviare e ricevere pagamenti online in modo sicuro e comodo. PayPal \u00e8 uno&hellip;<\/p>\n","protected":false},"author":1,"featured_media":0,"parent":0,"menu_order":0,"comment_status":"closed","ping_status":"closed","template":"","meta":{"_acf_changed":false,"footnotes":""},"class_list":["post-1748","page","type-page","status-publish","hentry"],"acf":[],"yoast_head":"<title>I nostri metodi di pagamento - TAPEDESIGN<\/title>\n<meta name=\"robots\" content=\"index, follow, max-snippet:-1, max-image-preview:large, max-video-preview:-1\" \/>\n<link rel=\"canonical\" href=\"https:\/\/www.tape-design.com\/it\/modalita-di-pagamento\/\" \/>\n<meta property=\"og:locale\" content=\"it_IT\" \/>\n<meta property=\"og:type\" content=\"article\" \/>\n<meta property=\"og:title\" content=\"I nostri metodi di pagamento - TAPEDESIGN\" \/>\n<meta property=\"og:description\" content=\"PayPal PayPal funziona come un portafoglio digitale. Con il tuo indirizzo e-mail e la tua password puoi inviare e ricevere pagamenti online in modo sicuro e comodo. PayPal \u00e8 uno&hellip;\" \/>\n<meta property=\"og:url\" content=\"https:\/\/www.tape-design.com\/it\/modalita-di-pagamento\/\" \/>\n<meta property=\"og:site_name\" content=\"TAPEDESIGN\" \/>\n<meta property=\"article:publisher\" content=\"https:\/\/www.facebook.com\/tapedesigncom\/\" \/>\n<meta property=\"article:modified_time\" content=\"2025-03-05T07:21:03+00:00\" \/>\n<meta name=\"twitter:card\" content=\"summary_large_image\" \/>\n<meta name=\"twitter:label1\" content=\"Tempo di lettura stimato\" \/>\n\t<meta name=\"twitter:data1\" content=\"1 minuto\" \/>\n<script type=\"application\/ld+json\" class=\"yoast-schema-graph\">{\"@context\":\"https:\/\/schema.org\",\"@graph\":[{\"@type\":\"WebPage\",\"@id\":\"https:\/\/www.tape-design.com\/it\/modalita-di-pagamento\/\",\"url\":\"https:\/\/www.tape-design.com\/it\/modalita-di-pagamento\/\",\"name\":\"I nostri metodi di pagamento - TAPEDESIGN\",\"isPartOf\":{\"@id\":\"https:\/\/www.tape-design.com\/#website\"},\"datePublished\":\"2020-11-03T22:49:00+00:00\",\"dateModified\":\"2025-03-05T07:21:03+00:00\",\"breadcrumb\":{\"@id\":\"https:\/\/www.tape-design.com\/it\/modalita-di-pagamento\/#breadcrumb\"},\"inLanguage\":\"it-IT\",\"potentialAction\":[{\"@type\":\"ReadAction\",\"target\":[\"https:\/\/www.tape-design.com\/it\/modalita-di-pagamento\/\"]}]},{\"@type\":\"BreadcrumbList\",\"@id\":\"https:\/\/www.tape-design.com\/it\/modalita-di-pagamento\/#breadcrumb\",\"itemListElement\":[{\"@type\":\"ListItem\",\"position\":1,\"name\":\"Home\",\"item\":\"https:\/\/www.tape-design.com\/it\/\"},{\"@type\":\"ListItem\",\"position\":2,\"name\":\"I nostri metodi di pagamento\"}]},{\"@type\":\"WebSite\",\"@id\":\"https:\/\/www.tape-design.com\/#website\",\"url\":\"https:\/\/www.tape-design.com\/\",\"name\":\"TAPEDESIGN\",\"description\":\"Always a step ahead\",\"publisher\":{\"@id\":\"https:\/\/www.tape-design.com\/#organization\"},\"potentialAction\":[{\"@type\":\"SearchAction\",\"target\":{\"@type\":\"EntryPoint\",\"urlTemplate\":\"https:\/\/www.tape-design.com\/?s={search_term_string}\"},\"query-input\":{\"@type\":\"PropertyValueSpecification\",\"valueRequired\":true,\"valueName\":\"search_term_string\"}}],\"inLanguage\":\"it-IT\"},{\"@type\":\"Organization\",\"@id\":\"https:\/\/www.tape-design.com\/#organization\",\"name\":\"TAPEDESIGN\",\"url\":\"https:\/\/www.tape-design.com\/\",\"logo\":{\"@type\":\"ImageObject\",\"inLanguage\":\"it-IT\",\"@id\":\"https:\/\/www.tape-design.com\/#\/schema\/logo\/image\/\",\"url\":\"https:\/\/www.tape-design.com\/app\/uploads\/2020\/11\/Logosmall.png\",\"contentUrl\":\"https:\/\/www.tape-design.com\/app\/uploads\/2020\/11\/Logosmall.png\",\"width\":340,\"height\":156,\"caption\":\"TAPEDESIGN\"},\"image\":{\"@id\":\"https:\/\/www.tape-design.com\/#\/schema\/logo\/image\/\"},\"sameAs\":[\"https:\/\/www.facebook.com\/tapedesigncom\/\",\"https:\/\/www.instagram.com\/tapedesign_socks\/?hl=de\"]}]}<\/script>","yoast_head_json":{"title":"I nostri metodi di pagamento - TAPEDESIGN","robots":{"index":"index","follow":"follow","max-snippet":"max-snippet:-1","max-image-preview":"max-image-preview:large","max-video-preview":"max-video-preview:-1"},"canonical":"https:\/\/www.tape-design.com\/it\/modalita-di-pagamento\/","og_locale":"it_IT","og_type":"article","og_title":"I nostri metodi di pagamento - TAPEDESIGN","og_description":"PayPal PayPal funziona come un portafoglio digitale. Con il tuo indirizzo e-mail e la tua password puoi inviare e ricevere pagamenti online in modo sicuro e comodo. PayPal \u00e8 uno&hellip;","og_url":"https:\/\/www.tape-design.com\/it\/modalita-di-pagamento\/","og_site_name":"TAPEDESIGN","article_publisher":"https:\/\/www.facebook.com\/tapedesigncom\/","article_modified_time":"2025-03-05T07:21:03+00:00","twitter_card":"summary_large_image","twitter_misc":{"Tempo di lettura stimato":"1 minuto"},"schema":{"@context":"https:\/\/schema.org","@graph":[{"@type":"WebPage","@id":"https:\/\/www.tape-design.com\/it\/modalita-di-pagamento\/","url":"https:\/\/www.tape-design.com\/it\/modalita-di-pagamento\/","name":"I nostri metodi di pagamento - TAPEDESIGN","isPartOf":{"@id":"https:\/\/www.tape-design.com\/#website"},"datePublished":"2020-11-03T22:49:00+00:00","dateModified":"2025-03-05T07:21:03+00:00","breadcrumb":{"@id":"https:\/\/www.tape-design.com\/it\/modalita-di-pagamento\/#breadcrumb"},"inLanguage":"it-IT","potentialAction":[{"@type":"ReadAction","target":["https:\/\/www.tape-design.com\/it\/modalita-di-pagamento\/"]}]},{"@type":"BreadcrumbList","@id":"https:\/\/www.tape-design.com\/it\/modalita-di-pagamento\/#breadcrumb","itemListElement":[{"@type":"ListItem","position":1,"name":"Home","item":"https:\/\/www.tape-design.com\/it\/"},{"@type":"ListItem","position":2,"name":"I nostri metodi di pagamento"}]},{"@type":"WebSite","@id":"https:\/\/www.tape-design.com\/#website","url":"https:\/\/www.tape-design.com\/","name":"TAPEDESIGN","description":"Always a step ahead","publisher":{"@id":"https:\/\/www.tape-design.com\/#organization"},"potentialAction":[{"@type":"SearchAction","target":{"@type":"EntryPoint","urlTemplate":"https:\/\/www.tape-design.com\/?s={search_term_string}"},"query-input":{"@type":"PropertyValueSpecification","valueRequired":true,"valueName":"search_term_string"}}],"inLanguage":"it-IT"},{"@type":"Organization","@id":"https:\/\/www.tape-design.com\/#organization","name":"TAPEDESIGN","url":"https:\/\/www.tape-design.com\/","logo":{"@type":"ImageObject","inLanguage":"it-IT","@id":"https:\/\/www.tape-design.com\/#\/schema\/logo\/image\/","url":"https:\/\/www.tape-design.com\/app\/uploads\/2020\/11\/Logosmall.png","contentUrl":"https:\/\/www.tape-design.com\/app\/uploads\/2020\/11\/Logosmall.png","width":340,"height":156,"caption":"TAPEDESIGN"},"image":{"@id":"https:\/\/www.tape-design.com\/#\/schema\/logo\/image\/"},"sameAs":["https:\/\/www.facebook.com\/tapedesigncom\/","https:\/\/www.instagram.com\/tapedesign_socks\/?hl=de"]}]}},"_links":{"self":[{"href":"https:\/\/www.tape-design.com\/it\/wp-json\/wp\/v2\/pages\/1748","targetHints":{"allow":["GET"]}}],"collection":[{"href":"https:\/\/www.tape-design.com\/it\/wp-json\/wp\/v2\/pages"}],"about":[{"href":"https:\/\/www.tape-design.com\/it\/wp-json\/wp\/v2\/types\/page"}],"author":[{"embeddable":true,"href":"https:\/\/www.tape-design.com\/it\/wp-json\/wp\/v2\/users\/1"}],"replies":[{"embeddable":true,"href":"https:\/\/www.tape-design.com\/it\/wp-json\/wp\/v2\/comments?post=1748"}],"version-history":[{"count":2,"href":"https:\/\/www.tape-design.com\/it\/wp-json\/wp\/v2\/pages\/1748\/revisions"}],"predecessor-version":[{"id":124472,"href":"https:\/\/www.tape-design.com\/it\/wp-json\/wp\/v2\/pages\/1748\/revisions\/124472"}],"wp:attachment":[{"href":"https:\/\/www.tape-design.com\/it\/wp-json\/wp\/v2\/media?parent=1748"}],"curies":[{"name":"wp","href":"https:\/\/api.w.org\/{rel}","templated":true}]}}