{"id":7985,"date":"2020-11-03T22:01:21","date_gmt":"2020-11-03T21:01:21","guid":{"rendered":"http:\/\/tapedesign.sw763nap.at.edis.global\/widerrufsbelehrung\/"},"modified":"2025-03-05T08:14:52","modified_gmt":"2025-03-05T07:14:52","slug":"istruzione-di-revoca","status":"publish","type":"page","link":"https:\/\/www.tape-design.com\/it\/istruzione-di-revoca\/","title":{"rendered":"Istruzione di revoca"},"content":{"rendered":"<h3><strong>Diritto di recesso<\/strong><\/h3>\n<p>Avete il diritto di recedere dal presente contratto entro quattordici giorni senza indicarne i motivi.<\/p>\n<p>Il termine di recesso \u00e8 di quattordici giorni dalla data in cui Lei o un terzo, diverso dal vettore da Lei designato, ha preso possesso della merce.<\/p>\n<p>Salvo diverso accordo tra le parti, il diritto di recesso non si applica ai seguenti contratti:<\/p>\n<ul>\n<li>Contratti per la fornitura di beni non prefabbricati e la cui fabbricazione si basa su una scelta o destinazione individuale del consumatore o che sono chiaramente adattati alle esigenze personali del consumatore,<\/li>\n<li>Contratti per la consegna di merci che possono deteriorarsi rapidamente o la cui data di scadenza verrebbe rapidamente superata,<\/li>\n<li>Contratti per la consegna di beni sigillati che, per motivi igienico-sanitari, non sono idonei alla restituzione se il sigillo \u00e8 stato rimosso dopo la consegna,<\/li>\n<li>Contratti per la consegna di beni, se questi sono stati mescolati inseparabilmente con altri beni dopo la consegna a causa della loro natura,<\/li>\n<li>Contratti per la fornitura di bevande alcoliche, il cui prezzo \u00e8 stato concordato al momento della conclusione del contratto, ma che possono essere forniti al pi\u00f9 presto 30 giorni dopo la conclusione del contratto e il cui valore attuale dipende dalle fluttuazioni del mercato su cui il commerciante non ha alcuna influenza,<\/li>\n<li>Contratti per la consegna di registrazioni audio o video o di software informatici in un imballaggio sigillato se il sigillo \u00e8 stato rimosso dopo la consegna,<\/li>\n<li>i contratti di fornitura di giornali, periodici o riviste, ad eccezione dei contratti di abbonamento<\/li>\n<\/ul>\n<p>Per esercitare il vostro diritto di recesso, dovete informarci (TAPEDESIGN WO GmbH, Friedrich Schnideritschstrasse 2, 8054 Graz, Austria, office@tape-design.com, amministratore delegato: Mario Ofner, Thomas Weber Commercial Register Court: LGZ Graz, numero di registro commerciale: 446250a) della vostra decisione di recesso dal presente contratto mediante una dichiarazione chiara (ad es. lettera, fax o e-mail inviati per posta). \u00c8 possibile utilizzare il modulo di revoca allegato, che non \u00e8 obbligatorio.<\/p>\n<p>Per rispettare il periodo di revoca, \u00e8 sufficiente inviare la notifica dell&#8217;esercizio del diritto di revoca prima della scadenza del periodo di revoca.<\/p>\n<h3>Indirizzo di restituzione<\/h3>\n<p>Inviare il reso esclusivamente al seguente indirizzo:<\/p>\n<p><strong>TAPEDESIGN WO GmbH<\/strong><br \/>\n<strong>Heuweg 10<\/strong><br \/>\n<strong>8041 Graz<\/strong><br \/>\n<strong>Austria<\/strong><\/p>\n<h3>Conseguenze della revoca<\/h3>\n<p>In caso di revoca del presente Contratto, vi rimborseremo immediatamente e non oltre quattordici giorni dalla data in cui abbiamo ricevuto la notifica della revoca del presente Contratto per tutti i pagamenti che abbiamo ricevuto da voi, comprese le spese di spedizione (diverse dalle spese aggiuntive derivanti dalla scelta di un metodo di consegna diverso dalla consegna standard pi\u00f9 economica da noi offerta). Per tale rimborso utilizzeremo gli stessi mezzi di pagamento da voi utilizzati nella transazione originale, a meno che non sia stato espressamente concordato diversamente con voi e in nessun caso vi verr\u00e0 addebitato tale rimborso. Ci riserviamo il diritto di rifiutare il rimborso fino a quando non avremo ricevuto la Merce o fino a quando il cliente non avr\u00e0 fornito la prova che la Merce \u00e8 stata restituita, a seconda di quale sia la prima.<\/p>\n<p>Il cliente \u00e8 tenuto a restituire o a consegnarci la merce immediatamente e in ogni caso entro quattordici giorni dal giorno in cui ci ha comunicato la revoca del presente contratto. Questo termine si considera rispettato se la merce viene spedita prima della scadenza del termine di quattordici giorni.<\/p>\n<p>Le spese dirette per la restituzione della merce sono a suo carico. Essi sono responsabili dell&#8217;eventuale perdita di valore della merce solo se tale perdita di valore \u00e8 dovuta ad una manipolazione della merce che non \u00e8 necessaria per verificarne lo stato, le propriet\u00e0 e la funzionalit\u00e0.<\/p>\n<h3>Modulo di prelievo del campione<\/h3>\n<p>(Se si desidera annullare il contratto, si prega di compilare questo modulo e rispedirlo indietro.)<\/p>\n<p>&#8211; A<\/p>\n<p>TAPEDESIGN WO GmbH<br \/>\nS\u00fcdbahnweg 31<br \/>\n8410 Wildon<br \/>\nAustria<\/p>\n<p>office@tape-design.com<br \/>\nAmministratori delegati: Mario Ofner, Mario Ofner, Thomas Weber Tribunale del registro di commercio: LGZ Graz<br \/>\nNumero di registrazione dell&#8217;azienda: 446250a<\/p>\n<p>&#8211; Con la presente disdetto (*) il contratto da me\/noi (*) per l&#8217;acquisto dei seguenti beni (*)\/la fornitura dei seguenti servizi (*)<\/p>\n<p>&#8211; Ordinato il (*)\/ricevuto il (*)<\/p>\n<p>&#8211; Nome(i) del\/dei consumatore(i)<\/p>\n<p>&#8211; Indirizzo del consumatore o dei consumatori<\/p>\n<p>&#8211; Firma del\/dei consumatori (solo per le comunicazioni cartacee)<\/p>\n<p>&#8211; dattero<\/p>\n<p>___________<br \/>\n(*) Cancellare la dicitura inutile.<\/p>\n","protected":false},"excerpt":{"rendered":"<p>Diritto di recesso Avete il diritto di recedere dal presente contratto entro quattordici giorni senza indicarne i motivi. Il termine di recesso \u00e8 di quattordici giorni dalla data in cui&hellip;<\/p>\n","protected":false},"author":1,"featured_media":0,"parent":0,"menu_order":0,"comment_status":"closed","ping_status":"closed","template":"","meta":{"_acf_changed":false,"footnotes":""},"class_list":["post-7985","page","type-page","status-publish","hentry"],"acf":[],"yoast_head":"<title>Istruzione di revoca - TAPEDESIGN<\/title>\n<meta name=\"robots\" content=\"noindex, follow\" \/>\n<meta property=\"og:locale\" content=\"it_IT\" \/>\n<meta property=\"og:type\" content=\"article\" \/>\n<meta property=\"og:title\" content=\"Istruzione di revoca - TAPEDESIGN\" \/>\n<meta property=\"og:description\" content=\"Diritto di recesso Avete il diritto di recedere dal presente contratto entro quattordici giorni senza indicarne i motivi. Il termine di recesso \u00e8 di quattordici giorni dalla data in cui&hellip;\" \/>\n<meta property=\"og:url\" content=\"https:\/\/www.tape-design.com\/it\/istruzione-di-revoca\/\" \/>\n<meta property=\"og:site_name\" content=\"TAPEDESIGN\" \/>\n<meta property=\"article:publisher\" content=\"https:\/\/www.facebook.com\/tapedesigncom\/\" \/>\n<meta property=\"article:modified_time\" content=\"2025-03-05T07:14:52+00:00\" \/>\n<meta name=\"twitter:card\" content=\"summary_large_image\" \/>\n<meta name=\"twitter:label1\" content=\"Tempo di lettura stimato\" \/>\n\t<meta name=\"twitter:data1\" content=\"4 minuti\" \/>\n<script type=\"application\/ld+json\" class=\"yoast-schema-graph\">{\"@context\":\"https:\/\/schema.org\",\"@graph\":[{\"@type\":\"WebPage\",\"@id\":\"https:\/\/www.tape-design.com\/it\/istruzione-di-revoca\/\",\"url\":\"https:\/\/www.tape-design.com\/it\/istruzione-di-revoca\/\",\"name\":\"Istruzione di revoca - TAPEDESIGN\",\"isPartOf\":{\"@id\":\"https:\/\/www.tape-design.com\/#website\"},\"datePublished\":\"2020-11-03T21:01:21+00:00\",\"dateModified\":\"2025-03-05T07:14:52+00:00\",\"breadcrumb\":{\"@id\":\"https:\/\/www.tape-design.com\/it\/istruzione-di-revoca\/#breadcrumb\"},\"inLanguage\":\"it-IT\",\"potentialAction\":[{\"@type\":\"ReadAction\",\"target\":[\"https:\/\/www.tape-design.com\/it\/istruzione-di-revoca\/\"]}]},{\"@type\":\"BreadcrumbList\",\"@id\":\"https:\/\/www.tape-design.com\/it\/istruzione-di-revoca\/#breadcrumb\",\"itemListElement\":[{\"@type\":\"ListItem\",\"position\":1,\"name\":\"Home\",\"item\":\"https:\/\/www.tape-design.com\/it\/\"},{\"@type\":\"ListItem\",\"position\":2,\"name\":\"Istruzione di revoca\"}]},{\"@type\":\"WebSite\",\"@id\":\"https:\/\/www.tape-design.com\/#website\",\"url\":\"https:\/\/www.tape-design.com\/\",\"name\":\"TAPEDESIGN\",\"description\":\"Always a step ahead\",\"publisher\":{\"@id\":\"https:\/\/www.tape-design.com\/#organization\"},\"potentialAction\":[{\"@type\":\"SearchAction\",\"target\":{\"@type\":\"EntryPoint\",\"urlTemplate\":\"https:\/\/www.tape-design.com\/?s={search_term_string}\"},\"query-input\":{\"@type\":\"PropertyValueSpecification\",\"valueRequired\":true,\"valueName\":\"search_term_string\"}}],\"inLanguage\":\"it-IT\"},{\"@type\":\"Organization\",\"@id\":\"https:\/\/www.tape-design.com\/#organization\",\"name\":\"TAPEDESIGN\",\"url\":\"https:\/\/www.tape-design.com\/\",\"logo\":{\"@type\":\"ImageObject\",\"inLanguage\":\"it-IT\",\"@id\":\"https:\/\/www.tape-design.com\/#\/schema\/logo\/image\/\",\"url\":\"https:\/\/www.tape-design.com\/app\/uploads\/2020\/11\/Logosmall.png\",\"contentUrl\":\"https:\/\/www.tape-design.com\/app\/uploads\/2020\/11\/Logosmall.png\",\"width\":340,\"height\":156,\"caption\":\"TAPEDESIGN\"},\"image\":{\"@id\":\"https:\/\/www.tape-design.com\/#\/schema\/logo\/image\/\"},\"sameAs\":[\"https:\/\/www.facebook.com\/tapedesigncom\/\",\"https:\/\/www.instagram.com\/tapedesign_socks\/?hl=de\"]}]}<\/script>","yoast_head_json":{"title":"Istruzione di revoca - TAPEDESIGN","robots":{"index":"noindex","follow":"follow"},"og_locale":"it_IT","og_type":"article","og_title":"Istruzione di revoca - TAPEDESIGN","og_description":"Diritto di recesso Avete il diritto di recedere dal presente contratto entro quattordici giorni senza indicarne i motivi. Il termine di recesso \u00e8 di quattordici giorni dalla data in cui&hellip;","og_url":"https:\/\/www.tape-design.com\/it\/istruzione-di-revoca\/","og_site_name":"TAPEDESIGN","article_publisher":"https:\/\/www.facebook.com\/tapedesigncom\/","article_modified_time":"2025-03-05T07:14:52+00:00","twitter_card":"summary_large_image","twitter_misc":{"Tempo di lettura stimato":"4 minuti"},"schema":{"@context":"https:\/\/schema.org","@graph":[{"@type":"WebPage","@id":"https:\/\/www.tape-design.com\/it\/istruzione-di-revoca\/","url":"https:\/\/www.tape-design.com\/it\/istruzione-di-revoca\/","name":"Istruzione di revoca - TAPEDESIGN","isPartOf":{"@id":"https:\/\/www.tape-design.com\/#website"},"datePublished":"2020-11-03T21:01:21+00:00","dateModified":"2025-03-05T07:14:52+00:00","breadcrumb":{"@id":"https:\/\/www.tape-design.com\/it\/istruzione-di-revoca\/#breadcrumb"},"inLanguage":"it-IT","potentialAction":[{"@type":"ReadAction","target":["https:\/\/www.tape-design.com\/it\/istruzione-di-revoca\/"]}]},{"@type":"BreadcrumbList","@id":"https:\/\/www.tape-design.com\/it\/istruzione-di-revoca\/#breadcrumb","itemListElement":[{"@type":"ListItem","position":1,"name":"Home","item":"https:\/\/www.tape-design.com\/it\/"},{"@type":"ListItem","position":2,"name":"Istruzione di revoca"}]},{"@type":"WebSite","@id":"https:\/\/www.tape-design.com\/#website","url":"https:\/\/www.tape-design.com\/","name":"TAPEDESIGN","description":"Always a step ahead","publisher":{"@id":"https:\/\/www.tape-design.com\/#organization"},"potentialAction":[{"@type":"SearchAction","target":{"@type":"EntryPoint","urlTemplate":"https:\/\/www.tape-design.com\/?s={search_term_string}"},"query-input":{"@type":"PropertyValueSpecification","valueRequired":true,"valueName":"search_term_string"}}],"inLanguage":"it-IT"},{"@type":"Organization","@id":"https:\/\/www.tape-design.com\/#organization","name":"TAPEDESIGN","url":"https:\/\/www.tape-design.com\/","logo":{"@type":"ImageObject","inLanguage":"it-IT","@id":"https:\/\/www.tape-design.com\/#\/schema\/logo\/image\/","url":"https:\/\/www.tape-design.com\/app\/uploads\/2020\/11\/Logosmall.png","contentUrl":"https:\/\/www.tape-design.com\/app\/uploads\/2020\/11\/Logosmall.png","width":340,"height":156,"caption":"TAPEDESIGN"},"image":{"@id":"https:\/\/www.tape-design.com\/#\/schema\/logo\/image\/"},"sameAs":["https:\/\/www.facebook.com\/tapedesigncom\/","https:\/\/www.instagram.com\/tapedesign_socks\/?hl=de"]}]}},"_links":{"self":[{"href":"https:\/\/www.tape-design.com\/it\/wp-json\/wp\/v2\/pages\/7985","targetHints":{"allow":["GET"]}}],"collection":[{"href":"https:\/\/www.tape-design.com\/it\/wp-json\/wp\/v2\/pages"}],"about":[{"href":"https:\/\/www.tape-design.com\/it\/wp-json\/wp\/v2\/types\/page"}],"author":[{"embeddable":true,"href":"https:\/\/www.tape-design.com\/it\/wp-json\/wp\/v2\/users\/1"}],"replies":[{"embeddable":true,"href":"https:\/\/www.tape-design.com\/it\/wp-json\/wp\/v2\/comments?post=7985"}],"version-history":[{"count":7,"href":"https:\/\/www.tape-design.com\/it\/wp-json\/wp\/v2\/pages\/7985\/revisions"}],"predecessor-version":[{"id":124466,"href":"https:\/\/www.tape-design.com\/it\/wp-json\/wp\/v2\/pages\/7985\/revisions\/124466"}],"wp:attachment":[{"href":"https:\/\/www.tape-design.com\/it\/wp-json\/wp\/v2\/media?parent=7985"}],"curies":[{"name":"wp","href":"https:\/\/api.w.org\/{rel}","templated":true}]}}