{"id":126613,"date":"2025-03-27T20:08:49","date_gmt":"2025-03-27T19:08:49","guid":{"rendered":"https:\/\/www.tape-design.com\/product\/deal-1-classic-tubes\/"},"modified":"2026-02-19T11:09:49","modified_gmt":"2026-02-19T10:09:49","slug":"deal-1-classic-tubes","status":"publish","type":"product","link":"https:\/\/www.tape-design.com\/it\/prodotto\/deal-1-classic-tubes\/","title":{"rendered":"Deal 1: Classic + Tubes"},"content":{"rendered":"<p class=\"\" data-start=\"5611\" data-end=\"5799\"><strong data-start=\"5611\" data-end=\"5638\">ALLROUND SOCKS CLASSIC:<\/strong><br data-start=\"5638\" data-end=\"5641\" \/>Il calzino antiscivolo \u201cClassic\u201d si distingue per funzionalit\u00e0 e innovazione. Che tu sia un atleta professionista o un amatore \u2013 sarai sempre un passo avanti!<\/p>\n<p class=\"\" data-start=\"5801\" data-end=\"6051\">\u00c8 un calzino allround speciale che offre maggiore aderenza e sensibilit\u00e0 in ogni tipo di scarpa. Grazie alla composizione speciale del materiale, \u00e8 molto confortevole e allo stesso tempo estremamente elastico \u2013 si adatta ergonomicamente a ogni piede.<\/p>\n<ul data-start=\"6053\" data-end=\"6510\">\n<li class=\"\" data-start=\"6053\" data-end=\"6143\">\n<p class=\"\" data-start=\"6055\" data-end=\"6143\">Taglia unica (EU 37\u201348) grazie all\u2019elaborazione speciale dei materiali di alta qualit\u00e0<\/p>\n<\/li>\n<li class=\"\" data-start=\"6144\" data-end=\"6245\">\n<p class=\"\" data-start=\"6146\" data-end=\"6245\">Tacchetti in gomma posizionati ergonomicamente all\u2019esterno per una perfetta aderenza nella scarpa<\/p>\n<\/li>\n<li class=\"\" data-start=\"6246\" data-end=\"6309\">\n<p class=\"\" data-start=\"6248\" data-end=\"6309\">Comfort eccezionale grazie alla lavorazione di alta qualit\u00e0<\/p>\n<\/li>\n<li class=\"\" data-start=\"6310\" data-end=\"6437\">\n<p class=\"\" data-start=\"6312\" data-end=\"6437\">Testato e approvato da atleti professionisti e amatoriali in diversi sport (es. calcio, tennis, pallamano, pallavolo, ecc.)<\/p>\n<\/li>\n<li class=\"\" data-start=\"6438\" data-end=\"6510\">\n<p class=\"\" data-start=\"6440\" data-end=\"6510\">Adatto a tutti gli sport con cambi di direzione e movimenti rotatori<\/p>\n<\/li>\n<\/ul>\n<p class=\"\" data-start=\"6512\" data-end=\"6536\"><strong data-start=\"6512\" data-end=\"6536\">Senti la differenza!<\/strong><\/p>\n<p class=\"\" data-start=\"6538\" data-end=\"6597\">Materiale: 55% cotone, 35% nylon, 7% elastan, 3% poliestere<\/p>\n<hr class=\"\" data-start=\"6599\" data-end=\"6602\" \/>\n<p class=\"\" data-start=\"6604\" data-end=\"6811\"><strong data-start=\"6604\" data-end=\"6627\">TAPEDESIGN &#8211; TUBES:<\/strong><br data-start=\"6627\" data-end=\"6630\" \/>I \u201cTAPEDESIGN &#8211; Tubes\u201d si distinguono per funzionalit\u00e0 e innovazione. Sono molto comodi, apprezzati sia da atleti professionisti che dilettanti. Offrono anche un&#8217;elevata resistenza.<\/p>\n<p class=\"\" data-start=\"6813\" data-end=\"6925\">Allenamenti e partite non saranno pi\u00f9 un problema \u2013 con i &#8220;TAPEDESIGN &#8211; Tubes&#8221; sarai perfettamente equipaggiato.<\/p>\n<ul data-start=\"6927\" data-end=\"7256\">\n<li class=\"\" data-start=\"6927\" data-end=\"7061\">\n<p class=\"\" data-start=\"6929\" data-end=\"7061\"><strong data-start=\"6929\" data-end=\"6954\">Vestibilit\u00e0 perfetta:<\/strong> Il taglio speciale e le zone flessibili sul polpaccio garantiscono il perfetto sostegno dei parastinchi.<\/p>\n<\/li>\n<li class=\"\" data-start=\"7062\" data-end=\"7138\">\n<p class=\"\" data-start=\"7064\" data-end=\"7138\"><strong data-start=\"7064\" data-end=\"7089\">Materiale funzionale:<\/strong> Il tessuto si adatta perfettamente alla pelle.<\/p>\n<\/li>\n<li class=\"\" data-start=\"7139\" data-end=\"7256\">\n<p class=\"\" data-start=\"7141\" data-end=\"7256\"><strong data-start=\"7141\" data-end=\"7170\">Regolazione dell&#8217;umidit\u00e0:<\/strong> Il filato leggero allontana l&#8217;umidit\u00e0 verso l&#8217;esterno, migliorando la ventilazione.<\/p>\n<\/li>\n<\/ul>\n<p class=\"\" data-start=\"7258\" data-end=\"7309\">Composizione: 86% poliestere, 10% nylon, 4% elastan<\/p>\n","protected":false},"excerpt":{"rendered":"<p>Prendi i tuoi &#8220;Allround Socks Classic&#8221; con i &#8220;Tubes&#8221; per una tenuta e prestazioni ottimali.<br data-start=\"716\" data-end=\"719\" \/>Perfetti per la tua prossima partita!<\/p>\n","protected":false},"featured_media":142055,"template":"","meta":{"_acf_changed":false},"product_cat":[2847],"product_tag":[],"giftcard-category":[],"class_list":{"0":"post-126613","1":"product","2":"type-product","3":"status-publish","4":"has-post-thumbnail","6":"product_cat-special-sets-it","8":"first","9":"instock","10":"sale","11":"virtual","12":"taxable","13":"purchasable","14":"product-type-bundle"},"bundled_by":[],"bundle_stock_status":"instock","bundle_stock_quantity":"","bundle_virtual":false,"bundle_layout":"default","bundle_add_to_cart_form_location":"default","bundle_editable_in_cart":false,"bundle_sold_individually_context":"product","bundle_item_grouping":"parent","bundle_min_size":"","bundle_max_size":"","bundle_price":{"price":{"min":{"incl_tax":"29.95","excl_tax":"24.958333"},"max":{"incl_tax":"29.95","excl_tax":"24.958333"}},"regular_price":{"min":{"incl_tax":"41.9","excl_tax":"34.916667"},"max":{"incl_tax":"41.9","excl_tax":"34.916667"}}},"bundled_items":[{"bundled_item_id":183,"product_id":15589,"menu_order":0,"quantity_min":1,"quantity_max":1,"quantity_default":1,"priced_individually":false,"shipped_individually":false,"override_title":false,"title":"Calze Allround Classic","override_description":false,"description":"Calze Allround Classic","optional":false,"hide_thumbnail":false,"discount":"","override_variations":false,"allowed_variations":[43382,43383],"override_default_variation_attributes":false,"default_variation_attributes":[],"single_product_visibility":"visible","cart_visibility":"visible","order_visibility":"visible","single_product_price_visibility":"visible","cart_price_visibility":"visible","order_price_visibility":"visible","stock_status":"in_stock"},{"bundled_item_id":184,"product_id":75133,"menu_order":1,"quantity_min":1,"quantity_max":1,"quantity_default":1,"priced_individually":false,"shipped_individually":false,"override_title":false,"title":"Tubes","override_description":false,"description":"Tubes","optional":false,"hide_thumbnail":false,"discount":"","override_variations":false,"allowed_variations":[75158,75159],"override_default_variation_attributes":false,"default_variation_attributes":[],"single_product_visibility":"visible","cart_visibility":"visible","order_visibility":"visible","single_product_price_visibility":"visible","cart_price_visibility":"visible","order_price_visibility":"visible","stock_status":"in_stock"}],"bundle_sell_ids":[],"exclude_global_add_ons":[],"addons":[],"acf":[],"yoast_head":"<title>Deal 1: Classic + Tubes - TAPEDESIGN<\/title>\n<meta name=\"robots\" content=\"index, follow, max-snippet:-1, max-image-preview:large, max-video-preview:-1\" \/>\n<link rel=\"canonical\" href=\"https:\/\/www.tape-design.com\/it\/prodotto\/deal-1-classic-tubes\/\" \/>\n<meta property=\"og:locale\" content=\"it_IT\" \/>\n<meta property=\"og:type\" content=\"article\" \/>\n<meta property=\"og:title\" content=\"Deal 1: Classic + Tubes - TAPEDESIGN\" \/>\n<meta property=\"og:description\" content=\"Prendi i tuoi &quot;Allround Socks Classic&quot; con i &quot;Tubes&quot; per una tenuta e prestazioni ottimali.Perfetti per la tua prossima partita!\" \/>\n<meta property=\"og:url\" content=\"https:\/\/www.tape-design.com\/it\/prodotto\/deal-1-classic-tubes\/\" \/>\n<meta property=\"og:site_name\" content=\"TAPEDESIGN\" \/>\n<meta property=\"article:publisher\" content=\"https:\/\/www.facebook.com\/tapedesigncom\/\" \/>\n<meta property=\"article:modified_time\" content=\"2026-02-19T10:09:49+00:00\" \/>\n<meta property=\"og:image\" content=\"https:\/\/www.tape-design.com\/app\/uploads\/2025\/03\/2026_BUNDLE_CLASSIC_TUBES_PRODUCT_IMG_1.jpg\" \/>\n\t<meta property=\"og:image:width\" content=\"1080\" \/>\n\t<meta property=\"og:image:height\" content=\"1080\" \/>\n\t<meta property=\"og:image:type\" content=\"image\/jpeg\" \/>\n<meta name=\"twitter:card\" content=\"summary_large_image\" \/>\n<meta name=\"twitter:label1\" content=\"Tempo di lettura stimato\" \/>\n\t<meta name=\"twitter:data1\" content=\"1 minuto\" \/>\n<script type=\"application\/ld+json\" class=\"yoast-schema-graph\">{\"@context\":\"https:\/\/schema.org\",\"@graph\":[{\"@type\":\"WebPage\",\"@id\":\"https:\/\/www.tape-design.com\/it\/prodotto\/deal-1-classic-tubes\/\",\"url\":\"https:\/\/www.tape-design.com\/it\/prodotto\/deal-1-classic-tubes\/\",\"name\":\"Deal 1: Classic + Tubes - TAPEDESIGN\",\"isPartOf\":{\"@id\":\"https:\/\/www.tape-design.com\/#website\"},\"primaryImageOfPage\":{\"@id\":\"https:\/\/www.tape-design.com\/it\/prodotto\/deal-1-classic-tubes\/#primaryimage\"},\"image\":{\"@id\":\"https:\/\/www.tape-design.com\/it\/prodotto\/deal-1-classic-tubes\/#primaryimage\"},\"thumbnailUrl\":\"https:\/\/www.tape-design.com\/app\/uploads\/2025\/03\/2026_BUNDLE_CLASSIC_TUBES_PRODUCT_IMG_1.jpg\",\"datePublished\":\"2025-03-27T19:08:49+00:00\",\"dateModified\":\"2026-02-19T10:09:49+00:00\",\"breadcrumb\":{\"@id\":\"https:\/\/www.tape-design.com\/it\/prodotto\/deal-1-classic-tubes\/#breadcrumb\"},\"inLanguage\":\"it-IT\",\"potentialAction\":[{\"@type\":\"ReadAction\",\"target\":[\"https:\/\/www.tape-design.com\/it\/prodotto\/deal-1-classic-tubes\/\"]}]},{\"@type\":\"ImageObject\",\"inLanguage\":\"it-IT\",\"@id\":\"https:\/\/www.tape-design.com\/it\/prodotto\/deal-1-classic-tubes\/#primaryimage\",\"url\":\"https:\/\/www.tape-design.com\/app\/uploads\/2025\/03\/2026_BUNDLE_CLASSIC_TUBES_PRODUCT_IMG_1.jpg\",\"contentUrl\":\"https:\/\/www.tape-design.com\/app\/uploads\/2025\/03\/2026_BUNDLE_CLASSIC_TUBES_PRODUCT_IMG_1.jpg\",\"width\":1080,\"height\":1080},{\"@type\":\"BreadcrumbList\",\"@id\":\"https:\/\/www.tape-design.com\/it\/prodotto\/deal-1-classic-tubes\/#breadcrumb\",\"itemListElement\":[{\"@type\":\"ListItem\",\"position\":1,\"name\":\"Home\",\"item\":\"https:\/\/www.tape-design.com\/it\/\"},{\"@type\":\"ListItem\",\"position\":2,\"name\":\"Shop\",\"item\":\"https:\/\/www.tape-design.com\/it\/shop\/\"},{\"@type\":\"ListItem\",\"position\":3,\"name\":\"Deal 1: Classic + Tubes\"}]},{\"@type\":\"WebSite\",\"@id\":\"https:\/\/www.tape-design.com\/#website\",\"url\":\"https:\/\/www.tape-design.com\/\",\"name\":\"TAPEDESIGN\",\"description\":\"Always a step ahead\",\"publisher\":{\"@id\":\"https:\/\/www.tape-design.com\/#organization\"},\"potentialAction\":[{\"@type\":\"SearchAction\",\"target\":{\"@type\":\"EntryPoint\",\"urlTemplate\":\"https:\/\/www.tape-design.com\/?s={search_term_string}\"},\"query-input\":{\"@type\":\"PropertyValueSpecification\",\"valueRequired\":true,\"valueName\":\"search_term_string\"}}],\"inLanguage\":\"it-IT\"},{\"@type\":\"Organization\",\"@id\":\"https:\/\/www.tape-design.com\/#organization\",\"name\":\"TAPEDESIGN\",\"url\":\"https:\/\/www.tape-design.com\/\",\"logo\":{\"@type\":\"ImageObject\",\"inLanguage\":\"it-IT\",\"@id\":\"https:\/\/www.tape-design.com\/#\/schema\/logo\/image\/\",\"url\":\"https:\/\/www.tape-design.com\/app\/uploads\/2020\/11\/Logosmall.png\",\"contentUrl\":\"https:\/\/www.tape-design.com\/app\/uploads\/2020\/11\/Logosmall.png\",\"width\":340,\"height\":156,\"caption\":\"TAPEDESIGN\"},\"image\":{\"@id\":\"https:\/\/www.tape-design.com\/#\/schema\/logo\/image\/\"},\"sameAs\":[\"https:\/\/www.facebook.com\/tapedesigncom\/\",\"https:\/\/www.instagram.com\/tapedesign_socks\/?hl=de\"]}]}<\/script>","yoast_head_json":{"title":"Deal 1: Classic + Tubes - TAPEDESIGN","robots":{"index":"index","follow":"follow","max-snippet":"max-snippet:-1","max-image-preview":"max-image-preview:large","max-video-preview":"max-video-preview:-1"},"canonical":"https:\/\/www.tape-design.com\/it\/prodotto\/deal-1-classic-tubes\/","og_locale":"it_IT","og_type":"article","og_title":"Deal 1: Classic + Tubes - TAPEDESIGN","og_description":"Prendi i tuoi \"Allround Socks Classic\" con i \"Tubes\" per una tenuta e prestazioni ottimali.Perfetti per la tua prossima partita!","og_url":"https:\/\/www.tape-design.com\/it\/prodotto\/deal-1-classic-tubes\/","og_site_name":"TAPEDESIGN","article_publisher":"https:\/\/www.facebook.com\/tapedesigncom\/","article_modified_time":"2026-02-19T10:09:49+00:00","og_image":[{"width":1080,"height":1080,"url":"https:\/\/www.tape-design.com\/app\/uploads\/2025\/03\/2026_BUNDLE_CLASSIC_TUBES_PRODUCT_IMG_1.jpg","type":"image\/jpeg"}],"twitter_card":"summary_large_image","twitter_misc":{"Tempo di lettura stimato":"1 minuto"},"schema":{"@context":"https:\/\/schema.org","@graph":[{"@type":"WebPage","@id":"https:\/\/www.tape-design.com\/it\/prodotto\/deal-1-classic-tubes\/","url":"https:\/\/www.tape-design.com\/it\/prodotto\/deal-1-classic-tubes\/","name":"Deal 1: Classic + Tubes - TAPEDESIGN","isPartOf":{"@id":"https:\/\/www.tape-design.com\/#website"},"primaryImageOfPage":{"@id":"https:\/\/www.tape-design.com\/it\/prodotto\/deal-1-classic-tubes\/#primaryimage"},"image":{"@id":"https:\/\/www.tape-design.com\/it\/prodotto\/deal-1-classic-tubes\/#primaryimage"},"thumbnailUrl":"https:\/\/www.tape-design.com\/app\/uploads\/2025\/03\/2026_BUNDLE_CLASSIC_TUBES_PRODUCT_IMG_1.jpg","datePublished":"2025-03-27T19:08:49+00:00","dateModified":"2026-02-19T10:09:49+00:00","breadcrumb":{"@id":"https:\/\/www.tape-design.com\/it\/prodotto\/deal-1-classic-tubes\/#breadcrumb"},"inLanguage":"it-IT","potentialAction":[{"@type":"ReadAction","target":["https:\/\/www.tape-design.com\/it\/prodotto\/deal-1-classic-tubes\/"]}]},{"@type":"ImageObject","inLanguage":"it-IT","@id":"https:\/\/www.tape-design.com\/it\/prodotto\/deal-1-classic-tubes\/#primaryimage","url":"https:\/\/www.tape-design.com\/app\/uploads\/2025\/03\/2026_BUNDLE_CLASSIC_TUBES_PRODUCT_IMG_1.jpg","contentUrl":"https:\/\/www.tape-design.com\/app\/uploads\/2025\/03\/2026_BUNDLE_CLASSIC_TUBES_PRODUCT_IMG_1.jpg","width":1080,"height":1080},{"@type":"BreadcrumbList","@id":"https:\/\/www.tape-design.com\/it\/prodotto\/deal-1-classic-tubes\/#breadcrumb","itemListElement":[{"@type":"ListItem","position":1,"name":"Home","item":"https:\/\/www.tape-design.com\/it\/"},{"@type":"ListItem","position":2,"name":"Shop","item":"https:\/\/www.tape-design.com\/it\/shop\/"},{"@type":"ListItem","position":3,"name":"Deal 1: Classic + Tubes"}]},{"@type":"WebSite","@id":"https:\/\/www.tape-design.com\/#website","url":"https:\/\/www.tape-design.com\/","name":"TAPEDESIGN","description":"Always a step ahead","publisher":{"@id":"https:\/\/www.tape-design.com\/#organization"},"potentialAction":[{"@type":"SearchAction","target":{"@type":"EntryPoint","urlTemplate":"https:\/\/www.tape-design.com\/?s={search_term_string}"},"query-input":{"@type":"PropertyValueSpecification","valueRequired":true,"valueName":"search_term_string"}}],"inLanguage":"it-IT"},{"@type":"Organization","@id":"https:\/\/www.tape-design.com\/#organization","name":"TAPEDESIGN","url":"https:\/\/www.tape-design.com\/","logo":{"@type":"ImageObject","inLanguage":"it-IT","@id":"https:\/\/www.tape-design.com\/#\/schema\/logo\/image\/","url":"https:\/\/www.tape-design.com\/app\/uploads\/2020\/11\/Logosmall.png","contentUrl":"https:\/\/www.tape-design.com\/app\/uploads\/2020\/11\/Logosmall.png","width":340,"height":156,"caption":"TAPEDESIGN"},"image":{"@id":"https:\/\/www.tape-design.com\/#\/schema\/logo\/image\/"},"sameAs":["https:\/\/www.facebook.com\/tapedesigncom\/","https:\/\/www.instagram.com\/tapedesign_socks\/?hl=de"]}]}},"_links":{"self":[{"href":"https:\/\/www.tape-design.com\/it\/wp-json\/wp\/v2\/product\/126613","targetHints":{"allow":["GET"]}}],"collection":[{"href":"https:\/\/www.tape-design.com\/it\/wp-json\/wp\/v2\/product"}],"about":[{"href":"https:\/\/www.tape-design.com\/it\/wp-json\/wp\/v2\/types\/product"}],"wp:featuredmedia":[{"embeddable":true,"href":"https:\/\/www.tape-design.com\/it\/wp-json\/wp\/v2\/media\/142055"}],"wp:attachment":[{"href":"https:\/\/www.tape-design.com\/it\/wp-json\/wp\/v2\/media?parent=126613"}],"wp:term":[{"taxonomy":"product_cat","embeddable":true,"href":"https:\/\/www.tape-design.com\/it\/wp-json\/wp\/v2\/product_cat?post=126613"},{"taxonomy":"product_tag","embeddable":true,"href":"https:\/\/www.tape-design.com\/it\/wp-json\/wp\/v2\/product_tag?post=126613"},{"taxonomy":"giftcard-category","embeddable":true,"href":"https:\/\/www.tape-design.com\/it\/wp-json\/wp\/v2\/giftcard-category?post=126613"}],"curies":[{"name":"wp","href":"https:\/\/api.w.org\/{rel}","templated":true}]}}