{"id":134912,"date":"2025-07-15T18:04:48","date_gmt":"2025-07-15T16:04:48","guid":{"rendered":"https:\/\/www.tape-design.com\/product\/bundle-superlight-tubes-shinguards-2-0-black-edition\/"},"modified":"2026-02-24T09:31:28","modified_gmt":"2026-02-24T08:31:28","slug":"bundle-superlight-tubes-shinguards-2-0-black-edition","status":"publish","type":"product","link":"https:\/\/www.tape-design.com\/it\/prodotto\/bundle-superlight-tubes-shinguards-2-0-black-edition\/","title":{"rendered":"Bundle: Superlight + Tubes + Shinguards 2.0 <small>(Black Edition)<\/small>"},"content":{"rendered":"<p data-start=\"5971\" data-end=\"6210\"><strong data-start=\"5971\" data-end=\"5992\">SUPERLIGHT SOCKS:<\/strong><br data-start=\"5992\" data-end=\"5995\" \/>Le nuove calze TAPEDESIGN \u201cSUPERLIGHT\u201d colpiscono per il tessuto ultra sottile, che le rende estremamente leggere e molto comode da indossare. Sia nello sport professionale che amatoriale \u2013 sempre un passo avanti!<\/p>\n<p data-start=\"6212\" data-end=\"6429\">Questa calza speciale garantisce pi\u00f9 grip e sensibilit\u00e0 in qualsiasi scarpa. Grazie alla speciale composizione del materiale, \u00e8 molto confortevole ed estremamente elastica \u2013 adattandosi ergonomicamente a ogni piede.<\/p>\n<ul>\n<li data-start=\"6433\" data-end=\"6448\">Ultra sottili<\/li>\n<li data-start=\"6451\" data-end=\"6489\">Extra leggere, solo 26,5 g per calza<\/li>\n<li data-start=\"6492\" data-end=\"6571\">Taglia unica (EU 37\u201348) grazie al materiale premium lavorato in modo speciale<\/li>\n<li data-start=\"6574\" data-end=\"6672\">Inserti in gomma posizionati all\u2019esterno in forma ergonomica per una presa perfetta nella scarpa<\/li>\n<li data-start=\"6675\" data-end=\"6729\">Comfort superiore grazie alla lavorazione di qualit\u00e0<\/li>\n<li data-start=\"6732\" data-end=\"6847\">Testate e approvate da atleti professionisti e amatori in vari sport (calcio, tennis, pallamano, pallavolo, ecc.)<\/li>\n<li data-start=\"6850\" data-end=\"6938\">Utilizzabili in tutti gli sport che richiedono cambi di direzione e movimenti rotatori<\/li>\n<\/ul>\n<p data-start=\"6940\" data-end=\"6966\"><strong data-start=\"6940\" data-end=\"6964\">Senti la differenza!<\/strong><\/p>\n<p data-start=\"6968\" data-end=\"7029\">Materiale: 55% Cotone, 35% Nylon, 7% Elastan, 3% Poliestere<\/p>\n<p data-start=\"7036\" data-end=\"7246\">\n<p data-start=\"7036\" data-end=\"7246\"><strong data-start=\"7036\" data-end=\"7059\">TAPEDESIGN \u2013 TUBES:<\/strong><br data-start=\"7059\" data-end=\"7062\" \/>I \u201cTAPEDESIGN \u2013 Tubes\u201d si distinguono per funzionalit\u00e0 e innovazione. Molto comodi, sono apprezzati sia dai professionisti che dagli amatori, offrendo al contempo elevata resistenza.<\/p>\n<p data-start=\"7248\" data-end=\"7344\">Allenamenti e partite non sono pi\u00f9 un problema \u2013 con i \u201cTAPEDESIGN \u2013 Tubes\u201d sei sempre pronto.<\/p>\n<ul>\n<li data-start=\"7348\" data-end=\"7463\"><strong data-start=\"7348\" data-end=\"7373\">Vestibilit\u00e0 perfetta:<\/strong> Taglio speciale e zone flessibili sul polpaccio per mantenere saldamente i parastinchi.<\/li>\n<li data-start=\"7466\" data-end=\"7529\"><strong data-start=\"7466\" data-end=\"7491\">Materiale funzionale:<\/strong> Si adatta perfettamente alla pelle.<\/li>\n<li data-start=\"7532\" data-end=\"7645\"><strong data-start=\"7532\" data-end=\"7561\">Regolazione dell\u2019umidit\u00e0:<\/strong> Il filato leggero espelle l\u2019umidit\u00e0 verso l\u2019esterno, migliorando la ventilazione.<\/li>\n<\/ul>\n<p data-start=\"7647\" data-end=\"7700\">Composizione: 86% Poliestere, 10% Nylon, 4% Elastan<\/p>\n<p data-start=\"7707\" data-end=\"7756\">\n<p data-start=\"7707\" data-end=\"7756\"><strong data-start=\"7707\" data-end=\"7754\">PERFORMANCE SHINGUARDS 2.0 (Black Edition):<\/strong><\/p>\n<p data-start=\"7758\" data-end=\"7772\"><strong data-start=\"7758\" data-end=\"7770\">Incluso:<\/strong><\/p>\n<ul>\n<li data-start=\"7775\" data-end=\"7827\">1 paio di \u201cTAPEDESIGN\u00ae Performance Shinguards 2.0\u201d<\/li>\n<li data-start=\"7830\" data-end=\"7853\">1x sacca portaoggetti<\/li>\n<li data-start=\"7856\" data-end=\"7871\">1x istruzioni<\/li>\n<\/ul>\n<p data-start=\"7873\" data-end=\"7922\"><strong data-start=\"7873\" data-end=\"7886\">Finitura:<\/strong><br data-start=\"7886\" data-end=\"7889\" \/>Stampa UV diretta (parastinchi)<\/p>\n<p data-start=\"7924\" data-end=\"8005\"><strong data-start=\"7924\" data-end=\"7932\">Uso:<\/strong><br data-start=\"7932\" data-end=\"7935\" \/>I parastinchi diventano morbidi e modellabili con aria calda (phon).<\/p>\n<ol>\n<li data-start=\"8009\" data-end=\"8078\">Posizionare su superficie liscia e pulita (carta o carta da forno).<\/li>\n<li data-start=\"8082\" data-end=\"8110\">Riscaldare per 3\u20136 minuti.<\/li>\n<li data-start=\"8114\" data-end=\"8177\">Attendere 10\u201315 secondi e applicare direttamente allo stinco.<\/li>\n<li data-start=\"8181\" data-end=\"8321\">Premere leggermente per modellare.<br data-start=\"8215\" data-end=\"8218\" \/>Dopo ca. 3 minuti si induriscono assumendo la forma dello stinco e dei muscoli. Ripetere con l\u2019altro.<\/li>\n<\/ol>\n<p data-start=\"8323\" data-end=\"8452\"><strong data-start=\"8323\" data-end=\"8348\">Vestibilit\u00e0 perfetta:<\/strong><br data-start=\"8348\" data-end=\"8351\" \/>Dopo il riscaldamento, i parastinchi assumono quasi ogni forma \u2013 per un adattamento personalizzato.<\/p>\n<p data-start=\"8454\" data-end=\"8476\"><strong data-start=\"8454\" data-end=\"8474\">Note importanti:<\/strong><\/p>\n<ul>\n<li data-start=\"8479\" data-end=\"8520\">Conservare al fresco, lontano dal sole.<\/li>\n<li data-start=\"8523\" data-end=\"8592\">Uso scorretto pu\u00f2 danneggiare il prodotto (nessuna responsabilit\u00e0).<\/li>\n<li data-start=\"8595\" data-end=\"8666\">Protezione limitata \u2013 nessun parastinco garantisce protezione totale.<\/li>\n<li data-start=\"8669\" data-end=\"8705\">Una modifica riduce la protezione.<\/li>\n<li data-start=\"8708\" data-end=\"8785\">Pulizia semplice: lavare con acqua e asciugare per prevenire cattivi odori.<\/li>\n<\/ul>\n","protected":false},"excerpt":{"rendered":"<p>Leggerissimi e protetti a 360\u00b0: SUPERLIGHT Socks con SHINGUARDS 2.0 e TUBES \u2013 la combinazione perfetta per atleti di alto livello.<\/p>\n","protected":false},"featured_media":131331,"template":"","meta":{"_acf_changed":false},"product_cat":[2847],"product_tag":[],"giftcard-category":[],"class_list":{"0":"post-134912","1":"product","2":"type-product","3":"status-publish","4":"has-post-thumbnail","6":"product_cat-special-sets-it","8":"first","9":"instock","10":"sale","11":"virtual","12":"taxable","13":"purchasable","14":"product-type-bundle"},"bundled_by":[],"bundle_stock_status":"instock","bundle_stock_quantity":"","bundle_virtual":false,"bundle_layout":"default","bundle_add_to_cart_form_location":"default","bundle_editable_in_cart":false,"bundle_sold_individually_context":"product","bundle_item_grouping":"parent","bundle_min_size":"","bundle_max_size":"","bundle_price":{"price":{"min":{"incl_tax":"49.95","excl_tax":"41.625"},"max":{"incl_tax":"49.95","excl_tax":"41.625"}},"regular_price":{"min":{"incl_tax":"66.85","excl_tax":"55.708333"},"max":{"incl_tax":"66.85","excl_tax":"55.708333"}}},"bundled_items":[{"bundled_item_id":336,"product_id":59160,"menu_order":0,"quantity_min":1,"quantity_max":1,"quantity_default":1,"priced_individually":false,"shipped_individually":false,"override_title":false,"title":"\u201eSUPERLIGHT\u201d Socks","override_description":false,"description":"\u201eSUPERLIGHT\u201d Socks","optional":false,"hide_thumbnail":false,"discount":"","override_variations":false,"allowed_variations":[""],"override_default_variation_attributes":false,"default_variation_attributes":[],"single_product_visibility":"visible","cart_visibility":"visible","order_visibility":"visible","single_product_price_visibility":"visible","cart_price_visibility":"visible","order_price_visibility":"visible","stock_status":"in_stock"},{"bundled_item_id":337,"product_id":75133,"menu_order":1,"quantity_min":1,"quantity_max":1,"quantity_default":1,"priced_individually":false,"shipped_individually":false,"override_title":false,"title":"Tubes","override_description":false,"description":"Tubes","optional":false,"hide_thumbnail":false,"discount":"","override_variations":false,"allowed_variations":[""],"override_default_variation_attributes":false,"default_variation_attributes":[],"single_product_visibility":"visible","cart_visibility":"visible","order_visibility":"visible","single_product_price_visibility":"visible","cart_price_visibility":"visible","order_price_visibility":"visible","stock_status":"in_stock"},{"bundled_item_id":338,"product_id":97405,"menu_order":2,"quantity_min":1,"quantity_max":1,"quantity_default":1,"priced_individually":false,"shipped_individually":false,"override_title":false,"title":"Performance Shinguards 2.0 (Black Edition)","override_description":false,"description":"Performance Shinguards 2.0 (Black Edition)","optional":false,"hide_thumbnail":false,"discount":"","override_variations":false,"allowed_variations":[""],"override_default_variation_attributes":false,"default_variation_attributes":[],"single_product_visibility":"visible","cart_visibility":"visible","order_visibility":"visible","single_product_price_visibility":"visible","cart_price_visibility":"visible","order_price_visibility":"visible","stock_status":"in_stock"}],"bundle_sell_ids":[],"exclude_global_add_ons":[],"addons":[],"acf":[],"yoast_head":"<title>Bundle: Superlight + Tubes + Shinguards 2.0 (Black Edition) - TAPEDESIGN<\/title>\n<meta name=\"robots\" content=\"index, follow, max-snippet:-1, max-image-preview:large, max-video-preview:-1\" \/>\n<link rel=\"canonical\" href=\"https:\/\/www.tape-design.com\/it\/prodotto\/bundle-superlight-tubes-shinguards-2-0-black-edition\/\" \/>\n<meta property=\"og:locale\" content=\"it_IT\" \/>\n<meta property=\"og:type\" content=\"article\" \/>\n<meta property=\"og:title\" content=\"Bundle: Superlight + Tubes + Shinguards 2.0 (Black Edition) - TAPEDESIGN\" \/>\n<meta property=\"og:description\" content=\"Leggerissimi e protetti a 360\u00b0: SUPERLIGHT Socks con SHINGUARDS 2.0 e TUBES \u2013 la combinazione perfetta per atleti di alto livello.\" \/>\n<meta property=\"og:url\" content=\"https:\/\/www.tape-design.com\/it\/prodotto\/bundle-superlight-tubes-shinguards-2-0-black-edition\/\" \/>\n<meta property=\"og:site_name\" content=\"TAPEDESIGN\" \/>\n<meta property=\"article:publisher\" content=\"https:\/\/www.facebook.com\/tapedesigncom\/\" \/>\n<meta property=\"article:modified_time\" content=\"2026-02-24T08:31:28+00:00\" \/>\n<meta property=\"og:image\" content=\"https:\/\/www.tape-design.com\/app\/uploads\/2025\/03\/2025_TD_CRM_BUNDLE_DEAL5_SHINGUARDS_BLACK.jpg\" \/>\n\t<meta property=\"og:image:width\" content=\"1080\" \/>\n\t<meta property=\"og:image:height\" content=\"1080\" \/>\n\t<meta property=\"og:image:type\" content=\"image\/jpeg\" \/>\n<meta name=\"twitter:card\" content=\"summary_large_image\" \/>\n<meta name=\"twitter:label1\" content=\"Tempo di lettura stimato\" \/>\n\t<meta name=\"twitter:data1\" content=\"2 minuti\" \/>\n<script type=\"application\/ld+json\" class=\"yoast-schema-graph\">{\"@context\":\"https:\/\/schema.org\",\"@graph\":[{\"@type\":\"WebPage\",\"@id\":\"https:\/\/www.tape-design.com\/it\/prodotto\/bundle-superlight-tubes-shinguards-2-0-black-edition\/\",\"url\":\"https:\/\/www.tape-design.com\/it\/prodotto\/bundle-superlight-tubes-shinguards-2-0-black-edition\/\",\"name\":\"Bundle: Superlight + Tubes + Shinguards 2.0 (Black Edition) - TAPEDESIGN\",\"isPartOf\":{\"@id\":\"https:\/\/www.tape-design.com\/#website\"},\"primaryImageOfPage\":{\"@id\":\"https:\/\/www.tape-design.com\/it\/prodotto\/bundle-superlight-tubes-shinguards-2-0-black-edition\/#primaryimage\"},\"image\":{\"@id\":\"https:\/\/www.tape-design.com\/it\/prodotto\/bundle-superlight-tubes-shinguards-2-0-black-edition\/#primaryimage\"},\"thumbnailUrl\":\"https:\/\/www.tape-design.com\/app\/uploads\/2025\/03\/2025_TD_CRM_BUNDLE_DEAL5_SHINGUARDS_BLACK.jpg\",\"datePublished\":\"2025-07-15T16:04:48+00:00\",\"dateModified\":\"2026-02-24T08:31:28+00:00\",\"breadcrumb\":{\"@id\":\"https:\/\/www.tape-design.com\/it\/prodotto\/bundle-superlight-tubes-shinguards-2-0-black-edition\/#breadcrumb\"},\"inLanguage\":\"it-IT\",\"potentialAction\":[{\"@type\":\"ReadAction\",\"target\":[\"https:\/\/www.tape-design.com\/it\/prodotto\/bundle-superlight-tubes-shinguards-2-0-black-edition\/\"]}]},{\"@type\":\"ImageObject\",\"inLanguage\":\"it-IT\",\"@id\":\"https:\/\/www.tape-design.com\/it\/prodotto\/bundle-superlight-tubes-shinguards-2-0-black-edition\/#primaryimage\",\"url\":\"https:\/\/www.tape-design.com\/app\/uploads\/2025\/03\/2025_TD_CRM_BUNDLE_DEAL5_SHINGUARDS_BLACK.jpg\",\"contentUrl\":\"https:\/\/www.tape-design.com\/app\/uploads\/2025\/03\/2025_TD_CRM_BUNDLE_DEAL5_SHINGUARDS_BLACK.jpg\",\"width\":1080,\"height\":1080},{\"@type\":\"BreadcrumbList\",\"@id\":\"https:\/\/www.tape-design.com\/it\/prodotto\/bundle-superlight-tubes-shinguards-2-0-black-edition\/#breadcrumb\",\"itemListElement\":[{\"@type\":\"ListItem\",\"position\":1,\"name\":\"Home\",\"item\":\"https:\/\/www.tape-design.com\/it\/\"},{\"@type\":\"ListItem\",\"position\":2,\"name\":\"Shop\",\"item\":\"https:\/\/www.tape-design.com\/it\/shop\/\"},{\"@type\":\"ListItem\",\"position\":3,\"name\":\"Bundle: Superlight + Tubes + Shinguards 2.0 (Black Edition)\"}]},{\"@type\":\"WebSite\",\"@id\":\"https:\/\/www.tape-design.com\/#website\",\"url\":\"https:\/\/www.tape-design.com\/\",\"name\":\"TAPEDESIGN\",\"description\":\"Always a step ahead\",\"publisher\":{\"@id\":\"https:\/\/www.tape-design.com\/#organization\"},\"potentialAction\":[{\"@type\":\"SearchAction\",\"target\":{\"@type\":\"EntryPoint\",\"urlTemplate\":\"https:\/\/www.tape-design.com\/?s={search_term_string}\"},\"query-input\":{\"@type\":\"PropertyValueSpecification\",\"valueRequired\":true,\"valueName\":\"search_term_string\"}}],\"inLanguage\":\"it-IT\"},{\"@type\":\"Organization\",\"@id\":\"https:\/\/www.tape-design.com\/#organization\",\"name\":\"TAPEDESIGN\",\"url\":\"https:\/\/www.tape-design.com\/\",\"logo\":{\"@type\":\"ImageObject\",\"inLanguage\":\"it-IT\",\"@id\":\"https:\/\/www.tape-design.com\/#\/schema\/logo\/image\/\",\"url\":\"https:\/\/www.tape-design.com\/app\/uploads\/2020\/11\/Logosmall.png\",\"contentUrl\":\"https:\/\/www.tape-design.com\/app\/uploads\/2020\/11\/Logosmall.png\",\"width\":340,\"height\":156,\"caption\":\"TAPEDESIGN\"},\"image\":{\"@id\":\"https:\/\/www.tape-design.com\/#\/schema\/logo\/image\/\"},\"sameAs\":[\"https:\/\/www.facebook.com\/tapedesigncom\/\",\"https:\/\/www.instagram.com\/tapedesign_socks\/?hl=de\"]}]}<\/script>","yoast_head_json":{"title":"Bundle: Superlight + Tubes + Shinguards 2.0 (Black Edition) - TAPEDESIGN","robots":{"index":"index","follow":"follow","max-snippet":"max-snippet:-1","max-image-preview":"max-image-preview:large","max-video-preview":"max-video-preview:-1"},"canonical":"https:\/\/www.tape-design.com\/it\/prodotto\/bundle-superlight-tubes-shinguards-2-0-black-edition\/","og_locale":"it_IT","og_type":"article","og_title":"Bundle: Superlight + Tubes + Shinguards 2.0 (Black Edition) - TAPEDESIGN","og_description":"Leggerissimi e protetti a 360\u00b0: SUPERLIGHT Socks con SHINGUARDS 2.0 e TUBES \u2013 la combinazione perfetta per atleti di alto livello.","og_url":"https:\/\/www.tape-design.com\/it\/prodotto\/bundle-superlight-tubes-shinguards-2-0-black-edition\/","og_site_name":"TAPEDESIGN","article_publisher":"https:\/\/www.facebook.com\/tapedesigncom\/","article_modified_time":"2026-02-24T08:31:28+00:00","og_image":[{"width":1080,"height":1080,"url":"https:\/\/www.tape-design.com\/app\/uploads\/2025\/03\/2025_TD_CRM_BUNDLE_DEAL5_SHINGUARDS_BLACK.jpg","type":"image\/jpeg"}],"twitter_card":"summary_large_image","twitter_misc":{"Tempo di lettura stimato":"2 minuti"},"schema":{"@context":"https:\/\/schema.org","@graph":[{"@type":"WebPage","@id":"https:\/\/www.tape-design.com\/it\/prodotto\/bundle-superlight-tubes-shinguards-2-0-black-edition\/","url":"https:\/\/www.tape-design.com\/it\/prodotto\/bundle-superlight-tubes-shinguards-2-0-black-edition\/","name":"Bundle: Superlight + Tubes + Shinguards 2.0 (Black Edition) - TAPEDESIGN","isPartOf":{"@id":"https:\/\/www.tape-design.com\/#website"},"primaryImageOfPage":{"@id":"https:\/\/www.tape-design.com\/it\/prodotto\/bundle-superlight-tubes-shinguards-2-0-black-edition\/#primaryimage"},"image":{"@id":"https:\/\/www.tape-design.com\/it\/prodotto\/bundle-superlight-tubes-shinguards-2-0-black-edition\/#primaryimage"},"thumbnailUrl":"https:\/\/www.tape-design.com\/app\/uploads\/2025\/03\/2025_TD_CRM_BUNDLE_DEAL5_SHINGUARDS_BLACK.jpg","datePublished":"2025-07-15T16:04:48+00:00","dateModified":"2026-02-24T08:31:28+00:00","breadcrumb":{"@id":"https:\/\/www.tape-design.com\/it\/prodotto\/bundle-superlight-tubes-shinguards-2-0-black-edition\/#breadcrumb"},"inLanguage":"it-IT","potentialAction":[{"@type":"ReadAction","target":["https:\/\/www.tape-design.com\/it\/prodotto\/bundle-superlight-tubes-shinguards-2-0-black-edition\/"]}]},{"@type":"ImageObject","inLanguage":"it-IT","@id":"https:\/\/www.tape-design.com\/it\/prodotto\/bundle-superlight-tubes-shinguards-2-0-black-edition\/#primaryimage","url":"https:\/\/www.tape-design.com\/app\/uploads\/2025\/03\/2025_TD_CRM_BUNDLE_DEAL5_SHINGUARDS_BLACK.jpg","contentUrl":"https:\/\/www.tape-design.com\/app\/uploads\/2025\/03\/2025_TD_CRM_BUNDLE_DEAL5_SHINGUARDS_BLACK.jpg","width":1080,"height":1080},{"@type":"BreadcrumbList","@id":"https:\/\/www.tape-design.com\/it\/prodotto\/bundle-superlight-tubes-shinguards-2-0-black-edition\/#breadcrumb","itemListElement":[{"@type":"ListItem","position":1,"name":"Home","item":"https:\/\/www.tape-design.com\/it\/"},{"@type":"ListItem","position":2,"name":"Shop","item":"https:\/\/www.tape-design.com\/it\/shop\/"},{"@type":"ListItem","position":3,"name":"Bundle: Superlight + Tubes + Shinguards 2.0 (Black Edition)"}]},{"@type":"WebSite","@id":"https:\/\/www.tape-design.com\/#website","url":"https:\/\/www.tape-design.com\/","name":"TAPEDESIGN","description":"Always a step ahead","publisher":{"@id":"https:\/\/www.tape-design.com\/#organization"},"potentialAction":[{"@type":"SearchAction","target":{"@type":"EntryPoint","urlTemplate":"https:\/\/www.tape-design.com\/?s={search_term_string}"},"query-input":{"@type":"PropertyValueSpecification","valueRequired":true,"valueName":"search_term_string"}}],"inLanguage":"it-IT"},{"@type":"Organization","@id":"https:\/\/www.tape-design.com\/#organization","name":"TAPEDESIGN","url":"https:\/\/www.tape-design.com\/","logo":{"@type":"ImageObject","inLanguage":"it-IT","@id":"https:\/\/www.tape-design.com\/#\/schema\/logo\/image\/","url":"https:\/\/www.tape-design.com\/app\/uploads\/2020\/11\/Logosmall.png","contentUrl":"https:\/\/www.tape-design.com\/app\/uploads\/2020\/11\/Logosmall.png","width":340,"height":156,"caption":"TAPEDESIGN"},"image":{"@id":"https:\/\/www.tape-design.com\/#\/schema\/logo\/image\/"},"sameAs":["https:\/\/www.facebook.com\/tapedesigncom\/","https:\/\/www.instagram.com\/tapedesign_socks\/?hl=de"]}]}},"_links":{"self":[{"href":"https:\/\/www.tape-design.com\/it\/wp-json\/wp\/v2\/product\/134912","targetHints":{"allow":["GET"]}}],"collection":[{"href":"https:\/\/www.tape-design.com\/it\/wp-json\/wp\/v2\/product"}],"about":[{"href":"https:\/\/www.tape-design.com\/it\/wp-json\/wp\/v2\/types\/product"}],"wp:featuredmedia":[{"embeddable":true,"href":"https:\/\/www.tape-design.com\/it\/wp-json\/wp\/v2\/media\/131331"}],"wp:attachment":[{"href":"https:\/\/www.tape-design.com\/it\/wp-json\/wp\/v2\/media?parent=134912"}],"wp:term":[{"taxonomy":"product_cat","embeddable":true,"href":"https:\/\/www.tape-design.com\/it\/wp-json\/wp\/v2\/product_cat?post=134912"},{"taxonomy":"product_tag","embeddable":true,"href":"https:\/\/www.tape-design.com\/it\/wp-json\/wp\/v2\/product_tag?post=134912"},{"taxonomy":"giftcard-category","embeddable":true,"href":"https:\/\/www.tape-design.com\/it\/wp-json\/wp\/v2\/giftcard-category?post=134912"}],"curies":[{"name":"wp","href":"https:\/\/api.w.org\/{rel}","templated":true}]}}