{"id":134920,"date":"2025-06-25T17:21:49","date_gmt":"2025-06-25T15:21:49","guid":{"rendered":"https:\/\/www.tape-design.com\/product\/double-pack-superlight-socks\/"},"modified":"2026-03-03T13:14:11","modified_gmt":"2026-03-03T12:14:11","slug":"double-pack-superlight-socks","status":"publish","type":"product","link":"https:\/\/www.tape-design.com\/it\/prodotto\/double-pack-superlight-socks\/","title":{"rendered":"Double Pack: \u201cSUPERLIGHT\u201d Socks"},"content":{"rendered":"<p data-start=\"2324\" data-end=\"2529\">Le nuove calze TAPEDESIGN \u201cSUPERLIGHT\u201d colpiscono per il tessuto ultra sottile \u2013 estremamente leggere e molto comode da indossare.<br data-start=\"2454\" data-end=\"2457\" \/>Sia nello sport professionale che amatoriale \u2013 sempre un passo avanti!<\/p>\n<p data-start=\"2531\" data-end=\"2745\">Questa calza speciale garantisce pi\u00f9 grip e sensibilit\u00e0 in qualsiasi scarpa. Grazie alla composizione unica del materiale, \u00e8 molto confortevole ed estremamente elastica \u2013 adattandosi ergonomicamente a ogni piede.<\/p>\n<ul>\n<li data-start=\"2749\" data-end=\"2764\">Ultra sottili<\/li>\n<li data-start=\"2767\" data-end=\"2805\">Extra leggere, solo 26,5 g per calza<\/li>\n<li data-start=\"2808\" data-end=\"2887\">Taglia unica (EU 37\u201348) grazie al materiale premium lavorato in modo speciale<\/li>\n<li data-start=\"2890\" data-end=\"2988\">Inserti in gomma posizionati all\u2019esterno in forma ergonomica per una presa perfetta nella scarpa<\/li>\n<li data-start=\"2991\" data-end=\"3050\">Comfort superiore grazie alla lavorazione di alta qualit\u00e0<\/li>\n<li data-start=\"3053\" data-end=\"3168\">Testate e approvate da atleti professionisti e amatori in vari sport (calcio, tennis, pallamano, pallavolo, ecc.)<\/li>\n<li data-start=\"3171\" data-end=\"3266\">Utilizzabili in tutti gli sport che richiedono rapidi cambi di direzione e movimenti rotatori<\/li>\n<\/ul>\n<p data-start=\"3268\" data-end=\"3294\"><strong data-start=\"3268\" data-end=\"3292\">Senti la differenza!<\/strong><\/p>\n<p data-start=\"3296\" data-end=\"3357\">Materiale: 55% Cotone, 35% Nylon, 7% Elastan, 3% Poliestere<\/p>\n","protected":false},"excerpt":{"rendered":"<p>Le nuove calze TAPEDESIGN \u201cSUPERLIGHT\u201d colpiscono per il tessuto ultra sottile \u2013 estremamente leggere e molto comode da indossare.Sia nello sport professionale che amatoriale \u2013 sempre un passo avanti! Questa&hellip;<\/p>\n","protected":false},"featured_media":130286,"template":"","meta":{"_acf_changed":false},"product_cat":[3097,1378,2847,1303],"product_tag":[],"giftcard-category":[],"class_list":{"0":"post-134920","1":"product","2":"type-product","3":"status-publish","4":"has-post-thumbnail","6":"product_cat-double-pack-it","7":"product_cat-calzini-it","8":"product_cat-special-sets-it","9":"product_cat-tutti","11":"first","12":"instock","13":"sale","14":"taxable","15":"shipping-taxable","16":"purchasable","17":"product-type-variable","18":"has-default-attributes"},"bundled_by":[],"bundle_stock_status":"instock","bundle_stock_quantity":-47,"bundle_virtual":false,"bundle_layout":"","bundle_add_to_cart_form_location":"","bundle_editable_in_cart":false,"bundle_sold_individually_context":"","bundle_item_grouping":"","bundle_min_size":"","bundle_max_size":"","bundle_price":[],"bundled_items":[],"bundle_sell_ids":[],"exclude_global_add_ons":[],"addons":[],"acf":[],"yoast_head":"<title>Double Pack: \u201cSUPERLIGHT\u201d Socks - TAPEDESIGN<\/title>\n<meta name=\"robots\" content=\"index, follow, max-snippet:-1, max-image-preview:large, max-video-preview:-1\" \/>\n<link rel=\"canonical\" href=\"https:\/\/www.tape-design.com\/it\/prodotto\/double-pack-superlight-socks\/\" \/>\n<meta property=\"og:locale\" content=\"it_IT\" \/>\n<meta property=\"og:type\" content=\"article\" \/>\n<meta property=\"og:title\" content=\"Double Pack: \u201cSUPERLIGHT\u201d Socks - TAPEDESIGN\" \/>\n<meta property=\"og:description\" content=\"Le nuove calze TAPEDESIGN \u201cSUPERLIGHT\u201d colpiscono per il tessuto ultra sottile \u2013 estremamente leggere e molto comode da indossare.Sia nello sport professionale che amatoriale \u2013 sempre un passo avanti! Questa&hellip;\" \/>\n<meta property=\"og:url\" content=\"https:\/\/www.tape-design.com\/it\/prodotto\/double-pack-superlight-socks\/\" \/>\n<meta property=\"og:site_name\" content=\"TAPEDESIGN\" \/>\n<meta property=\"article:publisher\" content=\"https:\/\/www.facebook.com\/tapedesigncom\/\" \/>\n<meta property=\"article:modified_time\" content=\"2026-03-03T12:14:11+00:00\" \/>\n<meta property=\"og:image\" content=\"https:\/\/www.tape-design.com\/app\/uploads\/2025\/06\/2025_TD_PRODUCT_IMG_SUPERLIGHT_DOPPELPACK_WHITE.jpg\" \/>\n\t<meta property=\"og:image:width\" content=\"1080\" \/>\n\t<meta property=\"og:image:height\" content=\"1080\" \/>\n\t<meta property=\"og:image:type\" content=\"image\/jpeg\" \/>\n<meta name=\"twitter:card\" content=\"summary_large_image\" \/>\n<meta name=\"twitter:label1\" content=\"Tempo di lettura stimato\" \/>\n\t<meta name=\"twitter:data1\" content=\"1 minuto\" \/>\n<script type=\"application\/ld+json\" class=\"yoast-schema-graph\">{\"@context\":\"https:\/\/schema.org\",\"@graph\":[{\"@type\":\"WebPage\",\"@id\":\"https:\/\/www.tape-design.com\/it\/prodotto\/double-pack-superlight-socks\/\",\"url\":\"https:\/\/www.tape-design.com\/it\/prodotto\/double-pack-superlight-socks\/\",\"name\":\"Double Pack: \u201cSUPERLIGHT\u201d Socks - TAPEDESIGN\",\"isPartOf\":{\"@id\":\"https:\/\/www.tape-design.com\/#website\"},\"primaryImageOfPage\":{\"@id\":\"https:\/\/www.tape-design.com\/it\/prodotto\/double-pack-superlight-socks\/#primaryimage\"},\"image\":{\"@id\":\"https:\/\/www.tape-design.com\/it\/prodotto\/double-pack-superlight-socks\/#primaryimage\"},\"thumbnailUrl\":\"https:\/\/www.tape-design.com\/app\/uploads\/2025\/06\/2025_TD_PRODUCT_IMG_SUPERLIGHT_DOPPELPACK_WHITE.jpg\",\"datePublished\":\"2025-06-25T15:21:49+00:00\",\"dateModified\":\"2026-03-03T12:14:11+00:00\",\"breadcrumb\":{\"@id\":\"https:\/\/www.tape-design.com\/it\/prodotto\/double-pack-superlight-socks\/#breadcrumb\"},\"inLanguage\":\"it-IT\",\"potentialAction\":[{\"@type\":\"ReadAction\",\"target\":[\"https:\/\/www.tape-design.com\/it\/prodotto\/double-pack-superlight-socks\/\"]}]},{\"@type\":\"ImageObject\",\"inLanguage\":\"it-IT\",\"@id\":\"https:\/\/www.tape-design.com\/it\/prodotto\/double-pack-superlight-socks\/#primaryimage\",\"url\":\"https:\/\/www.tape-design.com\/app\/uploads\/2025\/06\/2025_TD_PRODUCT_IMG_SUPERLIGHT_DOPPELPACK_WHITE.jpg\",\"contentUrl\":\"https:\/\/www.tape-design.com\/app\/uploads\/2025\/06\/2025_TD_PRODUCT_IMG_SUPERLIGHT_DOPPELPACK_WHITE.jpg\",\"width\":1080,\"height\":1080},{\"@type\":\"BreadcrumbList\",\"@id\":\"https:\/\/www.tape-design.com\/it\/prodotto\/double-pack-superlight-socks\/#breadcrumb\",\"itemListElement\":[{\"@type\":\"ListItem\",\"position\":1,\"name\":\"Home\",\"item\":\"https:\/\/www.tape-design.com\/it\/\"},{\"@type\":\"ListItem\",\"position\":2,\"name\":\"Shop\",\"item\":\"https:\/\/www.tape-design.com\/it\/shop\/\"},{\"@type\":\"ListItem\",\"position\":3,\"name\":\"Double Pack: \u201cSUPERLIGHT\u201d Socks\"}]},{\"@type\":\"WebSite\",\"@id\":\"https:\/\/www.tape-design.com\/#website\",\"url\":\"https:\/\/www.tape-design.com\/\",\"name\":\"TAPEDESIGN\",\"description\":\"Always a step ahead\",\"publisher\":{\"@id\":\"https:\/\/www.tape-design.com\/#organization\"},\"potentialAction\":[{\"@type\":\"SearchAction\",\"target\":{\"@type\":\"EntryPoint\",\"urlTemplate\":\"https:\/\/www.tape-design.com\/?s={search_term_string}\"},\"query-input\":{\"@type\":\"PropertyValueSpecification\",\"valueRequired\":true,\"valueName\":\"search_term_string\"}}],\"inLanguage\":\"it-IT\"},{\"@type\":\"Organization\",\"@id\":\"https:\/\/www.tape-design.com\/#organization\",\"name\":\"TAPEDESIGN\",\"url\":\"https:\/\/www.tape-design.com\/\",\"logo\":{\"@type\":\"ImageObject\",\"inLanguage\":\"it-IT\",\"@id\":\"https:\/\/www.tape-design.com\/#\/schema\/logo\/image\/\",\"url\":\"https:\/\/www.tape-design.com\/app\/uploads\/2020\/11\/Logosmall.png\",\"contentUrl\":\"https:\/\/www.tape-design.com\/app\/uploads\/2020\/11\/Logosmall.png\",\"width\":340,\"height\":156,\"caption\":\"TAPEDESIGN\"},\"image\":{\"@id\":\"https:\/\/www.tape-design.com\/#\/schema\/logo\/image\/\"},\"sameAs\":[\"https:\/\/www.facebook.com\/tapedesigncom\/\",\"https:\/\/www.instagram.com\/tapedesign_socks\/?hl=de\"]}]}<\/script>","yoast_head_json":{"title":"Double Pack: \u201cSUPERLIGHT\u201d Socks - TAPEDESIGN","robots":{"index":"index","follow":"follow","max-snippet":"max-snippet:-1","max-image-preview":"max-image-preview:large","max-video-preview":"max-video-preview:-1"},"canonical":"https:\/\/www.tape-design.com\/it\/prodotto\/double-pack-superlight-socks\/","og_locale":"it_IT","og_type":"article","og_title":"Double Pack: \u201cSUPERLIGHT\u201d Socks - TAPEDESIGN","og_description":"Le nuove calze TAPEDESIGN \u201cSUPERLIGHT\u201d colpiscono per il tessuto ultra sottile \u2013 estremamente leggere e molto comode da indossare.Sia nello sport professionale che amatoriale \u2013 sempre un passo avanti! Questa&hellip;","og_url":"https:\/\/www.tape-design.com\/it\/prodotto\/double-pack-superlight-socks\/","og_site_name":"TAPEDESIGN","article_publisher":"https:\/\/www.facebook.com\/tapedesigncom\/","article_modified_time":"2026-03-03T12:14:11+00:00","og_image":[{"width":1080,"height":1080,"url":"https:\/\/www.tape-design.com\/app\/uploads\/2025\/06\/2025_TD_PRODUCT_IMG_SUPERLIGHT_DOPPELPACK_WHITE.jpg","type":"image\/jpeg"}],"twitter_card":"summary_large_image","twitter_misc":{"Tempo di lettura stimato":"1 minuto"},"schema":{"@context":"https:\/\/schema.org","@graph":[{"@type":"WebPage","@id":"https:\/\/www.tape-design.com\/it\/prodotto\/double-pack-superlight-socks\/","url":"https:\/\/www.tape-design.com\/it\/prodotto\/double-pack-superlight-socks\/","name":"Double Pack: \u201cSUPERLIGHT\u201d Socks - TAPEDESIGN","isPartOf":{"@id":"https:\/\/www.tape-design.com\/#website"},"primaryImageOfPage":{"@id":"https:\/\/www.tape-design.com\/it\/prodotto\/double-pack-superlight-socks\/#primaryimage"},"image":{"@id":"https:\/\/www.tape-design.com\/it\/prodotto\/double-pack-superlight-socks\/#primaryimage"},"thumbnailUrl":"https:\/\/www.tape-design.com\/app\/uploads\/2025\/06\/2025_TD_PRODUCT_IMG_SUPERLIGHT_DOPPELPACK_WHITE.jpg","datePublished":"2025-06-25T15:21:49+00:00","dateModified":"2026-03-03T12:14:11+00:00","breadcrumb":{"@id":"https:\/\/www.tape-design.com\/it\/prodotto\/double-pack-superlight-socks\/#breadcrumb"},"inLanguage":"it-IT","potentialAction":[{"@type":"ReadAction","target":["https:\/\/www.tape-design.com\/it\/prodotto\/double-pack-superlight-socks\/"]}]},{"@type":"ImageObject","inLanguage":"it-IT","@id":"https:\/\/www.tape-design.com\/it\/prodotto\/double-pack-superlight-socks\/#primaryimage","url":"https:\/\/www.tape-design.com\/app\/uploads\/2025\/06\/2025_TD_PRODUCT_IMG_SUPERLIGHT_DOPPELPACK_WHITE.jpg","contentUrl":"https:\/\/www.tape-design.com\/app\/uploads\/2025\/06\/2025_TD_PRODUCT_IMG_SUPERLIGHT_DOPPELPACK_WHITE.jpg","width":1080,"height":1080},{"@type":"BreadcrumbList","@id":"https:\/\/www.tape-design.com\/it\/prodotto\/double-pack-superlight-socks\/#breadcrumb","itemListElement":[{"@type":"ListItem","position":1,"name":"Home","item":"https:\/\/www.tape-design.com\/it\/"},{"@type":"ListItem","position":2,"name":"Shop","item":"https:\/\/www.tape-design.com\/it\/shop\/"},{"@type":"ListItem","position":3,"name":"Double Pack: \u201cSUPERLIGHT\u201d Socks"}]},{"@type":"WebSite","@id":"https:\/\/www.tape-design.com\/#website","url":"https:\/\/www.tape-design.com\/","name":"TAPEDESIGN","description":"Always a step ahead","publisher":{"@id":"https:\/\/www.tape-design.com\/#organization"},"potentialAction":[{"@type":"SearchAction","target":{"@type":"EntryPoint","urlTemplate":"https:\/\/www.tape-design.com\/?s={search_term_string}"},"query-input":{"@type":"PropertyValueSpecification","valueRequired":true,"valueName":"search_term_string"}}],"inLanguage":"it-IT"},{"@type":"Organization","@id":"https:\/\/www.tape-design.com\/#organization","name":"TAPEDESIGN","url":"https:\/\/www.tape-design.com\/","logo":{"@type":"ImageObject","inLanguage":"it-IT","@id":"https:\/\/www.tape-design.com\/#\/schema\/logo\/image\/","url":"https:\/\/www.tape-design.com\/app\/uploads\/2020\/11\/Logosmall.png","contentUrl":"https:\/\/www.tape-design.com\/app\/uploads\/2020\/11\/Logosmall.png","width":340,"height":156,"caption":"TAPEDESIGN"},"image":{"@id":"https:\/\/www.tape-design.com\/#\/schema\/logo\/image\/"},"sameAs":["https:\/\/www.facebook.com\/tapedesigncom\/","https:\/\/www.instagram.com\/tapedesign_socks\/?hl=de"]}]}},"_links":{"self":[{"href":"https:\/\/www.tape-design.com\/it\/wp-json\/wp\/v2\/product\/134920","targetHints":{"allow":["GET"]}}],"collection":[{"href":"https:\/\/www.tape-design.com\/it\/wp-json\/wp\/v2\/product"}],"about":[{"href":"https:\/\/www.tape-design.com\/it\/wp-json\/wp\/v2\/types\/product"}],"wp:featuredmedia":[{"embeddable":true,"href":"https:\/\/www.tape-design.com\/it\/wp-json\/wp\/v2\/media\/130286"}],"wp:attachment":[{"href":"https:\/\/www.tape-design.com\/it\/wp-json\/wp\/v2\/media?parent=134920"}],"wp:term":[{"taxonomy":"product_cat","embeddable":true,"href":"https:\/\/www.tape-design.com\/it\/wp-json\/wp\/v2\/product_cat?post=134920"},{"taxonomy":"product_tag","embeddable":true,"href":"https:\/\/www.tape-design.com\/it\/wp-json\/wp\/v2\/product_tag?post=134920"},{"taxonomy":"giftcard-category","embeddable":true,"href":"https:\/\/www.tape-design.com\/it\/wp-json\/wp\/v2\/giftcard-category?post=134920"}],"curies":[{"name":"wp","href":"https:\/\/api.w.org\/{rel}","templated":true}]}}