{"id":15453,"date":"2020-11-05T09:08:42","date_gmt":"2020-11-05T08:08:42","guid":{"rendered":"http:\/\/tapedesign.sw763nap.at.edis.global\/product\/calzini-allround-lunghi\/"},"modified":"2026-01-15T14:30:16","modified_gmt":"2026-01-15T13:30:16","slug":"calzini-allround-lunghi","status":"publish","type":"product","link":"https:\/\/www.tape-design.com\/it\/prodotto\/calzini-allround-lunghi\/","title":{"rendered":"Calzini Allround &#8220;Lunghi 1.0&#8221;"},"content":{"rendered":"<p><strong>La calza \u201cLong\u201d antiscivolo a tutto tondo colpisce per il massimo comfort e la tenuta ottimale nella scarpa. Nel calcio, questa tecnologia \u00e8 gi\u00e0 indispensabile per molti atleti.<\/strong><\/p>\n<p>Come gi\u00e0 noto dal prodotto originale \u201cClassic\u201d, si tratta di una calza lunga, inseribile singolarmente, che offre una maggiore sensazione e una tenuta stabile nella scarpa grazie a dei tasselli in gomma appositamente posizionati all\u2019esterno. Anche la compressione di questo prodotto ha trovato una risonanza folle in tutta brevit\u00e0.<\/p>\n<ul>\n<li>UNA dimensione (dimensioni 37 \u2013 48) grazie alla speciale lavorazione del materiale di altissima qualit\u00e0.<\/li>\n<li>speciali tasselli in gomma posizionati all\u2019esterno a forma di piede ergonomico per una presa perfetta nella scarpa<\/li>\n<li>il massimo comfort grazie ad una lavorazione di alta qualit\u00e0<\/li>\n<li>Testato da atleti professionisti e amatoriali in tutti i tipi di sport (es. corsa, calcio, basket, tennis, ecc.) e considerato eccellente.<\/li>\n<li>pu\u00f2 essere utilizzato per tutti gli sport in cui sono necessari cambi di direzione e movimenti di rotazione<\/li>\n<\/ul>\n<p>Senti la differenza!<\/p>\n<p>Composizione: 55% cotone, 35% nylon, 7% elastan, 3% poliestere<\/p>\n","protected":false},"excerpt":{"rendered":"<p>La calza \u201cLong\u201d antiscivolo a tutto tondo colpisce per il massimo comfort e la tenuta ottimale nella scarpa. Nel calcio, questa tecnologia \u00e8 gi\u00e0 indispensabile per molti atleti. Come gi\u00e0&hellip;<\/p>\n","protected":false},"featured_media":248,"template":"","meta":{"_acf_changed":false},"product_cat":[1366],"product_tag":[],"giftcard-category":[],"class_list":{"0":"post-15453","1":"product","2":"type-product","3":"status-publish","4":"has-post-thumbnail","6":"product_cat-outlet-it","7":"product_shipping_class-standard-it","9":"first","10":"instock","11":"sale","12":"taxable","13":"shipping-taxable","14":"purchasable","15":"product-type-variable","16":"has-default-attributes"},"bundled_by":["129740","129740","129740"],"bundle_stock_status":"instock","bundle_stock_quantity":null,"bundle_virtual":false,"bundle_layout":"","bundle_add_to_cart_form_location":"","bundle_editable_in_cart":false,"bundle_sold_individually_context":"","bundle_item_grouping":"","bundle_min_size":"","bundle_max_size":"","bundle_price":[],"bundled_items":[],"bundle_sell_ids":[],"exclude_global_add_ons":[],"addons":[],"acf":[],"yoast_head":"<title>Calzini Allround &quot;Lunghi 1.0&quot; - TAPEDESIGN<\/title>\n<meta name=\"robots\" content=\"index, follow, max-snippet:-1, max-image-preview:large, max-video-preview:-1\" \/>\n<link rel=\"canonical\" href=\"https:\/\/www.tape-design.com\/it\/prodotto\/calzini-allround-lunghi\/\" \/>\n<meta property=\"og:locale\" content=\"it_IT\" \/>\n<meta property=\"og:type\" content=\"article\" \/>\n<meta property=\"og:title\" content=\"Calzini Allround &quot;Lunghi 1.0&quot; - TAPEDESIGN\" \/>\n<meta property=\"og:description\" content=\"La calza \u201cLong\u201d antiscivolo a tutto tondo colpisce per il massimo comfort e la tenuta ottimale nella scarpa. Nel calcio, questa tecnologia \u00e8 gi\u00e0 indispensabile per molti atleti. Come gi\u00e0&hellip;\" \/>\n<meta property=\"og:url\" content=\"https:\/\/www.tape-design.com\/it\/prodotto\/calzini-allround-lunghi\/\" \/>\n<meta property=\"og:site_name\" content=\"TAPEDESIGN\" \/>\n<meta property=\"article:publisher\" content=\"https:\/\/www.facebook.com\/tapedesigncom\/\" \/>\n<meta property=\"article:modified_time\" content=\"2026-01-15T13:30:16+00:00\" \/>\n<meta property=\"og:image\" content=\"https:\/\/www.tape-design.com\/app\/uploads\/2020\/11\/long.jpg\" \/>\n\t<meta property=\"og:image:width\" content=\"2500\" \/>\n\t<meta property=\"og:image:height\" content=\"2500\" \/>\n\t<meta property=\"og:image:type\" content=\"image\/jpeg\" \/>\n<meta name=\"twitter:card\" content=\"summary_large_image\" \/>\n<meta name=\"twitter:label1\" content=\"Tempo di lettura stimato\" \/>\n\t<meta name=\"twitter:data1\" content=\"1 minuto\" \/>\n<script type=\"application\/ld+json\" class=\"yoast-schema-graph\">{\"@context\":\"https:\/\/schema.org\",\"@graph\":[{\"@type\":\"WebPage\",\"@id\":\"https:\/\/www.tape-design.com\/it\/prodotto\/calzini-allround-lunghi\/\",\"url\":\"https:\/\/www.tape-design.com\/it\/prodotto\/calzini-allround-lunghi\/\",\"name\":\"Calzini Allround \\\"Lunghi 1.0\\\" - TAPEDESIGN\",\"isPartOf\":{\"@id\":\"https:\/\/www.tape-design.com\/#website\"},\"primaryImageOfPage\":{\"@id\":\"https:\/\/www.tape-design.com\/it\/prodotto\/calzini-allround-lunghi\/#primaryimage\"},\"image\":{\"@id\":\"https:\/\/www.tape-design.com\/it\/prodotto\/calzini-allround-lunghi\/#primaryimage\"},\"thumbnailUrl\":\"https:\/\/www.tape-design.com\/app\/uploads\/2020\/11\/long.jpg\",\"datePublished\":\"2020-11-05T08:08:42+00:00\",\"dateModified\":\"2026-01-15T13:30:16+00:00\",\"breadcrumb\":{\"@id\":\"https:\/\/www.tape-design.com\/it\/prodotto\/calzini-allround-lunghi\/#breadcrumb\"},\"inLanguage\":\"it-IT\",\"potentialAction\":[{\"@type\":\"ReadAction\",\"target\":[\"https:\/\/www.tape-design.com\/it\/prodotto\/calzini-allround-lunghi\/\"]}]},{\"@type\":\"ImageObject\",\"inLanguage\":\"it-IT\",\"@id\":\"https:\/\/www.tape-design.com\/it\/prodotto\/calzini-allround-lunghi\/#primaryimage\",\"url\":\"https:\/\/www.tape-design.com\/app\/uploads\/2020\/11\/long.jpg\",\"contentUrl\":\"https:\/\/www.tape-design.com\/app\/uploads\/2020\/11\/long.jpg\",\"width\":2500,\"height\":2500},{\"@type\":\"BreadcrumbList\",\"@id\":\"https:\/\/www.tape-design.com\/it\/prodotto\/calzini-allround-lunghi\/#breadcrumb\",\"itemListElement\":[{\"@type\":\"ListItem\",\"position\":1,\"name\":\"Home\",\"item\":\"https:\/\/www.tape-design.com\/it\/\"},{\"@type\":\"ListItem\",\"position\":2,\"name\":\"Shop\",\"item\":\"https:\/\/www.tape-design.com\/it\/shop\/\"},{\"@type\":\"ListItem\",\"position\":3,\"name\":\"Calzini Allround &#8220;Lunghi 1.0&#8221;\"}]},{\"@type\":\"WebSite\",\"@id\":\"https:\/\/www.tape-design.com\/#website\",\"url\":\"https:\/\/www.tape-design.com\/\",\"name\":\"TAPEDESIGN\",\"description\":\"Always a step ahead\",\"publisher\":{\"@id\":\"https:\/\/www.tape-design.com\/#organization\"},\"potentialAction\":[{\"@type\":\"SearchAction\",\"target\":{\"@type\":\"EntryPoint\",\"urlTemplate\":\"https:\/\/www.tape-design.com\/?s={search_term_string}\"},\"query-input\":{\"@type\":\"PropertyValueSpecification\",\"valueRequired\":true,\"valueName\":\"search_term_string\"}}],\"inLanguage\":\"it-IT\"},{\"@type\":\"Organization\",\"@id\":\"https:\/\/www.tape-design.com\/#organization\",\"name\":\"TAPEDESIGN\",\"url\":\"https:\/\/www.tape-design.com\/\",\"logo\":{\"@type\":\"ImageObject\",\"inLanguage\":\"it-IT\",\"@id\":\"https:\/\/www.tape-design.com\/#\/schema\/logo\/image\/\",\"url\":\"https:\/\/www.tape-design.com\/app\/uploads\/2020\/11\/Logosmall.png\",\"contentUrl\":\"https:\/\/www.tape-design.com\/app\/uploads\/2020\/11\/Logosmall.png\",\"width\":340,\"height\":156,\"caption\":\"TAPEDESIGN\"},\"image\":{\"@id\":\"https:\/\/www.tape-design.com\/#\/schema\/logo\/image\/\"},\"sameAs\":[\"https:\/\/www.facebook.com\/tapedesigncom\/\",\"https:\/\/www.instagram.com\/tapedesign_socks\/?hl=de\"]}]}<\/script>","yoast_head_json":{"title":"Calzini Allround \"Lunghi 1.0\" - TAPEDESIGN","robots":{"index":"index","follow":"follow","max-snippet":"max-snippet:-1","max-image-preview":"max-image-preview:large","max-video-preview":"max-video-preview:-1"},"canonical":"https:\/\/www.tape-design.com\/it\/prodotto\/calzini-allround-lunghi\/","og_locale":"it_IT","og_type":"article","og_title":"Calzini Allround \"Lunghi 1.0\" - TAPEDESIGN","og_description":"La calza \u201cLong\u201d antiscivolo a tutto tondo colpisce per il massimo comfort e la tenuta ottimale nella scarpa. Nel calcio, questa tecnologia \u00e8 gi\u00e0 indispensabile per molti atleti. Come gi\u00e0&hellip;","og_url":"https:\/\/www.tape-design.com\/it\/prodotto\/calzini-allround-lunghi\/","og_site_name":"TAPEDESIGN","article_publisher":"https:\/\/www.facebook.com\/tapedesigncom\/","article_modified_time":"2026-01-15T13:30:16+00:00","og_image":[{"width":2500,"height":2500,"url":"https:\/\/www.tape-design.com\/app\/uploads\/2020\/11\/long.jpg","type":"image\/jpeg"}],"twitter_card":"summary_large_image","twitter_misc":{"Tempo di lettura stimato":"1 minuto"},"schema":{"@context":"https:\/\/schema.org","@graph":[{"@type":"WebPage","@id":"https:\/\/www.tape-design.com\/it\/prodotto\/calzini-allround-lunghi\/","url":"https:\/\/www.tape-design.com\/it\/prodotto\/calzini-allround-lunghi\/","name":"Calzini Allround \"Lunghi 1.0\" - TAPEDESIGN","isPartOf":{"@id":"https:\/\/www.tape-design.com\/#website"},"primaryImageOfPage":{"@id":"https:\/\/www.tape-design.com\/it\/prodotto\/calzini-allround-lunghi\/#primaryimage"},"image":{"@id":"https:\/\/www.tape-design.com\/it\/prodotto\/calzini-allround-lunghi\/#primaryimage"},"thumbnailUrl":"https:\/\/www.tape-design.com\/app\/uploads\/2020\/11\/long.jpg","datePublished":"2020-11-05T08:08:42+00:00","dateModified":"2026-01-15T13:30:16+00:00","breadcrumb":{"@id":"https:\/\/www.tape-design.com\/it\/prodotto\/calzini-allround-lunghi\/#breadcrumb"},"inLanguage":"it-IT","potentialAction":[{"@type":"ReadAction","target":["https:\/\/www.tape-design.com\/it\/prodotto\/calzini-allround-lunghi\/"]}]},{"@type":"ImageObject","inLanguage":"it-IT","@id":"https:\/\/www.tape-design.com\/it\/prodotto\/calzini-allround-lunghi\/#primaryimage","url":"https:\/\/www.tape-design.com\/app\/uploads\/2020\/11\/long.jpg","contentUrl":"https:\/\/www.tape-design.com\/app\/uploads\/2020\/11\/long.jpg","width":2500,"height":2500},{"@type":"BreadcrumbList","@id":"https:\/\/www.tape-design.com\/it\/prodotto\/calzini-allround-lunghi\/#breadcrumb","itemListElement":[{"@type":"ListItem","position":1,"name":"Home","item":"https:\/\/www.tape-design.com\/it\/"},{"@type":"ListItem","position":2,"name":"Shop","item":"https:\/\/www.tape-design.com\/it\/shop\/"},{"@type":"ListItem","position":3,"name":"Calzini Allround &#8220;Lunghi 1.0&#8221;"}]},{"@type":"WebSite","@id":"https:\/\/www.tape-design.com\/#website","url":"https:\/\/www.tape-design.com\/","name":"TAPEDESIGN","description":"Always a step ahead","publisher":{"@id":"https:\/\/www.tape-design.com\/#organization"},"potentialAction":[{"@type":"SearchAction","target":{"@type":"EntryPoint","urlTemplate":"https:\/\/www.tape-design.com\/?s={search_term_string}"},"query-input":{"@type":"PropertyValueSpecification","valueRequired":true,"valueName":"search_term_string"}}],"inLanguage":"it-IT"},{"@type":"Organization","@id":"https:\/\/www.tape-design.com\/#organization","name":"TAPEDESIGN","url":"https:\/\/www.tape-design.com\/","logo":{"@type":"ImageObject","inLanguage":"it-IT","@id":"https:\/\/www.tape-design.com\/#\/schema\/logo\/image\/","url":"https:\/\/www.tape-design.com\/app\/uploads\/2020\/11\/Logosmall.png","contentUrl":"https:\/\/www.tape-design.com\/app\/uploads\/2020\/11\/Logosmall.png","width":340,"height":156,"caption":"TAPEDESIGN"},"image":{"@id":"https:\/\/www.tape-design.com\/#\/schema\/logo\/image\/"},"sameAs":["https:\/\/www.facebook.com\/tapedesigncom\/","https:\/\/www.instagram.com\/tapedesign_socks\/?hl=de"]}]}},"_links":{"self":[{"href":"https:\/\/www.tape-design.com\/it\/wp-json\/wp\/v2\/product\/15453","targetHints":{"allow":["GET"]}}],"collection":[{"href":"https:\/\/www.tape-design.com\/it\/wp-json\/wp\/v2\/product"}],"about":[{"href":"https:\/\/www.tape-design.com\/it\/wp-json\/wp\/v2\/types\/product"}],"wp:featuredmedia":[{"embeddable":true,"href":"https:\/\/www.tape-design.com\/it\/wp-json\/wp\/v2\/media\/248"}],"wp:attachment":[{"href":"https:\/\/www.tape-design.com\/it\/wp-json\/wp\/v2\/media?parent=15453"}],"wp:term":[{"taxonomy":"product_cat","embeddable":true,"href":"https:\/\/www.tape-design.com\/it\/wp-json\/wp\/v2\/product_cat?post=15453"},{"taxonomy":"product_tag","embeddable":true,"href":"https:\/\/www.tape-design.com\/it\/wp-json\/wp\/v2\/product_tag?post=15453"},{"taxonomy":"giftcard-category","embeddable":true,"href":"https:\/\/www.tape-design.com\/it\/wp-json\/wp\/v2\/giftcard-category?post=15453"}],"curies":[{"name":"wp","href":"https:\/\/api.w.org\/{rel}","templated":true}]}}