{"id":4785,"date":"2020-11-05T09:08:42","date_gmt":"2020-11-11T10:36:57","guid":{"rendered":"http:\/\/tapedesign.sw763nap.at.edis.global\/product\/import-placeholder-for-93099\/"},"modified":"2026-01-15T14:51:57","modified_gmt":"2026-01-15T13:51:57","slug":"calzini-allround-corti","status":"publish","type":"product","link":"https:\/\/www.tape-design.com\/it\/prodotto\/calzini-allround-corti\/","title":{"rendered":"Calzini Allround Corti"},"content":{"rendered":"<p><strong>La calza &#8220;corta&#8221; antiscivolo a tutto tondo colpisce per la sua funzionalit\u00e0 e per il massimo comfort di calzata. Nel campo del calcio, questa tecnologia \u00e8 gi\u00e0 indispensabile per molti atleti.<\/strong><\/p>\n<p>Come gi\u00e0 noto dal prodotto originale &#8220;Classic&#8221;, si tratta di una calza corta, inseribile singolarmente, con speciali tasselli in gomma posizionati all&#8217;esterno per una maggiore sensibilit\u00e0 e una presa stabile nella scarpa.<\/p>\n<ul>\n<li>Taglia unica (dimensioni 37 &#8211; 48) grazie alla speciale lavorazione del materiale di altissima qualit\u00e0.<\/li>\n<li>speciali tasselli in gomma posizionati all&#8217;esterno a forma di piede ergonomico per una presa perfetta nella scarpa<\/li>\n<li>il massimo comfort grazie ad una lavorazione di alta qualit\u00e0<\/li>\n<li>Testato da atleti professionisti e amatoriali in tutti i tipi di sport (es. corsa, camminata, fitness, tennis, ecc.) e trovato per essere eccellente.<\/li>\n<li>pu\u00f2 essere utilizzato per tutti gli sport in cui sono necessari cambi di direzione e movimenti di rotazione<\/li>\n<\/ul>\n<p>Senti la differenza!<\/p>\n<p>Composizione: 55% cotone, 35% nylon, 7% elastan, 3% poliestere<\/p>\n","protected":false},"excerpt":{"rendered":"<p>La calza &#8220;corta&#8221; antiscivolo a tutto tondo colpisce per la sua funzionalit\u00e0 e per il massimo comfort di calzata. Nel campo del calcio, questa tecnologia \u00e8 gi\u00e0 indispensabile per molti&hellip;<\/p>\n","protected":false},"featured_media":74334,"template":"","meta":{"_acf_changed":false},"product_cat":[1378,1303,1374],"product_tag":[],"giftcard-category":[],"class_list":{"0":"post-4785","1":"product","2":"type-product","3":"status-publish","4":"has-post-thumbnail","6":"product_cat-calzini-it","7":"product_cat-tutti","8":"product_cat-calzini-corti-it","10":"first","11":"instock","12":"taxable","13":"shipping-taxable","14":"purchasable","15":"product-type-variable","16":"has-default-attributes"},"bundled_by":["126639","126639"],"bundle_stock_status":"instock","bundle_stock_quantity":null,"bundle_virtual":false,"bundle_layout":"","bundle_add_to_cart_form_location":"","bundle_editable_in_cart":false,"bundle_sold_individually_context":"","bundle_item_grouping":"","bundle_min_size":"","bundle_max_size":"","bundle_price":[],"bundled_items":[],"bundle_sell_ids":[],"exclude_global_add_ons":[],"addons":[],"acf":[],"yoast_head":"<title>Calzini Allround Corti - TAPEDESIGN<\/title>\n<meta name=\"robots\" content=\"index, follow, max-snippet:-1, max-image-preview:large, max-video-preview:-1\" \/>\n<link rel=\"canonical\" href=\"https:\/\/www.tape-design.com\/it\/prodotto\/calzini-allround-corti\/\" \/>\n<meta property=\"og:locale\" content=\"it_IT\" \/>\n<meta property=\"og:type\" content=\"article\" \/>\n<meta property=\"og:title\" content=\"Calzini Allround Corti - TAPEDESIGN\" \/>\n<meta property=\"og:description\" content=\"La calza &#8220;corta&#8221; antiscivolo a tutto tondo colpisce per la sua funzionalit\u00e0 e per il massimo comfort di calzata. Nel campo del calcio, questa tecnologia \u00e8 gi\u00e0 indispensabile per molti&hellip;\" \/>\n<meta property=\"og:url\" content=\"https:\/\/www.tape-design.com\/it\/prodotto\/calzini-allround-corti\/\" \/>\n<meta property=\"og:site_name\" content=\"TAPEDESIGN\" \/>\n<meta property=\"article:publisher\" content=\"https:\/\/www.facebook.com\/tapedesigncom\/\" \/>\n<meta property=\"article:modified_time\" content=\"2026-01-15T13:51:57+00:00\" \/>\n<meta property=\"og:image\" content=\"https:\/\/www.tape-design.com\/app\/uploads\/2020\/11\/TD_CRM_2023_TAPEDESIGN_SHORT_SOCKS_NEW_2023.jpg\" \/>\n\t<meta property=\"og:image:width\" content=\"1080\" \/>\n\t<meta property=\"og:image:height\" content=\"1080\" \/>\n\t<meta property=\"og:image:type\" content=\"image\/jpeg\" \/>\n<meta name=\"twitter:card\" content=\"summary_large_image\" \/>\n<meta name=\"twitter:label1\" content=\"Tempo di lettura stimato\" \/>\n\t<meta name=\"twitter:data1\" content=\"1 minuto\" \/>\n<script type=\"application\/ld+json\" class=\"yoast-schema-graph\">{\"@context\":\"https:\/\/schema.org\",\"@graph\":[{\"@type\":\"WebPage\",\"@id\":\"https:\/\/www.tape-design.com\/it\/prodotto\/calzini-allround-corti\/\",\"url\":\"https:\/\/www.tape-design.com\/it\/prodotto\/calzini-allround-corti\/\",\"name\":\"Calzini Allround Corti - TAPEDESIGN\",\"isPartOf\":{\"@id\":\"https:\/\/www.tape-design.com\/#website\"},\"primaryImageOfPage\":{\"@id\":\"https:\/\/www.tape-design.com\/it\/prodotto\/calzini-allround-corti\/#primaryimage\"},\"image\":{\"@id\":\"https:\/\/www.tape-design.com\/it\/prodotto\/calzini-allround-corti\/#primaryimage\"},\"thumbnailUrl\":\"https:\/\/www.tape-design.com\/app\/uploads\/2020\/11\/TD_CRM_2023_TAPEDESIGN_SHORT_SOCKS_NEW_2023.jpg\",\"datePublished\":\"2020-11-11T10:36:57+00:00\",\"dateModified\":\"2026-01-15T13:51:57+00:00\",\"breadcrumb\":{\"@id\":\"https:\/\/www.tape-design.com\/it\/prodotto\/calzini-allround-corti\/#breadcrumb\"},\"inLanguage\":\"it-IT\",\"potentialAction\":[{\"@type\":\"ReadAction\",\"target\":[\"https:\/\/www.tape-design.com\/it\/prodotto\/calzini-allround-corti\/\"]}]},{\"@type\":\"ImageObject\",\"inLanguage\":\"it-IT\",\"@id\":\"https:\/\/www.tape-design.com\/it\/prodotto\/calzini-allround-corti\/#primaryimage\",\"url\":\"https:\/\/www.tape-design.com\/app\/uploads\/2020\/11\/TD_CRM_2023_TAPEDESIGN_SHORT_SOCKS_NEW_2023.jpg\",\"contentUrl\":\"https:\/\/www.tape-design.com\/app\/uploads\/2020\/11\/TD_CRM_2023_TAPEDESIGN_SHORT_SOCKS_NEW_2023.jpg\",\"width\":1080,\"height\":1080},{\"@type\":\"BreadcrumbList\",\"@id\":\"https:\/\/www.tape-design.com\/it\/prodotto\/calzini-allround-corti\/#breadcrumb\",\"itemListElement\":[{\"@type\":\"ListItem\",\"position\":1,\"name\":\"Home\",\"item\":\"https:\/\/www.tape-design.com\/it\/\"},{\"@type\":\"ListItem\",\"position\":2,\"name\":\"Shop\",\"item\":\"https:\/\/www.tape-design.com\/it\/shop\/\"},{\"@type\":\"ListItem\",\"position\":3,\"name\":\"Calzini Allround Corti\"}]},{\"@type\":\"WebSite\",\"@id\":\"https:\/\/www.tape-design.com\/#website\",\"url\":\"https:\/\/www.tape-design.com\/\",\"name\":\"TAPEDESIGN\",\"description\":\"Always a step ahead\",\"publisher\":{\"@id\":\"https:\/\/www.tape-design.com\/#organization\"},\"potentialAction\":[{\"@type\":\"SearchAction\",\"target\":{\"@type\":\"EntryPoint\",\"urlTemplate\":\"https:\/\/www.tape-design.com\/?s={search_term_string}\"},\"query-input\":{\"@type\":\"PropertyValueSpecification\",\"valueRequired\":true,\"valueName\":\"search_term_string\"}}],\"inLanguage\":\"it-IT\"},{\"@type\":\"Organization\",\"@id\":\"https:\/\/www.tape-design.com\/#organization\",\"name\":\"TAPEDESIGN\",\"url\":\"https:\/\/www.tape-design.com\/\",\"logo\":{\"@type\":\"ImageObject\",\"inLanguage\":\"it-IT\",\"@id\":\"https:\/\/www.tape-design.com\/#\/schema\/logo\/image\/\",\"url\":\"https:\/\/www.tape-design.com\/app\/uploads\/2020\/11\/Logosmall.png\",\"contentUrl\":\"https:\/\/www.tape-design.com\/app\/uploads\/2020\/11\/Logosmall.png\",\"width\":340,\"height\":156,\"caption\":\"TAPEDESIGN\"},\"image\":{\"@id\":\"https:\/\/www.tape-design.com\/#\/schema\/logo\/image\/\"},\"sameAs\":[\"https:\/\/www.facebook.com\/tapedesigncom\/\",\"https:\/\/www.instagram.com\/tapedesign_socks\/?hl=de\"]}]}<\/script>","yoast_head_json":{"title":"Calzini Allround Corti - TAPEDESIGN","robots":{"index":"index","follow":"follow","max-snippet":"max-snippet:-1","max-image-preview":"max-image-preview:large","max-video-preview":"max-video-preview:-1"},"canonical":"https:\/\/www.tape-design.com\/it\/prodotto\/calzini-allround-corti\/","og_locale":"it_IT","og_type":"article","og_title":"Calzini Allround Corti - TAPEDESIGN","og_description":"La calza &#8220;corta&#8221; antiscivolo a tutto tondo colpisce per la sua funzionalit\u00e0 e per il massimo comfort di calzata. Nel campo del calcio, questa tecnologia \u00e8 gi\u00e0 indispensabile per molti&hellip;","og_url":"https:\/\/www.tape-design.com\/it\/prodotto\/calzini-allround-corti\/","og_site_name":"TAPEDESIGN","article_publisher":"https:\/\/www.facebook.com\/tapedesigncom\/","article_modified_time":"2026-01-15T13:51:57+00:00","og_image":[{"width":1080,"height":1080,"url":"https:\/\/www.tape-design.com\/app\/uploads\/2020\/11\/TD_CRM_2023_TAPEDESIGN_SHORT_SOCKS_NEW_2023.jpg","type":"image\/jpeg"}],"twitter_card":"summary_large_image","twitter_misc":{"Tempo di lettura stimato":"1 minuto"},"schema":{"@context":"https:\/\/schema.org","@graph":[{"@type":"WebPage","@id":"https:\/\/www.tape-design.com\/it\/prodotto\/calzini-allround-corti\/","url":"https:\/\/www.tape-design.com\/it\/prodotto\/calzini-allround-corti\/","name":"Calzini Allround Corti - TAPEDESIGN","isPartOf":{"@id":"https:\/\/www.tape-design.com\/#website"},"primaryImageOfPage":{"@id":"https:\/\/www.tape-design.com\/it\/prodotto\/calzini-allround-corti\/#primaryimage"},"image":{"@id":"https:\/\/www.tape-design.com\/it\/prodotto\/calzini-allround-corti\/#primaryimage"},"thumbnailUrl":"https:\/\/www.tape-design.com\/app\/uploads\/2020\/11\/TD_CRM_2023_TAPEDESIGN_SHORT_SOCKS_NEW_2023.jpg","datePublished":"2020-11-11T10:36:57+00:00","dateModified":"2026-01-15T13:51:57+00:00","breadcrumb":{"@id":"https:\/\/www.tape-design.com\/it\/prodotto\/calzini-allround-corti\/#breadcrumb"},"inLanguage":"it-IT","potentialAction":[{"@type":"ReadAction","target":["https:\/\/www.tape-design.com\/it\/prodotto\/calzini-allround-corti\/"]}]},{"@type":"ImageObject","inLanguage":"it-IT","@id":"https:\/\/www.tape-design.com\/it\/prodotto\/calzini-allround-corti\/#primaryimage","url":"https:\/\/www.tape-design.com\/app\/uploads\/2020\/11\/TD_CRM_2023_TAPEDESIGN_SHORT_SOCKS_NEW_2023.jpg","contentUrl":"https:\/\/www.tape-design.com\/app\/uploads\/2020\/11\/TD_CRM_2023_TAPEDESIGN_SHORT_SOCKS_NEW_2023.jpg","width":1080,"height":1080},{"@type":"BreadcrumbList","@id":"https:\/\/www.tape-design.com\/it\/prodotto\/calzini-allround-corti\/#breadcrumb","itemListElement":[{"@type":"ListItem","position":1,"name":"Home","item":"https:\/\/www.tape-design.com\/it\/"},{"@type":"ListItem","position":2,"name":"Shop","item":"https:\/\/www.tape-design.com\/it\/shop\/"},{"@type":"ListItem","position":3,"name":"Calzini Allround Corti"}]},{"@type":"WebSite","@id":"https:\/\/www.tape-design.com\/#website","url":"https:\/\/www.tape-design.com\/","name":"TAPEDESIGN","description":"Always a step ahead","publisher":{"@id":"https:\/\/www.tape-design.com\/#organization"},"potentialAction":[{"@type":"SearchAction","target":{"@type":"EntryPoint","urlTemplate":"https:\/\/www.tape-design.com\/?s={search_term_string}"},"query-input":{"@type":"PropertyValueSpecification","valueRequired":true,"valueName":"search_term_string"}}],"inLanguage":"it-IT"},{"@type":"Organization","@id":"https:\/\/www.tape-design.com\/#organization","name":"TAPEDESIGN","url":"https:\/\/www.tape-design.com\/","logo":{"@type":"ImageObject","inLanguage":"it-IT","@id":"https:\/\/www.tape-design.com\/#\/schema\/logo\/image\/","url":"https:\/\/www.tape-design.com\/app\/uploads\/2020\/11\/Logosmall.png","contentUrl":"https:\/\/www.tape-design.com\/app\/uploads\/2020\/11\/Logosmall.png","width":340,"height":156,"caption":"TAPEDESIGN"},"image":{"@id":"https:\/\/www.tape-design.com\/#\/schema\/logo\/image\/"},"sameAs":["https:\/\/www.facebook.com\/tapedesigncom\/","https:\/\/www.instagram.com\/tapedesign_socks\/?hl=de"]}]}},"_links":{"self":[{"href":"https:\/\/www.tape-design.com\/it\/wp-json\/wp\/v2\/product\/4785","targetHints":{"allow":["GET"]}}],"collection":[{"href":"https:\/\/www.tape-design.com\/it\/wp-json\/wp\/v2\/product"}],"about":[{"href":"https:\/\/www.tape-design.com\/it\/wp-json\/wp\/v2\/types\/product"}],"wp:featuredmedia":[{"embeddable":true,"href":"https:\/\/www.tape-design.com\/it\/wp-json\/wp\/v2\/media\/74334"}],"wp:attachment":[{"href":"https:\/\/www.tape-design.com\/it\/wp-json\/wp\/v2\/media?parent=4785"}],"wp:term":[{"taxonomy":"product_cat","embeddable":true,"href":"https:\/\/www.tape-design.com\/it\/wp-json\/wp\/v2\/product_cat?post=4785"},{"taxonomy":"product_tag","embeddable":true,"href":"https:\/\/www.tape-design.com\/it\/wp-json\/wp\/v2\/product_tag?post=4785"},{"taxonomy":"giftcard-category","embeddable":true,"href":"https:\/\/www.tape-design.com\/it\/wp-json\/wp\/v2\/giftcard-category?post=4785"}],"curies":[{"name":"wp","href":"https:\/\/api.w.org\/{rel}","templated":true}]}}